{"id":6086,"date":"2022-05-28T14:20:46","date_gmt":"2022-05-28T06:20:46","guid":{"rendered":"https:\/\/sellersunionagent.com\/?post_type=product&#038;p=6086"},"modified":"2022-06-25T14:08:07","modified_gmt":"2022-06-25T06:08:07","slug":"al-por-mayor-bolsa-de-moda-para-la-cena-para-mantener-sus-alimentos-frescos","status":"publish","type":"product","link":"https:\/\/www.sellersunionagent.com\/es\/wholesale-fashionable-dinner-bag-for-keeping-your-food-fresh\/","title":{"rendered":"Bolsa de almuerzo de moda al por mayor para mantener su comida fresca"},"content":{"rendered":"<h2>Bolsa de almuerzo de moda al por mayor para mantener su comida fresca<\/h2>\n<p>Materiales duraderos: Este art\u00edculo se ha mejorado para utilizar algod\u00f3n grueso y material de lino con un forro sin costuras para mejorar la estanqueidad. Puede mantener la comida fr\u00eda, caliente y fresca durante mucho tiempo, impermeable y resistente al desgaste.<\/p>\n<p>&nbsp;<\/p>\n<p>Apelando a <span class=\"skip\"><a data-keyword=\"appearance\">apariencia: Este <\/a><\/span>bolsa de almuerzo de moda al por mayor tiene colores elegantes, se puede elegir el naranja vibrante, azul constante, o cl\u00e1sico blanco y negro. Por supuesto, tambi\u00e9n damos la bienvenida a la impresi\u00f3n personalizada como desee.<\/p>\n<p>&nbsp;<\/p>\n<p>Uso multifuncional: <span class=\"skip\"><a data-keyword=\"appearance\">Este<\/a><\/span> item puede contener fiambreras, fruta y bebidas al mismo tiempo, permiti\u00e9ndole disfrutar de comida caliente y bebidas fr\u00edas en la oficina, la escuela, picnics, viajes y acampadas. Dos tama\u00f1os a elegir, f\u00e1cil de transportar e ideal para salir.<\/p>\n<p>&nbsp;<\/p>\n<p><img fetchpriority=\"high\" decoding=\"async\" class=\"aligncenter wp-image-6098\" src=\"https:\/\/www.sellersunionagent.com\/wp-content\/uploads\/2022\/05\/fashionable-lunch-bag-1.jpg\" alt=\"Whosale bolsa de almuerzo de moda\" width=\"600\" height=\"600\" \/> <img decoding=\"async\" class=\"aligncenter wp-image-6102\" src=\"https:\/\/www.sellersunionagent.com\/wp-content\/uploads\/2022\/05\/fashionable-lunch-bag-3.jpg\" alt=\"Whosale bolsa de almuerzo de moda\" width=\"600\" height=\"600\" \/><\/p>\n<p>&nbsp;<\/p>\n<p><img decoding=\"async\" class=\"aligncenter wp-image-6103\" src=\"https:\/\/www.sellersunionagent.com\/wp-content\/uploads\/2022\/05\/fashionable-lunch-bag-4.jpg\" alt=\"Whosale bolsa de almuerzo de moda\" width=\"600\" height=\"600\" \/><img loading=\"lazy\" decoding=\"async\" class=\"aligncenter wp-image-6104\" src=\"https:\/\/www.sellersunionagent.com\/wp-content\/uploads\/2022\/05\/fashionable-lunch-bag-5.jpg\" alt=\"Whosale bolsa de almuerzo de moda\" width=\"600\" height=\"600\" \/><\/p>\n<p><img loading=\"lazy\" decoding=\"async\" class=\"aligncenter wp-image-6099\" src=\"https:\/\/www.sellersunionagent.com\/wp-content\/uploads\/2022\/05\/fashionable-lunch-bag-2.jpg\" alt=\"Whosale bolsa de almuerzo de moda\" width=\"600\" height=\"600\" \/><\/p>","protected":false},"excerpt":{"rendered":"<p><strong>Tipo<\/strong>: Bolsa de almuerzo de moda al por mayor<\/p>\n<p><strong>Tama\u00f1o del art\u00edculo<\/strong>: 24*24*16cm\/28*30*19cm<\/p>\n<p><strong>Peso del art\u00edculo<\/strong>: 100g\/130g<br \/>\n<strong>Capacidad de suministro<\/strong>: 50000 Piezas\/Piezas por Mes<br \/>\n<strong>MOQ<\/strong>: 100 piezas<\/p>\n<p>Como proveedor con m\u00e1s de 20 a\u00f1os de experiencia, nos comprometemos a ofrecerle productos de almacenamiento de alta calidad a precios competitivos. Exportamos productos de moda, de alta calidad y a buen precio, apoyamos la personalizaci\u00f3n OEM y ODM, y le ofrecemos un servicio profesional integral.<\/p>\n<p>&nbsp;<\/p>\n<p>&nbsp;<\/p>","protected":false},"featured_media":6105,"comment_status":"open","ping_status":"closed","template":"","meta":{"_acf_changed":false},"product_brand":[],"product_cat":[28],"product_tag":[43,42,41],"class_list":{"0":"post-6086","1":"product","2":"type-product","3":"status-publish","4":"has-post-thumbnail","6":"product_cat-lunch-bag","7":"product_tag-fashion","8":"product_tag-high-quality","9":"product_tag-lunch-bag","11":"first","12":"instock","13":"shipping-taxable","14":"product-type-simple","15":"swiper-slide"},"acf":[],"_links":{"self":[{"href":"https:\/\/www.sellersunionagent.com\/es\/wp-json\/wp\/v2\/product\/6086","targetHints":{"allow":["GET"]}}],"collection":[{"href":"https:\/\/www.sellersunionagent.com\/es\/wp-json\/wp\/v2\/product"}],"about":[{"href":"https:\/\/www.sellersunionagent.com\/es\/wp-json\/wp\/v2\/types\/product"}],"replies":[{"embeddable":true,"href":"https:\/\/www.sellersunionagent.com\/es\/wp-json\/wp\/v2\/comments?post=6086"}],"wp:featuredmedia":[{"embeddable":true,"href":"https:\/\/www.sellersunionagent.com\/es\/wp-json\/wp\/v2\/media\/6105"}],"wp:attachment":[{"href":"https:\/\/www.sellersunionagent.com\/es\/wp-json\/wp\/v2\/media?parent=6086"}],"wp:term":[{"taxonomy":"product_brand","embeddable":true,"href":"https:\/\/www.sellersunionagent.com\/es\/wp-json\/wp\/v2\/product_brand?post=6086"},{"taxonomy":"product_cat","embeddable":true,"href":"https:\/\/www.sellersunionagent.com\/es\/wp-json\/wp\/v2\/product_cat?post=6086"},{"taxonomy":"product_tag","embeddable":true,"href":"https:\/\/www.sellersunionagent.com\/es\/wp-json\/wp\/v2\/product_tag?post=6086"}],"curies":[{"name":"wp","href":"https:\/\/api.w.org\/{rel}","templated":true}]}}