{"id":23541,"date":"2025-07-01T16:56:19","date_gmt":"2025-07-01T08:56:19","guid":{"rendered":"https:\/\/sellersunionagent.com\/?post_type=product&#038;p=23541"},"modified":"2025-11-27T18:34:41","modified_gmt":"2025-11-27T10:34:41","slug":"adorno-de-porcelana-para-taza-de-papa-noel","status":"publish","type":"product","link":"https:\/\/www.sellersunionagent.com\/es\/cute-santa-claus-mug-decoration-made-from-china\/","title":{"rendered":"Simp\u00e1tica taza de Pap\u00e1 Noel Decoraci\u00f3n navide\u00f1a hecha en China"},"content":{"rendered":"<h1>Simp\u00e1tica taza de Pap\u00e1 Noel Decoraci\u00f3n navide\u00f1a hecha en China<\/h1>\n<div class=\"elementor-element elementor-element-42815df elementor-widget elementor-widget-heading\" data-id=\"42815df\" data-element_type=\"widget\" data-widget_type=\"heading.default\">\n<h3 class=\"elementor-widget-container\"><strong>Tipo<\/strong>: Decoraci\u00f3n<\/h3>\n<\/div>\n<div class=\"elementor-element elementor-element-c17fac7 elementor-widget elementor-widget-woocommerce-product-short-description\" data-id=\"c17fac7\" data-element_type=\"widget\" data-widget_type=\"woocommerce-product-short-description.default\">\n<div class=\"elementor-widget-container\">\n<h3 class=\"woocommerce-product-details__short-description\"><strong>N\u00famero de art\u00edculo:<\/strong> JT-2<\/h3>\n<h3 class=\"woocommerce-product-details__short-description\"><strong>Colores<\/strong>como se muestra en la imagen<\/h3>\n<h3 class=\"woocommerce-product-details__short-description\"><strong>Material:<\/strong> Cer\u00e1mica<\/h3>\n<ul>\n<li>\n<h4>Festivo y divertido<\/h4>\n<\/li>\n<li>\n<h4>\u00a0Espumoso<\/h4>\n<\/li>\n<li>\n<h4>Duradero y vibrante<\/h4>\n<\/li>\n<li>\n<h4>Juguetonamente<\/h4>\n<p><img fetchpriority=\"high\" decoding=\"async\" class=\"aligncenter wp-image-23544\" title=\"\u4f01\u4e1a\u5fae\u4fe1\u622a\u56fe 20250701163935 2025070108510219\" src=\"https:\/\/www.sellersunionagent.com\/wp-content\/uploads\/2025\/07\/\u4f01\u4e1a\u5fae\u4fe1\u622a\u56fe_20250701163935-2025070108510219.webp\" alt=\"Simp\u00e1tica decoraci\u00f3n de taza de Pap\u00e1 Noel hecha en China\" width=\"500\" height=\"503\" \/><\/p>\n<p><img decoding=\"async\" class=\"aligncenter wp-image-23545\" title=\"\u4f01\u4e1a\u5fae\u4fe1\u622a\u56fe 20250701164052 2025070108511653\" src=\"https:\/\/www.sellersunionagent.com\/wp-content\/uploads\/2025\/07\/\u4f01\u4e1a\u5fae\u4fe1\u622a\u56fe_20250701164052-2025070108511653.webp\" alt=\"Simp\u00e1tica decoraci\u00f3n de taza de Pap\u00e1 Noel hecha en China\" width=\"500\" height=\"498\" \/><\/p>\n<p><img decoding=\"async\" class=\"aligncenter wp-image-23546\" title=\"\u4f01\u4e1a\u5fae\u4fe1\u622a\u56fe 20250701164101 2025070108513156\" src=\"https:\/\/www.sellersunionagent.com\/wp-content\/uploads\/2025\/07\/\u4f01\u4e1a\u5fae\u4fe1\u622a\u56fe_20250701164101-2025070108513156.webp\" alt=\"Simp\u00e1tica decoraci\u00f3n de taza de Pap\u00e1 Noel hecha en China\" width=\"500\" height=\"490\" \/><\/li>\n<\/ul>\n<\/div>\n<\/div>","protected":false},"excerpt":{"rendered":"<p><strong>MOQ<\/strong>:  1000 piezas<br \/>\n<strong>Muestra gratuita<\/strong>:  Soporte<br \/>\n<strong>Personalizaci\u00f3n<\/strong>logo \/ color \/ materiales \/ embalaje, etc.<br \/>\n<strong>Descuento<\/strong>:  Primeros pedidos desde 10% de descuento.<br \/>\n<strong>Porcentaje de entregas a tiempo<\/strong>:\u00a0 100%<br \/>\n<strong>Env\u00edos totales<\/strong>:  10000 piezas<br \/>\n<strong>Env\u00edo<\/strong>: Apoyo Express-Carga mar\u00edtima-Carga terrestre<\/p>","protected":false},"featured_media":23543,"comment_status":"open","ping_status":"closed","template":"","meta":{"_acf_changed":false},"product_brand":[],"product_cat":[235,322],"product_tag":[87,49,42],"class_list":{"0":"post-23541","1":"product","2":"type-product","3":"status-publish","4":"has-post-thumbnail","6":"product_cat-christmas-decoration","7":"product_cat-christmas-gift","8":"product_tag-bulk-wholesale","9":"product_tag-good-quality","10":"product_tag-high-quality","12":"first","13":"instock","14":"shipping-taxable","15":"product-type-simple","16":"swiper-slide"},"acf":[],"_links":{"self":[{"href":"https:\/\/www.sellersunionagent.com\/es\/wp-json\/wp\/v2\/product\/23541","targetHints":{"allow":["GET"]}}],"collection":[{"href":"https:\/\/www.sellersunionagent.com\/es\/wp-json\/wp\/v2\/product"}],"about":[{"href":"https:\/\/www.sellersunionagent.com\/es\/wp-json\/wp\/v2\/types\/product"}],"replies":[{"embeddable":true,"href":"https:\/\/www.sellersunionagent.com\/es\/wp-json\/wp\/v2\/comments?post=23541"}],"wp:featuredmedia":[{"embeddable":true,"href":"https:\/\/www.sellersunionagent.com\/es\/wp-json\/wp\/v2\/media\/23543"}],"wp:attachment":[{"href":"https:\/\/www.sellersunionagent.com\/es\/wp-json\/wp\/v2\/media?parent=23541"}],"wp:term":[{"taxonomy":"product_brand","embeddable":true,"href":"https:\/\/www.sellersunionagent.com\/es\/wp-json\/wp\/v2\/product_brand?post=23541"},{"taxonomy":"product_cat","embeddable":true,"href":"https:\/\/www.sellersunionagent.com\/es\/wp-json\/wp\/v2\/product_cat?post=23541"},{"taxonomy":"product_tag","embeddable":true,"href":"https:\/\/www.sellersunionagent.com\/es\/wp-json\/wp\/v2\/product_tag?post=23541"}],"curies":[{"name":"wp","href":"https:\/\/api.w.org\/{rel}","templated":true}]}}