{"id":23534,"date":"2025-07-01T16:30:50","date_gmt":"2025-07-01T08:30:50","guid":{"rendered":"https:\/\/sellersunionagent.com\/?post_type=product&#038;p=23534"},"modified":"2025-11-28T11:02:10","modified_gmt":"2025-11-28T03:02:10","slug":"proveedor-de-decoraciones-navidenas","status":"publish","type":"product","link":"https:\/\/www.sellersunionagent.com\/es\/christmas-decoration-supplier\/","title":{"rendered":"Decoraci\u00f3n navide\u00f1a con mu\u00f1ecos gnomos de f\u00e1brica china"},"content":{"rendered":"<h1>Decoraci\u00f3n navide\u00f1a con mu\u00f1ecos gnomos de f\u00e1brica china<\/h1>\n<div class=\"elementor-element elementor-element-42815df elementor-widget elementor-widget-heading\" data-id=\"42815df\" data-element_type=\"widget\" data-widget_type=\"heading.default\">\n<h3 class=\"elementor-widget-container\"><strong>Tipo<\/strong>: Decoraci\u00f3n<\/h3>\n<\/div>\n<div class=\"elementor-element elementor-element-c17fac7 elementor-widget elementor-widget-woocommerce-product-short-description\" data-id=\"c17fac7\" data-element_type=\"widget\" data-widget_type=\"woocommerce-product-short-description.default\">\n<div class=\"elementor-widget-container\">\n<h3 class=\"woocommerce-product-details__short-description\"><strong>N\u00famero de art\u00edculo:<\/strong> JT-1<\/h3>\n<h3 class=\"woocommerce-product-details__short-description\"><strong>Colores<\/strong>como se muestra en la imagen<\/h3>\n<h3 class=\"woocommerce-product-details__short-description\"><strong>Material:<\/strong> Tela<\/h3>\n<ul>\n<li>\n<h4>Festivo y divertido<\/h4>\n<\/li>\n<li>\n<h4>Suave y chispeante<\/h4>\n<\/li>\n<li>\n<h4>Duradero y vibrante<\/h4>\n<\/li>\n<li>\n<h4>Juguetonamente<\/h4>\n<p><img fetchpriority=\"high\" decoding=\"async\" class=\"aligncenter wp-image-23536\" title=\"Captura de pantalla de WeChat Enterprise 20250701161610 2025070108242932\" src=\"https:\/\/www.sellersunionagent.com\/wp-content\/uploads\/2025\/07\/\u4f01\u4e1a\u5fae\u4fe1\u622a\u56fe_20250701161610-2025070108242932.webp\" alt=\"Suministros para mu\u00f1ecos gnomos navide\u00f1os de una f\u00e1brica china\" width=\"500\" height=\"497\" \/><\/p>\n<p><img decoding=\"async\" class=\"aligncenter wp-image-23538\" title=\"Captura de pantalla de WeChat Enterprise 20250701161642 2025070108253411\" src=\"https:\/\/www.sellersunionagent.com\/wp-content\/uploads\/2025\/07\/\u4f01\u4e1a\u5fae\u4fe1\u622a\u56fe_20250701161642-2025070108253411.webp\" alt=\"Suministros para mu\u00f1ecos gnomos navide\u00f1os de una f\u00e1brica china\" width=\"500\" height=\"520\" \/><\/p>\n<p><img decoding=\"async\" class=\"aligncenter wp-image-23537\" title=\"Captura de pantalla de WeChat Enterprise 20250701161632 2025070108245267\" src=\"https:\/\/www.sellersunionagent.com\/wp-content\/uploads\/2025\/07\/\u4f01\u4e1a\u5fae\u4fe1\u622a\u56fe_20250701161632-2025070108245267.webp\" alt=\"Suministros para mu\u00f1ecos gnomos navide\u00f1os de una f\u00e1brica china\" width=\"500\" height=\"513\" \/><\/li>\n<\/ul>\n<\/div>\n<\/div>","protected":false},"excerpt":{"rendered":"<p><strong>MOQ<\/strong>:  1000 piezas<br \/>\n<strong>Muestra gratuita<\/strong>:  Soporte<br \/>\n<strong>Personalizaci\u00f3n<\/strong>logo \/ color \/ materiales \/ embalaje, etc.<br \/>\n<strong>Descuento<\/strong>:  Primeros pedidos desde 10% de descuento.<br \/>\n<strong>Porcentaje de entregas a tiempo<\/strong>:\u00a0 100%<br \/>\n<strong>Env\u00edos totales<\/strong>:  10000 piezas<br \/>\n<strong>Env\u00edo<\/strong>: Apoyo Express-Carga mar\u00edtima-Carga terrestre<\/p>","protected":false},"featured_media":23535,"comment_status":"open","ping_status":"closed","template":"","meta":{"_acf_changed":false},"product_brand":[],"product_cat":[235,323],"product_tag":[43,49,42,48],"class_list":{"0":"post-23534","1":"product","2":"type-product","3":"status-publish","4":"has-post-thumbnail","6":"product_cat-christmas-decoration","7":"product_cat-christmas-textiles","8":"product_tag-fashion","9":"product_tag-good-quality","10":"product_tag-high-quality","11":"product_tag-large-capacity","13":"first","14":"instock","15":"shipping-taxable","16":"product-type-simple","17":"swiper-slide"},"acf":[],"_links":{"self":[{"href":"https:\/\/www.sellersunionagent.com\/es\/wp-json\/wp\/v2\/product\/23534","targetHints":{"allow":["GET"]}}],"collection":[{"href":"https:\/\/www.sellersunionagent.com\/es\/wp-json\/wp\/v2\/product"}],"about":[{"href":"https:\/\/www.sellersunionagent.com\/es\/wp-json\/wp\/v2\/types\/product"}],"replies":[{"embeddable":true,"href":"https:\/\/www.sellersunionagent.com\/es\/wp-json\/wp\/v2\/comments?post=23534"}],"wp:featuredmedia":[{"embeddable":true,"href":"https:\/\/www.sellersunionagent.com\/es\/wp-json\/wp\/v2\/media\/23535"}],"wp:attachment":[{"href":"https:\/\/www.sellersunionagent.com\/es\/wp-json\/wp\/v2\/media?parent=23534"}],"wp:term":[{"taxonomy":"product_brand","embeddable":true,"href":"https:\/\/www.sellersunionagent.com\/es\/wp-json\/wp\/v2\/product_brand?post=23534"},{"taxonomy":"product_cat","embeddable":true,"href":"https:\/\/www.sellersunionagent.com\/es\/wp-json\/wp\/v2\/product_cat?post=23534"},{"taxonomy":"product_tag","embeddable":true,"href":"https:\/\/www.sellersunionagent.com\/es\/wp-json\/wp\/v2\/product_tag?post=23534"}],"curies":[{"name":"wp","href":"https:\/\/api.w.org\/{rel}","templated":true}]}}