{"id":23502,"date":"2025-06-25T16:01:03","date_gmt":"2025-06-25T08:01:03","guid":{"rendered":"https:\/\/sellersunionagent.com\/?post_type=product&#038;p=23502"},"modified":"2025-11-27T18:35:08","modified_gmt":"2025-11-27T10:35:08","slug":"arbol-de-cedro-flocado-con-luz-decoracion-de-navidad","status":"publish","type":"product","link":"https:\/\/www.sellersunionagent.com\/es\/flocked-cedar-tree-with-light-christmas-decoration\/","title":{"rendered":"\u00c1rbol de Cedro con Luz Decoraci\u00f3n Navide\u00f1a"},"content":{"rendered":"<h1>\u00c1rbol de Cedro con Luz Decoraci\u00f3n Navide\u00f1a<\/h1>\n<div class=\"elementor-element elementor-element-42815df elementor-widget elementor-widget-heading\" data-id=\"42815df\" data-element_type=\"widget\" data-widget_type=\"heading.default\">\n<h3 class=\"elementor-widget-container\"><strong>Tipo<\/strong>: Decoraci\u00f3n<\/h3>\n<\/div>\n<div class=\"elementor-element elementor-element-c17fac7 elementor-widget elementor-widget-woocommerce-product-short-description\" data-id=\"c17fac7\" data-element_type=\"widget\" data-widget_type=\"woocommerce-product-short-description.default\">\n<div class=\"elementor-widget-container\">\n<h3 class=\"woocommerce-product-details__short-description\"><strong>N\u00famero de art\u00edculo:<\/strong> FC-23<\/h3>\n<h3 class=\"woocommerce-product-details__short-description\"><strong>Colores<\/strong>como se muestra en la imagen<\/h3>\n<h3 class=\"woocommerce-product-details__short-description\"><strong>Material:<\/strong> Pl\u00e1stico<\/h3>\n<ul>\n<li>\n<h4>Festivo y divertido<\/h4>\n<\/li>\n<li>\n<h4>Suave y chispeante<\/h4>\n<\/li>\n<li>\n<h4>Duradero y vibrante<\/h4>\n<\/li>\n<li>\n<h4>Juguetonamente<\/h4>\n<p><img fetchpriority=\"high\" decoding=\"async\" class=\"aligncenter wp-image-23504\" title=\"\u4f01\u4e1a\u5fae\u4fe1\u622a\u56fe 20250625155607 2025062507591371\" src=\"https:\/\/www.sellersunionagent.com\/wp-content\/uploads\/2025\/06\/\u4f01\u4e1a\u5fae\u4fe1\u622a\u56fe_20250625155607-2025062507591371.webp\" alt=\"\u00c1rbol de Cedro con Luz Decoraci\u00f3n Navide\u00f1a\" width=\"500\" height=\"502\" \/><\/p>\n<p><img decoding=\"async\" class=\"aligncenter wp-image-23505\" title=\"\u4f01\u4e1a\u5fae\u4fe1\u622a\u56fe 20250625155615 2025062507592223\" src=\"https:\/\/www.sellersunionagent.com\/wp-content\/uploads\/2025\/06\/\u4f01\u4e1a\u5fae\u4fe1\u622a\u56fe_20250625155615-2025062507592223.webp\" alt=\"\u00c1rbol de Cedro con Luz Decoraci\u00f3n Navide\u00f1a\" width=\"500\" height=\"496\" \/><\/p>\n<p><img decoding=\"async\" class=\"aligncenter wp-image-23506\" title=\"\u4f01\u4e1a\u5fae\u4fe1\u622a\u56fe 20250625155634 2025062507593037\" src=\"https:\/\/www.sellersunionagent.com\/wp-content\/uploads\/2025\/06\/\u4f01\u4e1a\u5fae\u4fe1\u622a\u56fe_20250625155634-2025062507593037.webp\" alt=\"\u00c1rbol de Cedro con Luz Decoraci\u00f3n Navide\u00f1a\" width=\"500\" height=\"506\" \/><\/li>\n<\/ul>\n<\/div>\n<\/div>","protected":false},"excerpt":{"rendered":"<p><strong>MOQ<\/strong>:  1000 piezas<br \/>\n<strong>Muestra gratuita<\/strong>:  Soporte<br \/>\n<strong>Personalizaci\u00f3n<\/strong>logo \/ color \/ materiales \/ embalaje, etc.<br \/>\n<strong>Descuento<\/strong>:  Primeros pedidos desde 10% de descuento.<br \/>\n<strong>Porcentaje de entregas a tiempo<\/strong>:\u00a0 100%<br \/>\n<strong>Env\u00edos totales<\/strong>:  10000 piezas<br \/>\n<strong>Env\u00edo<\/strong>: Apoyo Express-Carga mar\u00edtima-Carga terrestre<\/p>","protected":false},"featured_media":23503,"comment_status":"open","ping_status":"closed","template":"","meta":{"_acf_changed":false},"product_brand":[],"product_cat":[235,319],"product_tag":[87,49,42],"class_list":{"0":"post-23502","1":"product","2":"type-product","3":"status-publish","4":"has-post-thumbnail","6":"product_cat-christmas-decoration","7":"product_cat-christmas-lighting","8":"product_tag-bulk-wholesale","9":"product_tag-good-quality","10":"product_tag-high-quality","12":"first","13":"instock","14":"shipping-taxable","15":"product-type-simple","16":"swiper-slide"},"acf":[],"_links":{"self":[{"href":"https:\/\/www.sellersunionagent.com\/es\/wp-json\/wp\/v2\/product\/23502","targetHints":{"allow":["GET"]}}],"collection":[{"href":"https:\/\/www.sellersunionagent.com\/es\/wp-json\/wp\/v2\/product"}],"about":[{"href":"https:\/\/www.sellersunionagent.com\/es\/wp-json\/wp\/v2\/types\/product"}],"replies":[{"embeddable":true,"href":"https:\/\/www.sellersunionagent.com\/es\/wp-json\/wp\/v2\/comments?post=23502"}],"wp:featuredmedia":[{"embeddable":true,"href":"https:\/\/www.sellersunionagent.com\/es\/wp-json\/wp\/v2\/media\/23503"}],"wp:attachment":[{"href":"https:\/\/www.sellersunionagent.com\/es\/wp-json\/wp\/v2\/media?parent=23502"}],"wp:term":[{"taxonomy":"product_brand","embeddable":true,"href":"https:\/\/www.sellersunionagent.com\/es\/wp-json\/wp\/v2\/product_brand?post=23502"},{"taxonomy":"product_cat","embeddable":true,"href":"https:\/\/www.sellersunionagent.com\/es\/wp-json\/wp\/v2\/product_cat?post=23502"},{"taxonomy":"product_tag","embeddable":true,"href":"https:\/\/www.sellersunionagent.com\/es\/wp-json\/wp\/v2\/product_tag?post=23502"}],"curies":[{"name":"wp","href":"https:\/\/api.w.org\/{rel}","templated":true}]}}