{"id":23384,"date":"2025-06-11T17:48:48","date_gmt":"2025-06-11T09:48:48","guid":{"rendered":"https:\/\/sellersunionagent.com\/?post_type=product&#038;p=23384"},"modified":"2025-11-27T18:24:46","modified_gmt":"2025-11-27T10:24:46","slug":"guirnalda-artificial-aliento-de-bebe-decoracion-de-cristo","status":"publish","type":"product","link":"https:\/\/www.sellersunionagent.com\/es\/artificial-babys-breath-wreath-christma-decoration\/","title":{"rendered":"Guirnalda Artificial Aliento de Beb\u00e9 Decoraci\u00f3n Christma"},"content":{"rendered":"<h1>Guirnalda Artificial Aliento de Beb\u00e9 Decoraci\u00f3n Christma<\/h1>\n<div class=\"elementor-element elementor-element-42815df elementor-widget elementor-widget-heading\" data-id=\"42815df\" data-element_type=\"widget\" data-widget_type=\"heading.default\">\n<h3 class=\"elementor-widget-container\"><strong>Tipo<\/strong>: Decoraci\u00f3n<\/h3>\n<\/div>\n<div class=\"elementor-element elementor-element-c17fac7 elementor-widget elementor-widget-woocommerce-product-short-description\" data-id=\"c17fac7\" data-element_type=\"widget\" data-widget_type=\"woocommerce-product-short-description.default\">\n<div class=\"elementor-widget-container\">\n<h3 class=\"woocommerce-product-details__short-description\"><strong>N\u00famero de art\u00edculo:<\/strong> SR-66<\/h3>\n<h3 class=\"woocommerce-product-details__short-description\"><strong>Tama\u00f1o del art\u00edculo<\/strong>: 40cm<\/h3>\n<h3 class=\"woocommerce-product-details__short-description\"><strong>Colores<\/strong>como se muestra en la imagen<\/h3>\n<h3 class=\"woocommerce-product-details__short-description\"><strong>Material: Pl\u00e1stico<\/strong><\/h3>\n<ul>\n<li>\n<h4>Festivo y divertido<\/h4>\n<\/li>\n<li>\n<h4>Suave y chispeante<\/h4>\n<\/li>\n<li>\n<h4>Duradero y vibrante<\/h4>\n<\/li>\n<li>\n<h4>Juguetonamente<\/h4>\n<p><img fetchpriority=\"high\" decoding=\"async\" class=\"aligncenter wp-image-23386\" title=\"\u4f01\u4e1a\u5fae\u4fe1\u622a\u56fe 20250611174508 2025061109471951\" src=\"https:\/\/www.sellersunionagent.com\/wp-content\/uploads\/2025\/06\/\u4f01\u4e1a\u5fae\u4fe1\u622a\u56fe_20250611174508-2025061109471951.webp\" alt=\"Guirnalda Artificial Aliento de Beb\u00e9 Decoraci\u00f3n Christma\" width=\"600\" height=\"604\" \/><\/p>\n<p><img decoding=\"async\" class=\"aligncenter wp-image-23387\" title=\"\u4f01\u4e1a\u5fae\u4fe1\u622a\u56fe 20250611174518 2025061109472169\" src=\"https:\/\/www.sellersunionagent.com\/wp-content\/uploads\/2025\/06\/\u4f01\u4e1a\u5fae\u4fe1\u622a\u56fe_20250611174518-2025061109472169.webp\" alt=\"Guirnalda Artificial Aliento de Beb\u00e9 Decoraci\u00f3n Christma\" width=\"600\" height=\"602\" \/><\/p>\n<p><img decoding=\"async\" class=\"aligncenter wp-image-23388\" title=\"\u4f01\u4e1a\u5fae\u4fe1\u622a\u56fe 20250611174530 2025061109472481\" src=\"https:\/\/www.sellersunionagent.com\/wp-content\/uploads\/2025\/06\/\u4f01\u4e1a\u5fae\u4fe1\u622a\u56fe_20250611174530-2025061109472481.webp\" alt=\"Guirnalda Artificial Aliento de Beb\u00e9 Decoraci\u00f3n Christma\" width=\"600\" height=\"601\" \/><\/li>\n<\/ul>\n<\/div>\n<\/div>","protected":false},"excerpt":{"rendered":"<p><strong>MOQ<\/strong>:  1000 piezas<br \/>\n<strong>Muestra gratuita<\/strong>:  Soporte<br \/>\n<strong>Personalizaci\u00f3n<\/strong>logo \/ color \/ materiales \/ embalaje, etc.<br \/>\n<strong>Descuento<\/strong>:  Primeros pedidos desde 10% de descuento.<br \/>\n<strong>Porcentaje de entregas a tiempo<\/strong>:\u00a0 100%<br \/>\n<strong>Env\u00edos totales<\/strong>:  10000 piezas<br \/>\n<strong>Env\u00edo<\/strong>: Apoyo Express-Carga mar\u00edtima-Carga terrestre<\/p>","protected":false},"featured_media":23385,"comment_status":"open","ping_status":"closed","template":"","meta":{"_acf_changed":false},"product_brand":[],"product_cat":[235,320],"product_tag":[87,49,42],"class_list":{"0":"post-23384","1":"product","2":"type-product","3":"status-publish","4":"has-post-thumbnail","6":"product_cat-christmas-decoration","7":"product_cat-christmas-wreaths","8":"product_tag-bulk-wholesale","9":"product_tag-good-quality","10":"product_tag-high-quality","12":"first","13":"instock","14":"shipping-taxable","15":"product-type-simple","16":"swiper-slide"},"acf":[],"_links":{"self":[{"href":"https:\/\/www.sellersunionagent.com\/es\/wp-json\/wp\/v2\/product\/23384","targetHints":{"allow":["GET"]}}],"collection":[{"href":"https:\/\/www.sellersunionagent.com\/es\/wp-json\/wp\/v2\/product"}],"about":[{"href":"https:\/\/www.sellersunionagent.com\/es\/wp-json\/wp\/v2\/types\/product"}],"replies":[{"embeddable":true,"href":"https:\/\/www.sellersunionagent.com\/es\/wp-json\/wp\/v2\/comments?post=23384"}],"wp:featuredmedia":[{"embeddable":true,"href":"https:\/\/www.sellersunionagent.com\/es\/wp-json\/wp\/v2\/media\/23385"}],"wp:attachment":[{"href":"https:\/\/www.sellersunionagent.com\/es\/wp-json\/wp\/v2\/media?parent=23384"}],"wp:term":[{"taxonomy":"product_brand","embeddable":true,"href":"https:\/\/www.sellersunionagent.com\/es\/wp-json\/wp\/v2\/product_brand?post=23384"},{"taxonomy":"product_cat","embeddable":true,"href":"https:\/\/www.sellersunionagent.com\/es\/wp-json\/wp\/v2\/product_cat?post=23384"},{"taxonomy":"product_tag","embeddable":true,"href":"https:\/\/www.sellersunionagent.com\/es\/wp-json\/wp\/v2\/product_tag?post=23384"}],"curies":[{"name":"wp","href":"https:\/\/api.w.org\/{rel}","templated":true}]}}