{"id":22963,"date":"2025-11-18T15:37:50","date_gmt":"2025-11-18T07:37:50","guid":{"rendered":"https:\/\/sellersunionagent.com\/?post_type=product&#038;p=22963"},"modified":"2025-11-28T11:02:19","modified_gmt":"2025-11-28T03:02:19","slug":"adornos-navidenos-vintage-con-forma-de-hombrecito-de-jengibre","status":"publish","type":"product","link":"https:\/\/www.sellersunionagent.com\/es\/vintage-gingerbread-man-doll-ornaments-christmas\/","title":{"rendered":"Adornos navide\u00f1os vintage con mu\u00f1ecos de jengibre"},"content":{"rendered":"<h1>Adornos navide\u00f1os vintage con mu\u00f1ecos de jengibre<\/h1>\n<div class=\"elementor-element elementor-element-42815df elementor-widget elementor-widget-heading\" data-id=\"42815df\" data-element_type=\"widget\" data-widget_type=\"heading.default\">\n<h3 class=\"elementor-widget-container\"><strong>Tipo<\/strong>: Decoraci\u00f3n<\/h3>\n<\/div>\n<div class=\"elementor-element elementor-element-c17fac7 elementor-widget elementor-widget-woocommerce-product-short-description\" data-id=\"c17fac7\" data-element_type=\"widget\" data-widget_type=\"woocommerce-product-short-description.default\">\n<div class=\"elementor-widget-container\">\n<h3 class=\"woocommerce-product-details__short-description\"><strong>N\u00famero de art\u00edculo:<\/strong> SR-3<\/h3>\n<h3 class=\"woocommerce-product-details__short-description\"><strong>Tama\u00f1o del art\u00edculo<\/strong>58 cm<\/h3>\n<h3 class=\"woocommerce-product-details__short-description\"><strong>Colores<\/strong>: Marr\u00f3n<\/h3>\n<h3 class=\"woocommerce-product-details__short-description\"><strong>Material: Tela<\/strong><\/h3>\n<ul>\n<li>\n<h4>Festivo y divertido<\/h4>\n<\/li>\n<li>\n<h4>Suave y chispeante<\/h4>\n<\/li>\n<li>\n<h4>Duradero y vibrante<\/h4>\n<\/li>\n<li>\n<h4>Juguetonamente<\/h4>\n<p><img fetchpriority=\"high\" decoding=\"async\" class=\"aligncenter wp-image-22967\" title=\"Captura de pantalla de WeChat Enterprise 20250513103640 2025051302394245\" src=\"https:\/\/www.sellersunionagent.com\/wp-content\/uploads\/2025\/05\/\u4f01\u4e1a\u5fae\u4fe1\u622a\u56fe_20250513103640-2025051302394245.webp\" alt=\"Adornos navide\u00f1os vintage con mu\u00f1ecos de jengibre\" width=\"600\" height=\"640\" \/><\/p>\n<p><img decoding=\"async\" class=\"aligncenter wp-image-22966\" title=\"Captura de pantalla de WeChat Enterprise 20250513103623 2025051302393827\" src=\"https:\/\/www.sellersunionagent.com\/wp-content\/uploads\/2025\/05\/\u4f01\u4e1a\u5fae\u4fe1\u622a\u56fe_20250513103623-2025051302393827.webp\" alt=\"Adornos navide\u00f1os vintage con mu\u00f1ecos de jengibre\" width=\"600\" height=\"596\" \/><\/p>\n<p><img decoding=\"async\" class=\"aligncenter wp-image-22964\" title=\"Captura de pantalla de WeChat Enterprise 20250513103602 2025051302393185\" src=\"https:\/\/www.sellersunionagent.com\/wp-content\/uploads\/2025\/05\/\u4f01\u4e1a\u5fae\u4fe1\u622a\u56fe_20250513103602-2025051302393185.webp\" alt=\"Adornos navide\u00f1os vintage con mu\u00f1ecos de jengibre\" width=\"600\" height=\"607\" \/><\/li>\n<\/ul>\n<\/div>\n<\/div>","protected":false},"excerpt":{"rendered":"<p><strong>MOQ<\/strong>:  1000 piezas<br \/>\n<strong>Muestra gratuita<\/strong>:  Soporte<br \/>\n<strong>Personalizaci\u00f3n<\/strong>logo \/ color \/ materiales \/ embalaje, etc.<br \/>\n<strong>Descuento<\/strong>:  Primeros pedidos desde 10% de descuento.<br \/>\n<strong>Porcentaje de entregas a tiempo<\/strong>:\u00a0 100%<br \/>\n<strong>Env\u00edos totales<\/strong>:  10000 piezas<br \/>\n<strong>Env\u00edo<\/strong>: Apoyo Express-Carga mar\u00edtima-Carga terrestre<\/p>","protected":false},"featured_media":22964,"comment_status":"open","ping_status":"closed","template":"","meta":{"_acf_changed":false},"product_brand":[],"product_cat":[235,321,323],"product_tag":[87,49,42],"class_list":{"0":"post-22963","1":"product","2":"type-product","3":"status-publish","4":"has-post-thumbnail","6":"product_cat-christmas-decoration","7":"product_cat-christmas-figurines","8":"product_cat-christmas-textiles","9":"product_tag-bulk-wholesale","10":"product_tag-good-quality","11":"product_tag-high-quality","13":"first","14":"instock","15":"shipping-taxable","16":"product-type-simple","17":"swiper-slide"},"acf":[],"_links":{"self":[{"href":"https:\/\/www.sellersunionagent.com\/es\/wp-json\/wp\/v2\/product\/22963","targetHints":{"allow":["GET"]}}],"collection":[{"href":"https:\/\/www.sellersunionagent.com\/es\/wp-json\/wp\/v2\/product"}],"about":[{"href":"https:\/\/www.sellersunionagent.com\/es\/wp-json\/wp\/v2\/types\/product"}],"replies":[{"embeddable":true,"href":"https:\/\/www.sellersunionagent.com\/es\/wp-json\/wp\/v2\/comments?post=22963"}],"wp:featuredmedia":[{"embeddable":true,"href":"https:\/\/www.sellersunionagent.com\/es\/wp-json\/wp\/v2\/media\/22964"}],"wp:attachment":[{"href":"https:\/\/www.sellersunionagent.com\/es\/wp-json\/wp\/v2\/media?parent=22963"}],"wp:term":[{"taxonomy":"product_brand","embeddable":true,"href":"https:\/\/www.sellersunionagent.com\/es\/wp-json\/wp\/v2\/product_brand?post=22963"},{"taxonomy":"product_cat","embeddable":true,"href":"https:\/\/www.sellersunionagent.com\/es\/wp-json\/wp\/v2\/product_cat?post=22963"},{"taxonomy":"product_tag","embeddable":true,"href":"https:\/\/www.sellersunionagent.com\/es\/wp-json\/wp\/v2\/product_tag?post=22963"}],"curies":[{"name":"wp","href":"https:\/\/api.w.org\/{rel}","templated":true}]}}