{"id":22917,"date":"2025-11-18T15:37:54","date_gmt":"2025-11-18T07:37:54","guid":{"rendered":"https:\/\/sellersunionagent.com\/?post_type=product&#038;p=22917"},"modified":"2025-11-27T18:29:54","modified_gmt":"2025-11-27T10:29:54","slug":"libro-electronico-musica-muneco-de-santa-claus","status":"publish","type":"product","link":"https:\/\/www.sellersunionagent.com\/es\/e-book-music-santa-claus-doll\/","title":{"rendered":"Libro electr\u00f3nico M\u00fasica Mu\u00f1eco de Santa Claus"},"content":{"rendered":"<h1>Libro electr\u00f3nico M\u00fasica Mu\u00f1eco de Santa Claus<\/h1>\n<h3 class=\"elementor-element elementor-element-42815df elementor-widget elementor-widget-heading\" data-id=\"42815df\" data-element_type=\"widget\" data-widget_type=\"heading.default\"><strong>Tipo<\/strong>: Decoraci\u00f3n<\/h3>\n<div class=\"elementor-element elementor-element-c17fac7 elementor-widget elementor-widget-woocommerce-product-short-description\" data-id=\"c17fac7\" data-element_type=\"widget\" data-widget_type=\"woocommerce-product-short-description.default\">\n<h3 class=\"elementor-widget-container\"><strong>N\u00famero de art\u00edculo:<\/strong> GR-4<\/h3>\n<h3 class=\"elementor-widget-container\"><strong>Tama\u00f1o del art\u00edculo<\/strong>30*13 cm<\/h3>\n<h3 class=\"elementor-widget-container\"><strong>Colores<\/strong>: Rojo<\/h3>\n<h3 class=\"elementor-widget-container\">Material: Pl\u00e1stico<\/h3>\n<p>&nbsp;<\/p>\n<ul>\n<li>\n<h4>Festivo y divertido<\/h4>\n<\/li>\n<li>\n<h4>Suave y chispeante<\/h4>\n<\/li>\n<li>\n<h4>Duradero y vibrante<\/h4>\n<\/li>\n<li>\n<h4>Divertido y pr\u00e1ctico<\/h4>\n<\/li>\n<\/ul>\n<p><img fetchpriority=\"high\" decoding=\"async\" class=\"aligncenter wp-image-22918\" title=\"Libro electr\u00f3nico M\u00fasica Mu\u00f1eco de Santa Claus\" src=\"https:\/\/www.sellersunionagent.com\/wp-content\/uploads\/2025\/04\/\u4f01\u4e1a\u5fae\u4fe1\u622a\u56fe_20250430161250-2025043008191820.webp\" alt=\"Libro electr\u00f3nico M\u00fasica Mu\u00f1eco de Santa Claus\" width=\"600\" height=\"622\" \/><\/p>\n<p><img decoding=\"async\" class=\"aligncenter wp-image-22920\" title=\"Captura de pantalla de WeChat Enterprise 20250430161316 2025043008192590\" src=\"https:\/\/www.sellersunionagent.com\/wp-content\/uploads\/2025\/04\/\u4f01\u4e1a\u5fae\u4fe1\u622a\u56fe_20250430161316-2025043008192590.webp\" alt=\"Libro electr\u00f3nico M\u00fasica Mu\u00f1eco de Santa Claus \" width=\"600\" height=\"604\" \/><\/p>\n<p><img decoding=\"async\" class=\"aligncenter wp-image-22919\" title=\"Captura de pantalla de WeChat Enterprise 20250430161303 2025043008192237\" src=\"https:\/\/www.sellersunionagent.com\/wp-content\/uploads\/2025\/04\/\u4f01\u4e1a\u5fae\u4fe1\u622a\u56fe_20250430161303-2025043008192237.webp\" alt=\"Libro electr\u00f3nico M\u00fasica Mu\u00f1eco de Santa Claus \" width=\"600\" height=\"601\" \/><\/p>\n<\/div>","protected":false},"excerpt":{"rendered":"<p>Libro electr\u00f3nico Mu\u00f1eco de Pap\u00e1 Noel Tipo: Decoraci\u00f3n N\u00famero de art\u00edculo: GR-4 Tama\u00f1o del art\u00edculo: 30 x 13 cm Colores: Rojo Material: Pl\u00e1stico Festivo y divertido Suave y brillante Duradero y vibrante Divertido y pr\u00e1ctico<\/p>","protected":false},"featured_media":22918,"comment_status":"open","ping_status":"closed","template":"","meta":{"_acf_changed":false},"product_brand":[],"product_cat":[235,321],"product_tag":[87,71,49,42],"class_list":{"0":"post-22917","1":"product","2":"type-product","3":"status-publish","4":"has-post-thumbnail","6":"product_cat-christmas-decoration","7":"product_cat-christmas-figurines","8":"product_tag-bulk-wholesale","9":"product_tag-durable","10":"product_tag-good-quality","11":"product_tag-high-quality","13":"first","14":"instock","15":"shipping-taxable","16":"product-type-simple","17":"swiper-slide"},"acf":[],"_links":{"self":[{"href":"https:\/\/www.sellersunionagent.com\/es\/wp-json\/wp\/v2\/product\/22917","targetHints":{"allow":["GET"]}}],"collection":[{"href":"https:\/\/www.sellersunionagent.com\/es\/wp-json\/wp\/v2\/product"}],"about":[{"href":"https:\/\/www.sellersunionagent.com\/es\/wp-json\/wp\/v2\/types\/product"}],"replies":[{"embeddable":true,"href":"https:\/\/www.sellersunionagent.com\/es\/wp-json\/wp\/v2\/comments?post=22917"}],"wp:featuredmedia":[{"embeddable":true,"href":"https:\/\/www.sellersunionagent.com\/es\/wp-json\/wp\/v2\/media\/22918"}],"wp:attachment":[{"href":"https:\/\/www.sellersunionagent.com\/es\/wp-json\/wp\/v2\/media?parent=22917"}],"wp:term":[{"taxonomy":"product_brand","embeddable":true,"href":"https:\/\/www.sellersunionagent.com\/es\/wp-json\/wp\/v2\/product_brand?post=22917"},{"taxonomy":"product_cat","embeddable":true,"href":"https:\/\/www.sellersunionagent.com\/es\/wp-json\/wp\/v2\/product_cat?post=22917"},{"taxonomy":"product_tag","embeddable":true,"href":"https:\/\/www.sellersunionagent.com\/es\/wp-json\/wp\/v2\/product_tag?post=22917"}],"curies":[{"name":"wp","href":"https:\/\/api.w.org\/{rel}","templated":true}]}}