{"id":22835,"date":"2025-04-14T10:07:56","date_gmt":"2025-04-14T02:07:56","guid":{"rendered":"https:\/\/sellersunionagent.com\/?post_type=product&#038;p=22835"},"modified":"2025-11-27T18:29:55","modified_gmt":"2025-11-27T10:29:55","slug":"nuevas-decoraciones-navidenas-papa-noel-muneco-de-nieve-ciervo-escaparate-artesania-en-resina","status":"publish","type":"product","link":"https:\/\/www.sellersunionagent.com\/es\/new-christmas-decorations-santa-claus-snowman-doll-deer-window-display-resin-crafts\/","title":{"rendered":"Nuevas decoraciones navide\u00f1as Pap\u00e1 Noel Mu\u00f1eco de nieve Ciervo Escaparate Artesan\u00edas de resina"},"content":{"rendered":"<h1>Nuevas decoraciones navide\u00f1as Pap\u00e1 Noel Mu\u00f1eco de nieve Ciervo Escaparate Artesan\u00edas de resina<\/h1>\n<h3>Tipo: Decoraci\u00f3n<br \/>\nN\u00famero de art\u00edculo: YF075-6<br \/>\nTama\u00f1o del art\u00edculo: 3,2 x 3,2 x 5,2 cm<br \/>\nEmpaque: Caja de papel<br \/>\nMaterial: Resina<\/h3>\n<ul>\n<li>\n<h3>Artesan\u00eda en resina de alta calidad<\/h3>\n<\/li>\n<li>\n<h3>Asequible y econ\u00f3mico<\/h3>\n<\/li>\n<li>\n<h3>Dise\u00f1os festivos y elegantes<\/h3>\n<\/li>\n<li>\n<h3>Servicio al cliente confiable<\/h3>\n<\/li>\n<\/ul>\n<p>&nbsp;<\/p>\n<p><img fetchpriority=\"high\" decoding=\"async\" class=\"size-full wp-image-22840 aligncenter\" title=\"Nuevas decoraciones navide\u00f1as Pap\u00e1 Noel Mu\u00f1eco de nieve Ciervo Escaparate Artesan\u00edas de resina\" src=\"https:\/\/www.sellersunionagent.com\/wp-content\/uploads\/2025\/04\/234-2025041402053076.webp\" alt=\"Nuevas decoraciones navide\u00f1as Pap\u00e1 Noel Mu\u00f1eco de nieve Ciervo Escaparate Artesan\u00edas de resina\" width=\"800\" height=\"800\" \/><\/p>","protected":false},"excerpt":{"rendered":"<p><strong>MOQ<\/strong>:  1000 piezas<br \/>\n<strong>Muestra gratuita<\/strong>:  Soporte<br \/>\n<strong>Personalizaci\u00f3n<\/strong>logo \/ color \/ materiales \/ embalaje, etc.<br \/>\n<strong>Descuento<\/strong>:  Primeros pedidos desde 10% de descuento.<br \/>\n<strong>Porcentaje de entregas a tiempo<\/strong>:\u00a0 100%<br \/>\n<strong>Env\u00edos totales<\/strong>:  10000 piezas<br \/>\n<strong>Env\u00edo<\/strong>: Apoyo Express-Carga mar\u00edtima-Carga terrestre<\/p>","protected":false},"featured_media":22836,"comment_status":"open","ping_status":"closed","template":"","meta":{"_acf_changed":false},"product_brand":[],"product_cat":[235,321],"product_tag":[312],"class_list":{"0":"post-22835","1":"product","2":"type-product","3":"status-publish","4":"has-post-thumbnail","6":"product_cat-christmas-decoration","7":"product_cat-christmas-figurines","8":"product_tag-new-christmas-decorations-santa-claus-snowman-doll-deer-window-display-resin-crafts","10":"first","11":"instock","12":"shipping-taxable","13":"product-type-simple","14":"swiper-slide"},"acf":[],"_links":{"self":[{"href":"https:\/\/www.sellersunionagent.com\/es\/wp-json\/wp\/v2\/product\/22835","targetHints":{"allow":["GET"]}}],"collection":[{"href":"https:\/\/www.sellersunionagent.com\/es\/wp-json\/wp\/v2\/product"}],"about":[{"href":"https:\/\/www.sellersunionagent.com\/es\/wp-json\/wp\/v2\/types\/product"}],"replies":[{"embeddable":true,"href":"https:\/\/www.sellersunionagent.com\/es\/wp-json\/wp\/v2\/comments?post=22835"}],"wp:featuredmedia":[{"embeddable":true,"href":"https:\/\/www.sellersunionagent.com\/es\/wp-json\/wp\/v2\/media\/22836"}],"wp:attachment":[{"href":"https:\/\/www.sellersunionagent.com\/es\/wp-json\/wp\/v2\/media?parent=22835"}],"wp:term":[{"taxonomy":"product_brand","embeddable":true,"href":"https:\/\/www.sellersunionagent.com\/es\/wp-json\/wp\/v2\/product_brand?post=22835"},{"taxonomy":"product_cat","embeddable":true,"href":"https:\/\/www.sellersunionagent.com\/es\/wp-json\/wp\/v2\/product_cat?post=22835"},{"taxonomy":"product_tag","embeddable":true,"href":"https:\/\/www.sellersunionagent.com\/es\/wp-json\/wp\/v2\/product_tag?post=22835"}],"curies":[{"name":"wp","href":"https:\/\/api.w.org\/{rel}","templated":true}]}}