{"id":22788,"date":"2025-03-31T17:03:58","date_gmt":"2025-03-31T09:03:58","guid":{"rendered":"https:\/\/sellersunionagent.com\/?post_type=product&#038;p=22788"},"modified":"2025-11-28T10:38:21","modified_gmt":"2025-11-28T02:38:21","slug":"decoraciones-navidenas-papa-noel-muneco-de-nieve-ciervo-bolsa-de-regalo","status":"publish","type":"product","link":"https:\/\/www.sellersunionagent.com\/es\/christmas-decorations-santa-claus-snowman-deer-gift-bag\/","title":{"rendered":"Decoraciones navide\u00f1as Pap\u00e1 Noel Mu\u00f1eco de nieve Ciervo Bolsa de regalo"},"content":{"rendered":"<h1>Decoraciones navide\u00f1as Pap\u00e1 Noel Mu\u00f1eco de nieve Ciervo Bolsa de regalo<\/h1>\n<h3>Tipo: Bolsa<br \/>\nN\u00famero de art\u00edculo: 60055-1<br \/>\nTama\u00f1o del art\u00edculo: 20 x 20 cm<br \/>\nEstilos: anciano\/mu\u00f1eco de nieve\/ciervo\/oso<br \/>\nMaterial: lino<\/h3>\n<ul>\n<li>\n<h3>3 en 1: regalo, decoraci\u00f3n y almacenamiento<\/h3>\n<\/li>\n<li>\n<h3>Tejido de primera calidad, regalo m\u00e1gico<\/h3>\n<\/li>\n<li>\n<h3>Transportadores festivos alegres y duraderos<\/h3>\n<\/li>\n<li>\n<h3>Dise\u00f1os encantadores, alegr\u00eda asequible<\/h3>\n<\/li>\n<\/ul>\n<p>&nbsp;<\/p>\n<p>&nbsp;<\/p>\n<p><img fetchpriority=\"high\" decoding=\"async\" class=\"wp-image-22794 aligncenter\" title=\"Decoraciones navide\u00f1as Pap\u00e1 Noel Mu\u00f1eco de nieve Ciervo Bolsa de regalo\" src=\"https:\/\/www.sellersunionagent.com\/wp-content\/uploads\/2025\/03\/O1CN01iz3OLd1tAqd9KaAoW_2216813615862-0-cib-2025033109022256.webp\" alt=\"Decoraciones navide\u00f1as Pap\u00e1 Noel Mu\u00f1eco de nieve Ciervo Bolsa de regalo\" width=\"721\" height=\"800\" \/><\/p>","protected":false},"excerpt":{"rendered":"<p><strong>MOQ<\/strong>:  1000 piezas<br \/>\n<strong>Muestra gratuita<\/strong>:  Soporte<br \/>\n<strong>Personalizaci\u00f3n<\/strong>logo \/ color \/ materiales \/ embalaje, etc.<br \/>\n<strong>Descuento<\/strong>:  Primeros pedidos desde 10% de descuento.<br \/>\n<strong>Porcentaje de entregas a tiempo<\/strong>:\u00a0 100%<br \/>\n<strong>Env\u00edos totales<\/strong>:  10000 piezas<br \/>\n<strong>Env\u00edo<\/strong>: Apoyo Express-Carga mar\u00edtima-Carga terrestre<\/p>","protected":false},"featured_media":22789,"comment_status":"open","ping_status":"closed","template":"","meta":{"_acf_changed":false},"product_brand":[],"product_cat":[235,323],"product_tag":[311],"class_list":{"0":"post-22788","1":"product","2":"type-product","3":"status-publish","4":"has-post-thumbnail","6":"product_cat-christmas-decoration","7":"product_cat-christmas-textiles","8":"product_tag-christmas-decorations-santa-claus-snowman-deer-gift-bag","10":"first","11":"instock","12":"shipping-taxable","13":"product-type-simple","14":"swiper-slide"},"acf":[],"_links":{"self":[{"href":"https:\/\/www.sellersunionagent.com\/es\/wp-json\/wp\/v2\/product\/22788","targetHints":{"allow":["GET"]}}],"collection":[{"href":"https:\/\/www.sellersunionagent.com\/es\/wp-json\/wp\/v2\/product"}],"about":[{"href":"https:\/\/www.sellersunionagent.com\/es\/wp-json\/wp\/v2\/types\/product"}],"replies":[{"embeddable":true,"href":"https:\/\/www.sellersunionagent.com\/es\/wp-json\/wp\/v2\/comments?post=22788"}],"wp:featuredmedia":[{"embeddable":true,"href":"https:\/\/www.sellersunionagent.com\/es\/wp-json\/wp\/v2\/media\/22789"}],"wp:attachment":[{"href":"https:\/\/www.sellersunionagent.com\/es\/wp-json\/wp\/v2\/media?parent=22788"}],"wp:term":[{"taxonomy":"product_brand","embeddable":true,"href":"https:\/\/www.sellersunionagent.com\/es\/wp-json\/wp\/v2\/product_brand?post=22788"},{"taxonomy":"product_cat","embeddable":true,"href":"https:\/\/www.sellersunionagent.com\/es\/wp-json\/wp\/v2\/product_cat?post=22788"},{"taxonomy":"product_tag","embeddable":true,"href":"https:\/\/www.sellersunionagent.com\/es\/wp-json\/wp\/v2\/product_tag?post=22788"}],"curies":[{"name":"wp","href":"https:\/\/api.w.org\/{rel}","templated":true}]}}