{"id":22706,"date":"2025-03-19T09:51:11","date_gmt":"2025-03-19T01:51:11","guid":{"rendered":"https:\/\/sellersunionagent.com\/?post_type=product&#038;p=22706"},"modified":"2025-11-28T10:29:12","modified_gmt":"2025-11-28T02:29:12","slug":"vaso-de-agua-de-ceramica-pintado-a-mano-con-diseno-creativo-transfronterizo-de-papa-noel-invertido","status":"publish","type":"product","link":"https:\/\/www.sellersunionagent.com\/es\/cross-border-creative-inverted-hand-painted-ceramic-santa-claus-water-cup\/","title":{"rendered":"Vaso de agua de cer\u00e1mica pintado a mano con dise\u00f1o creativo transfronterizo de Pap\u00e1 Noel invertido"},"content":{"rendered":"<h1>Vaso de agua de cer\u00e1mica pintado a mano con dise\u00f1o creativo transfronterizo de Pap\u00e1 Noel invertido<\/h1>\n<h3>Tipo: Copa<br \/>\nN\u00famero de art\u00edculo: QH5113<br \/>\nTama\u00f1o del art\u00edculo: 18 x 18 x 15 cm; 301-400 ml.<br \/>\nColores: rojo\/marr\u00f3n, etc.<br \/>\nMaterial: cer\u00e1mica<\/h3>\n<p>&nbsp;<\/p>\n<ul>\n<li>\n<h3>Calidad inigualable para unas vacaciones inolvidables<\/h3>\n<\/li>\n<li>\n<h3>Lujo asequible para tu mesa festiva<\/h3>\n<\/li>\n<li>\n<h3>Celebra con estilo sin gastar mucho dinero<\/h3>\n<\/li>\n<li>\n<h3>La magia de las fiestas se une a un valor excepcional<\/h3>\n<\/li>\n<\/ul>\n<p>&nbsp;<\/p>\n<p><img fetchpriority=\"high\" decoding=\"async\" class=\"wp-image-22717 aligncenter\" title=\"Vaso de agua de cer\u00e1mica pintado a mano con dise\u00f1o creativo transfronterizo de Pap\u00e1 Noel invertido\" src=\"https:\/\/www.sellersunionagent.com\/wp-content\/uploads\/2025\/03\/O1CN01s7jgrY1SCgievq4qR_954932211-0-cib-2025031901485396.webp\" alt=\"Vaso de agua de cer\u00e1mica pintado a mano con dise\u00f1o creativo transfronterizo de Pap\u00e1 Noel invertido \" width=\"600\" height=\"600\" \/><\/p>","protected":false},"excerpt":{"rendered":"<p><strong>MOQ<\/strong>:  1000 piezas<br \/>\n<strong>Muestra gratuita<\/strong>:  Soporte<br \/>\n<strong>Personalizaci\u00f3n<\/strong>logo \/ color \/ materiales \/ embalaje, etc.<br \/>\n<strong>Descuento<\/strong>:  Primeros pedidos desde 10% de descuento.<br \/>\n<strong>Porcentaje de entregas a tiempo<\/strong>:\u00a0 100%<br \/>\n<strong>Env\u00edos totales<\/strong>:  10000 piezas<br \/>\n<strong>Env\u00edo<\/strong>: Apoyo Express-Carga mar\u00edtima-Carga terrestre<\/p>","protected":false},"featured_media":22713,"comment_status":"open","ping_status":"closed","template":"","meta":{"_acf_changed":false},"product_brand":[],"product_cat":[235,322],"product_tag":[305],"class_list":{"0":"post-22706","1":"product","2":"type-product","3":"status-publish","4":"has-post-thumbnail","6":"product_cat-christmas-decoration","7":"product_cat-christmas-gift","8":"product_tag-cross-border-creative-inverted-hand-painted-ceramic-santa-claus-water-cup","10":"first","11":"instock","12":"shipping-taxable","13":"product-type-simple","14":"swiper-slide"},"acf":[],"_links":{"self":[{"href":"https:\/\/www.sellersunionagent.com\/es\/wp-json\/wp\/v2\/product\/22706","targetHints":{"allow":["GET"]}}],"collection":[{"href":"https:\/\/www.sellersunionagent.com\/es\/wp-json\/wp\/v2\/product"}],"about":[{"href":"https:\/\/www.sellersunionagent.com\/es\/wp-json\/wp\/v2\/types\/product"}],"replies":[{"embeddable":true,"href":"https:\/\/www.sellersunionagent.com\/es\/wp-json\/wp\/v2\/comments?post=22706"}],"wp:featuredmedia":[{"embeddable":true,"href":"https:\/\/www.sellersunionagent.com\/es\/wp-json\/wp\/v2\/media\/22713"}],"wp:attachment":[{"href":"https:\/\/www.sellersunionagent.com\/es\/wp-json\/wp\/v2\/media?parent=22706"}],"wp:term":[{"taxonomy":"product_brand","embeddable":true,"href":"https:\/\/www.sellersunionagent.com\/es\/wp-json\/wp\/v2\/product_brand?post=22706"},{"taxonomy":"product_cat","embeddable":true,"href":"https:\/\/www.sellersunionagent.com\/es\/wp-json\/wp\/v2\/product_cat?post=22706"},{"taxonomy":"product_tag","embeddable":true,"href":"https:\/\/www.sellersunionagent.com\/es\/wp-json\/wp\/v2\/product_tag?post=22706"}],"curies":[{"name":"wp","href":"https:\/\/api.w.org\/{rel}","templated":true}]}}