{"id":22621,"date":"2025-03-04T18:03:10","date_gmt":"2025-03-04T10:03:10","guid":{"rendered":"https:\/\/sellersunionagent.com\/?post_type=product&#038;p=22621"},"modified":"2025-11-28T10:03:27","modified_gmt":"2025-11-28T02:03:27","slug":"adornos-de-navidad-juegos-de-cuchillos-y-tenedores-vajilla-de-lino-encaje-suministros","status":"publish","type":"product","link":"https:\/\/www.sellersunionagent.com\/es\/christmas-decorations-knife-and-fork-sets-linen-lace-tableware-supplies\/","title":{"rendered":"Decoraciones Navide\u00f1as Juegos de Cuchillos y Tenedores Encaje de Lino Art\u00edculos de Mesa"},"content":{"rendered":"<h1>Decoraciones Navide\u00f1as Juegos de Cuchillos y Tenedores Encaje de Lino Art\u00edculos de Mesa<\/h1>\n<h3>Tipo: decoraci\u00f3n<\/h3>\n<h3>N\u00famero de art\u00edculo: srjt-3<\/h3>\n<h3>Tama\u00f1o del art\u00edculo: 11*21cm<\/h3>\n<h3>Colores: amarillo<\/h3>\n<h3>Material: lino<\/h3>\n<h4><\/h4>\n<ul>\n<li>\n<h4>Vajilla elegante<\/h4>\n<\/li>\n<li>\n<h4>Lino de lujo<\/h4>\n<\/li>\n<li>\n<h4>Maridaje perfecto<\/h4>\n<\/li>\n<li>\n<h4>Imprescindibles en vacaciones<\/h4>\n<p><img fetchpriority=\"high\" decoding=\"async\" class=\"aligncenter wp-image-22628\" title=\"\u4f01\u4e1a\u5fae\u4fe1\u622a\u56fe 20250304175409 2025030410004655\" src=\"https:\/\/www.sellersunionagent.com\/wp-content\/uploads\/2025\/03\/\u4f01\u4e1a\u5fae\u4fe1\u622a\u56fe_20250304175409-2025030410004655.webp\" alt=\"Decoraciones Navide\u00f1as Juegos de Cuchillos y Tenedores Encaje de Lino Art\u00edculos de Mesa\" width=\"600\" height=\"563\" \/><\/p>\n<p><img decoding=\"async\" class=\"aligncenter wp-image-22627\" title=\"\u4f01\u4e1a\u5fae\u4fe1\u622a\u56fe 20250304175358 2025030410004348\" src=\"https:\/\/www.sellersunionagent.com\/wp-content\/uploads\/2025\/03\/\u4f01\u4e1a\u5fae\u4fe1\u622a\u56fe_20250304175358-2025030410004348.webp\" alt=\"Decoraciones Navide\u00f1as Juegos de Cuchillos y Tenedores Encaje de Lino Art\u00edculos de Mesa\" width=\"600\" height=\"596\" \/><\/p>\n<p><img decoding=\"async\" class=\"aligncenter wp-image-22626\" title=\"\u4f01\u4e1a\u5fae\u4fe1\u622a\u56fe 20250304175349 2025030410003950\" src=\"https:\/\/www.sellersunionagent.com\/wp-content\/uploads\/2025\/03\/\u4f01\u4e1a\u5fae\u4fe1\u622a\u56fe_20250304175349-2025030410003950.webp\" alt=\"Decoraciones Navide\u00f1as Juegos de Cuchillos y Tenedores Encaje de Lino Art\u00edculos de Mesa\" width=\"600\" height=\"599\" \/><\/li>\n<\/ul>","protected":false},"excerpt":{"rendered":"<p><strong>MOQ<\/strong>:  1000 piezas<br \/>\n<strong>Muestra gratuita<\/strong>:  Soporte<br \/>\n<strong>Personalizaci\u00f3n<\/strong>logo \/ color \/ materiales \/ embalaje, etc.<br \/>\n<strong>Descuento<\/strong>:  Primeros pedidos desde 10% de descuento.<br \/>\n<strong>Porcentaje de entregas a tiempo<\/strong>:\u00a0 100%<br \/>\n<strong>Env\u00edos totales<\/strong>:  10000 piezas<br \/>\n<strong>Env\u00edo<\/strong>: Apoyo Express-Carga mar\u00edtima-Carga terrestre<\/p>","protected":false},"featured_media":22622,"comment_status":"open","ping_status":"closed","template":"","meta":{"_acf_changed":false},"product_brand":[],"product_cat":[235,323],"product_tag":[87,42,50,99],"class_list":{"0":"post-22621","1":"product","2":"type-product","3":"status-publish","4":"has-post-thumbnail","6":"product_cat-christmas-decoration","7":"product_cat-christmas-textiles","8":"product_tag-bulk-wholesale","9":"product_tag-high-quality","10":"product_tag-wholesale","11":"product_tag-wholesale-maker-from-china","13":"first","14":"instock","15":"shipping-taxable","16":"product-type-simple","17":"swiper-slide"},"acf":[],"_links":{"self":[{"href":"https:\/\/www.sellersunionagent.com\/es\/wp-json\/wp\/v2\/product\/22621","targetHints":{"allow":["GET"]}}],"collection":[{"href":"https:\/\/www.sellersunionagent.com\/es\/wp-json\/wp\/v2\/product"}],"about":[{"href":"https:\/\/www.sellersunionagent.com\/es\/wp-json\/wp\/v2\/types\/product"}],"replies":[{"embeddable":true,"href":"https:\/\/www.sellersunionagent.com\/es\/wp-json\/wp\/v2\/comments?post=22621"}],"wp:featuredmedia":[{"embeddable":true,"href":"https:\/\/www.sellersunionagent.com\/es\/wp-json\/wp\/v2\/media\/22622"}],"wp:attachment":[{"href":"https:\/\/www.sellersunionagent.com\/es\/wp-json\/wp\/v2\/media?parent=22621"}],"wp:term":[{"taxonomy":"product_brand","embeddable":true,"href":"https:\/\/www.sellersunionagent.com\/es\/wp-json\/wp\/v2\/product_brand?post=22621"},{"taxonomy":"product_cat","embeddable":true,"href":"https:\/\/www.sellersunionagent.com\/es\/wp-json\/wp\/v2\/product_cat?post=22621"},{"taxonomy":"product_tag","embeddable":true,"href":"https:\/\/www.sellersunionagent.com\/es\/wp-json\/wp\/v2\/product_tag?post=22621"}],"curies":[{"name":"wp","href":"https:\/\/api.w.org\/{rel}","templated":true}]}}