{"id":22612,"date":"2025-03-04T17:52:26","date_gmt":"2025-03-04T09:52:26","guid":{"rendered":"https:\/\/sellersunionagent.com\/?post_type=product&#038;p=22612"},"modified":"2025-11-27T18:24:46","modified_gmt":"2025-11-27T10:24:46","slug":"decoracion-navidena-mimbre-mimbre-artificial","status":"publish","type":"product","link":"https:\/\/www.sellersunionagent.com\/es\/christmas-decoration-rattan-artificial-rattan\/","title":{"rendered":"Decoraci\u00f3n navide\u00f1a Rat\u00e1n Rat\u00e1n artificial"},"content":{"rendered":"<h1>Decoraci\u00f3n navide\u00f1a Rat\u00e1n Rat\u00e1n artificial<\/h1>\n<h3>Tipo: decoraci\u00f3n<\/h3>\n<h3>N\u00famero de art\u00edculo: srjt-2<\/h3>\n<h3>Tama\u00f1o del art\u00edculo: 2,7 m<\/h3>\n<h3>Colores: (Fruta roja, bola roja, pi\u00f1a) \/(Fruta dorada, bola blanca, pi\u00f1a) \/(Fruta dorada, bola dorada, pi\u00f1a)<\/h3>\n<h3>Material: pvc<\/h3>\n<p>&nbsp;<\/p>\n<ul>\n<li>\n<h4>Rat\u00e1n ecol\u00f3gico<\/h4>\n<\/li>\n<li>\n<h4>Dise\u00f1o duradero<\/h4>\n<\/li>\n<li>\n<h4>Material resistente a la intemperie<\/h4>\n<\/li>\n<li>\n<h4>Elegancia atemporal<\/h4>\n<p><img fetchpriority=\"high\" decoding=\"async\" class=\"aligncenter wp-image-22615\" title=\"Captura de pantalla de WeChat Enterprise 20250304174453 2025030409493293\" src=\"https:\/\/www.sellersunionagent.com\/wp-content\/uploads\/2025\/03\/\u4f01\u4e1a\u5fae\u4fe1\u622a\u56fe_20250304174453-2025030409493293.webp\" alt=\"Decoraci\u00f3n navide\u00f1a Rat\u00e1n Rat\u00e1n artificial\" width=\"600\" height=\"586\" \/><\/p>\n<p><img decoding=\"async\" class=\"aligncenter wp-image-22614\" title=\"Captura de pantalla de WeChat Enterprise 20250304174431 2025030409492972\" src=\"https:\/\/www.sellersunionagent.com\/wp-content\/uploads\/2025\/03\/\u4f01\u4e1a\u5fae\u4fe1\u622a\u56fe_20250304174431-2025030409492972.webp\" alt=\"Decoraci\u00f3n navide\u00f1a Rat\u00e1n Rat\u00e1n artificial\" width=\"600\" height=\"444\" \/><\/p>\n<p><img decoding=\"async\" class=\"aligncenter wp-image-22613\" title=\"Captura de pantalla de WeChat Enterprise 20250304174404 2025030409491932\" src=\"https:\/\/www.sellersunionagent.com\/wp-content\/uploads\/2025\/03\/\u4f01\u4e1a\u5fae\u4fe1\u622a\u56fe_20250304174404-2025030409491932.webp\" alt=\"Decoraci\u00f3n navide\u00f1a Rat\u00e1n Rat\u00e1n artificial\" width=\"600\" height=\"590\" \/><\/li>\n<\/ul>","protected":false},"excerpt":{"rendered":"<p><strong>MOQ<\/strong>:  1000 piezas<br \/>\n<strong>Muestra gratuita<\/strong>:  Soporte<br \/>\n<strong>Personalizaci\u00f3n<\/strong>logo \/ color \/ materiales \/ embalaje, etc.<br \/>\n<strong>Descuento<\/strong>:  Primeros pedidos desde 10% de descuento.<br \/>\n<strong>Porcentaje de entregas a tiempo<\/strong>:\u00a0 100%<br \/>\n<strong>Env\u00edos totales<\/strong>:  10000 piezas<br \/>\n<strong>Env\u00edo<\/strong>: Apoyo Express-Carga mar\u00edtima-Carga terrestre<\/p>","protected":false},"featured_media":22616,"comment_status":"open","ping_status":"closed","template":"","meta":{"_acf_changed":false},"product_brand":[],"product_cat":[235,320],"product_tag":[87,42,50,99],"class_list":{"0":"post-22612","1":"product","2":"type-product","3":"status-publish","4":"has-post-thumbnail","6":"product_cat-christmas-decoration","7":"product_cat-christmas-wreaths","8":"product_tag-bulk-wholesale","9":"product_tag-high-quality","10":"product_tag-wholesale","11":"product_tag-wholesale-maker-from-china","13":"first","14":"instock","15":"shipping-taxable","16":"product-type-simple","17":"swiper-slide"},"acf":[],"_links":{"self":[{"href":"https:\/\/www.sellersunionagent.com\/es\/wp-json\/wp\/v2\/product\/22612","targetHints":{"allow":["GET"]}}],"collection":[{"href":"https:\/\/www.sellersunionagent.com\/es\/wp-json\/wp\/v2\/product"}],"about":[{"href":"https:\/\/www.sellersunionagent.com\/es\/wp-json\/wp\/v2\/types\/product"}],"replies":[{"embeddable":true,"href":"https:\/\/www.sellersunionagent.com\/es\/wp-json\/wp\/v2\/comments?post=22612"}],"wp:featuredmedia":[{"embeddable":true,"href":"https:\/\/www.sellersunionagent.com\/es\/wp-json\/wp\/v2\/media\/22616"}],"wp:attachment":[{"href":"https:\/\/www.sellersunionagent.com\/es\/wp-json\/wp\/v2\/media?parent=22612"}],"wp:term":[{"taxonomy":"product_brand","embeddable":true,"href":"https:\/\/www.sellersunionagent.com\/es\/wp-json\/wp\/v2\/product_brand?post=22612"},{"taxonomy":"product_cat","embeddable":true,"href":"https:\/\/www.sellersunionagent.com\/es\/wp-json\/wp\/v2\/product_cat?post=22612"},{"taxonomy":"product_tag","embeddable":true,"href":"https:\/\/www.sellersunionagent.com\/es\/wp-json\/wp\/v2\/product_tag?post=22612"}],"curies":[{"name":"wp","href":"https:\/\/api.w.org\/{rel}","templated":true}]}}