{"id":22602,"date":"2025-03-04T17:41:44","date_gmt":"2025-03-04T09:41:44","guid":{"rendered":"https:\/\/sellersunionagent.com\/?post_type=product&#038;p=22602"},"modified":"2025-11-27T18:24:46","modified_gmt":"2025-11-27T10:24:46","slug":"led-baston-de-navidad-diy-decoracion-baston","status":"publish","type":"product","link":"https:\/\/www.sellersunionagent.com\/es\/led-christmas-cane-diy-decoration-cane\/","title":{"rendered":"Bast\u00f3n de Navidad de Led Decoraci\u00f3n DIY Bast\u00f3n"},"content":{"rendered":"<h1>Bast\u00f3n de Navidad de Led Decoraci\u00f3n DIY Bast\u00f3n<\/h1>\n<h3>Tipo: decoraci\u00f3n<\/h3>\n<h3>N\u00famero de art\u00edculo: srjt-1<\/h3>\n<h3>Tama\u00f1o del art\u00edculo: 2,7 m<\/h3>\n<h3>Material: pvc<\/h3>\n<p>&nbsp;<\/p>\n<ul>\n<li>\n<h4>Decoraci\u00f3n navide\u00f1a personalizable<\/h4>\n<\/li>\n<li>\n<h4>Material respetuoso con el medio ambiente<\/h4>\n<\/li>\n<li>\n<h4>F\u00e1cil montaje<\/h4>\n<p><img fetchpriority=\"high\" decoding=\"async\" class=\"aligncenter wp-image-22604\" title=\"\u4f01\u4e1a\u5fae\u4fe1\u622a\u56fe 20250304172006 2025030409374529\" src=\"https:\/\/www.sellersunionagent.com\/wp-content\/uploads\/2025\/03\/\u4f01\u4e1a\u5fae\u4fe1\u622a\u56fe_20250304172006-2025030409374529.webp\" alt=\"Bast\u00f3n de Navidad de Led Decoraci\u00f3n DIY Bast\u00f3n\" width=\"600\" height=\"594\" \/><\/p>\n<p><img decoding=\"async\" class=\"aligncenter wp-image-22605\" title=\"\u4f01\u4e1a\u5fae\u4fe1\u622a\u56fe 20250304172018 2025030409375037\" src=\"https:\/\/www.sellersunionagent.com\/wp-content\/uploads\/2025\/03\/\u4f01\u4e1a\u5fae\u4fe1\u622a\u56fe_20250304172018-2025030409375037.webp\" alt=\"Bast\u00f3n de Navidad de Led Decoraci\u00f3n DIY Bast\u00f3n\" width=\"600\" height=\"600\" \/><\/p>\n<p><img decoding=\"async\" class=\"aligncenter wp-image-22606\" title=\"\u4f01\u4e1a\u5fae\u4fe1\u622a\u56fe 20250304172031 2025030409380040\" src=\"https:\/\/www.sellersunionagent.com\/wp-content\/uploads\/2025\/03\/\u4f01\u4e1a\u5fae\u4fe1\u622a\u56fe_20250304172031-2025030409380040.webp\" alt=\"Bast\u00f3n de Navidad de Led Decoraci\u00f3n DIY Bast\u00f3n\" width=\"600\" height=\"597\" \/><\/li>\n<\/ul>","protected":false},"excerpt":{"rendered":"<p><strong>MOQ<\/strong>:  1000 piezas<br \/>\n<strong>Muestra gratuita<\/strong>:  Soporte<br \/>\n<strong>Personalizaci\u00f3n<\/strong>logo \/ color \/ materiales \/ embalaje, etc.<br \/>\n<strong>Descuento<\/strong>:  Primeros pedidos desde 10% de descuento.<br \/>\n<strong>Porcentaje de entregas a tiempo<\/strong>:\u00a0 100%<br \/>\n<strong>Env\u00edos totales<\/strong>:  10000 piezas<br \/>\n<strong>Env\u00edo<\/strong>: Apoyo Express-Carga mar\u00edtima-Carga terrestre<\/p>","protected":false},"featured_media":22608,"comment_status":"open","ping_status":"closed","template":"","meta":{"_acf_changed":false},"product_brand":[],"product_cat":[235,320],"product_tag":[87,49,42,99],"class_list":{"0":"post-22602","1":"product","2":"type-product","3":"status-publish","4":"has-post-thumbnail","6":"product_cat-christmas-decoration","7":"product_cat-christmas-wreaths","8":"product_tag-bulk-wholesale","9":"product_tag-good-quality","10":"product_tag-high-quality","11":"product_tag-wholesale-maker-from-china","13":"first","14":"instock","15":"shipping-taxable","16":"product-type-simple","17":"swiper-slide"},"acf":[],"_links":{"self":[{"href":"https:\/\/www.sellersunionagent.com\/es\/wp-json\/wp\/v2\/product\/22602","targetHints":{"allow":["GET"]}}],"collection":[{"href":"https:\/\/www.sellersunionagent.com\/es\/wp-json\/wp\/v2\/product"}],"about":[{"href":"https:\/\/www.sellersunionagent.com\/es\/wp-json\/wp\/v2\/types\/product"}],"replies":[{"embeddable":true,"href":"https:\/\/www.sellersunionagent.com\/es\/wp-json\/wp\/v2\/comments?post=22602"}],"wp:featuredmedia":[{"embeddable":true,"href":"https:\/\/www.sellersunionagent.com\/es\/wp-json\/wp\/v2\/media\/22608"}],"wp:attachment":[{"href":"https:\/\/www.sellersunionagent.com\/es\/wp-json\/wp\/v2\/media?parent=22602"}],"wp:term":[{"taxonomy":"product_brand","embeddable":true,"href":"https:\/\/www.sellersunionagent.com\/es\/wp-json\/wp\/v2\/product_brand?post=22602"},{"taxonomy":"product_cat","embeddable":true,"href":"https:\/\/www.sellersunionagent.com\/es\/wp-json\/wp\/v2\/product_cat?post=22602"},{"taxonomy":"product_tag","embeddable":true,"href":"https:\/\/www.sellersunionagent.com\/es\/wp-json\/wp\/v2\/product_tag?post=22602"}],"curies":[{"name":"wp","href":"https:\/\/api.w.org\/{rel}","templated":true}]}}