{"id":22574,"date":"2025-02-27T18:32:34","date_gmt":"2025-02-27T10:32:34","guid":{"rendered":"https:\/\/sellersunionagent.com\/?post_type=product&#038;p=22574"},"modified":"2025-11-28T10:15:01","modified_gmt":"2025-11-28T02:15:01","slug":"nueva-aventura-navidena-de-bordado-a-ganchillo-clip-para-el-cabello-para-ninas-accesorios-para-el-cabello-para-ninas-en-vacaciones","status":"publish","type":"product","link":"https:\/\/www.sellersunionagent.com\/es\/new-christmas-crochet-embroidery-adventure-bb-clip-children-girls-holiday-hair-accessories\/","title":{"rendered":"Nueva aventura navide\u00f1a de bordado a ganchillo BB Clip Accesorios para el cabello para ni\u00f1as en vacaciones"},"content":{"rendered":"<h1>Nueva aventura navide\u00f1a de bordado a ganchillo BB Clip Accesorios para el cabello para ni\u00f1as en vacaciones<\/h1>\n<h3>Tipo: Accesorios para el cabello<br \/>\nN\u00famero de art\u00edculo: FJ892846<br \/>\nTama\u00f1o del art\u00edculo: 3,5 x 7 cm<br \/>\nColores: blanco\/rojo\/verde<br \/>\nMaterial: hilo de lana<\/h3>\n<p>&nbsp;<\/p>\n<p>&nbsp;<\/p>\n<ul>\n<li>\n<h3>Festivo y conmovedor<\/h3>\n<\/li>\n<li>\n<h3>Exquisita artesan\u00eda<\/h3>\n<\/li>\n<li>\n<h3>Calidad superior<\/h3>\n<p><img fetchpriority=\"high\" decoding=\"async\" class=\"wp-image-22575 aligncenter\" title=\"Nueva aventura navide\u00f1a de bordado a ganchillo BB Clip Accesorios para el cabello para ni\u00f1as en vacaciones\" src=\"https:\/\/www.sellersunionagent.com\/wp-content\/uploads\/2025\/02\/O1CN01Bq2f8p1xjtVvSrKje_2212350926480-0-cib-2025022710285772.webp\" alt=\"Nueva aventura navide\u00f1a de bordado a ganchillo BB Clip Accesorios para el cabello para ni\u00f1as en vacaciones\" width=\"800\" height=\"800\" \/><\/li>\n<\/ul>\n<p>&nbsp;<\/p>","protected":false},"excerpt":{"rendered":"<p><strong>MOQ<\/strong>:  1000 piezas<br \/>\n<strong>Muestra gratuita<\/strong>:  Soporte<br \/>\n<strong>Personalizaci\u00f3n<\/strong>logo \/ color \/ materiales \/ embalaje, etc.<br \/>\n<strong>Descuento<\/strong>:  Primeros pedidos desde 10% de descuento.<br \/>\n<strong>Porcentaje de entregas a tiempo<\/strong>:\u00a0 100%<br \/>\n<strong>Env\u00edos totales<\/strong>:  10000 piezas<br \/>\n<strong>Env\u00edo<\/strong>: Apoyo Express-Carga mar\u00edtima-Carga terrestre<\/p>","protected":false},"featured_media":22576,"comment_status":"open","ping_status":"closed","template":"","meta":{"_acf_changed":false},"product_brand":[],"product_cat":[235,322],"product_tag":[301],"class_list":{"0":"post-22574","1":"product","2":"type-product","3":"status-publish","4":"has-post-thumbnail","6":"product_cat-christmas-decoration","7":"product_cat-christmas-gift","8":"product_tag-new-christmas-crochet-embroidery-adventure-bb-clip-children-girls-holiday-hair-accessories","10":"first","11":"instock","12":"shipping-taxable","13":"product-type-simple","14":"swiper-slide"},"acf":[],"_links":{"self":[{"href":"https:\/\/www.sellersunionagent.com\/es\/wp-json\/wp\/v2\/product\/22574","targetHints":{"allow":["GET"]}}],"collection":[{"href":"https:\/\/www.sellersunionagent.com\/es\/wp-json\/wp\/v2\/product"}],"about":[{"href":"https:\/\/www.sellersunionagent.com\/es\/wp-json\/wp\/v2\/types\/product"}],"replies":[{"embeddable":true,"href":"https:\/\/www.sellersunionagent.com\/es\/wp-json\/wp\/v2\/comments?post=22574"}],"wp:featuredmedia":[{"embeddable":true,"href":"https:\/\/www.sellersunionagent.com\/es\/wp-json\/wp\/v2\/media\/22576"}],"wp:attachment":[{"href":"https:\/\/www.sellersunionagent.com\/es\/wp-json\/wp\/v2\/media?parent=22574"}],"wp:term":[{"taxonomy":"product_brand","embeddable":true,"href":"https:\/\/www.sellersunionagent.com\/es\/wp-json\/wp\/v2\/product_brand?post=22574"},{"taxonomy":"product_cat","embeddable":true,"href":"https:\/\/www.sellersunionagent.com\/es\/wp-json\/wp\/v2\/product_cat?post=22574"},{"taxonomy":"product_tag","embeddable":true,"href":"https:\/\/www.sellersunionagent.com\/es\/wp-json\/wp\/v2\/product_tag?post=22574"}],"curies":[{"name":"wp","href":"https:\/\/api.w.org\/{rel}","templated":true}]}}