{"id":22523,"date":"2025-02-17T11:41:15","date_gmt":"2025-02-17T03:41:15","guid":{"rendered":"https:\/\/sellersunionagent.com\/?post_type=product&#038;p=22523"},"modified":"2025-11-28T10:15:35","modified_gmt":"2025-11-28T02:15:35","slug":"nuevo-y-creativo-peluche-pacha-puppy-dios-de-la-fortuna-perro-broche-para-arbol-de-navidad-accesorios-para-munecas","status":"publish","type":"product","link":"https:\/\/www.sellersunionagent.com\/es\/creative-new-plush-pacha-puppy-charm-god-of-fortune-dog-christmas-tree-brooch-cute-doll-accessories\/","title":{"rendered":"Nuevo y creativo broche de peluche Pacha Puppy, dios de la fortuna, perro, \u00e1rbol de Navidad, accesorios para mu\u00f1ecas."},"content":{"rendered":"<h1>Nuevo y creativo broche de peluche Pacha Puppy, dios de la fortuna, perro, \u00e1rbol de Navidad, accesorios para mu\u00f1ecas.<\/h1>\n<h3>Tipo: Accesorio para mu\u00f1ecas<br \/>\nN\u00famero de art\u00edculo: FS941-278<br \/>\nTama\u00f1o del art\u00edculo: 7,5 x 11 cm\/8,5 x 12,5 cm<br \/>\nColores: blanco\/verde\/rojo<br \/>\nMaterial: peludo<\/h3>\n<ul>\n<li>\n<h4>Perfecci\u00f3n artesanal<\/h4>\n<\/li>\n<li>\n<h4>Exquisitamente detallado<\/h4>\n<\/li>\n<li>\n<h4>S\u00faper suave<\/h4>\n<\/li>\n<li>\n<h4>Alta calidad<\/h4>\n<\/li>\n<\/ul>\n<p><img fetchpriority=\"high\" decoding=\"async\" class=\"wp-image-22528 aligncenter\" title=\"Nuevo y creativo broche de peluche Pacha Puppy, dios de la fortuna, perro, \u00e1rbol de Navidad, accesorios para mu\u00f1ecas.\" src=\"https:\/\/www.sellersunionagent.com\/wp-content\/uploads\/2025\/02\/5-2025021703390346.webp\" alt=\"Nuevo y creativo broche de peluche Pacha Puppy, dios de la fortuna, perro, \u00e1rbol de Navidad, accesorios para mu\u00f1ecas.\" width=\"600\" height=\"600\" \/><\/p>","protected":false},"excerpt":{"rendered":"<p><strong>MOQ<\/strong>:  1000 piezas<br \/>\n<strong>Muestra gratuita<\/strong>:  Soporte<br \/>\n<strong>Personalizaci\u00f3n<\/strong>logo \/ color \/ materiales \/ embalaje, etc.<br \/>\n<strong>Descuento<\/strong>:  Primeros pedidos desde 10% de descuento.<br \/>\n<strong>Porcentaje de entregas a tiempo<\/strong>:\u00a0 100%<br \/>\n<strong>Env\u00edos totales<\/strong>:  10000 piezas<br \/>\n<strong>Env\u00edo<\/strong>: Apoyo Express-Carga mar\u00edtima-Carga terrestre<\/p>","protected":false},"featured_media":22524,"comment_status":"open","ping_status":"closed","template":"","meta":{"_acf_changed":false},"product_brand":[],"product_cat":[235,323],"product_tag":[296],"class_list":{"0":"post-22523","1":"product","2":"type-product","3":"status-publish","4":"has-post-thumbnail","6":"product_cat-christmas-decoration","7":"product_cat-christmas-textiles","8":"product_tag-creative-new-plush-pacha-puppy-charm-god-of-fortune-dog-christmas-tree-brooch-cute-doll-accessories","10":"first","11":"instock","12":"shipping-taxable","13":"product-type-simple","14":"swiper-slide"},"acf":[],"_links":{"self":[{"href":"https:\/\/www.sellersunionagent.com\/es\/wp-json\/wp\/v2\/product\/22523","targetHints":{"allow":["GET"]}}],"collection":[{"href":"https:\/\/www.sellersunionagent.com\/es\/wp-json\/wp\/v2\/product"}],"about":[{"href":"https:\/\/www.sellersunionagent.com\/es\/wp-json\/wp\/v2\/types\/product"}],"replies":[{"embeddable":true,"href":"https:\/\/www.sellersunionagent.com\/es\/wp-json\/wp\/v2\/comments?post=22523"}],"wp:featuredmedia":[{"embeddable":true,"href":"https:\/\/www.sellersunionagent.com\/es\/wp-json\/wp\/v2\/media\/22524"}],"wp:attachment":[{"href":"https:\/\/www.sellersunionagent.com\/es\/wp-json\/wp\/v2\/media?parent=22523"}],"wp:term":[{"taxonomy":"product_brand","embeddable":true,"href":"https:\/\/www.sellersunionagent.com\/es\/wp-json\/wp\/v2\/product_brand?post=22523"},{"taxonomy":"product_cat","embeddable":true,"href":"https:\/\/www.sellersunionagent.com\/es\/wp-json\/wp\/v2\/product_cat?post=22523"},{"taxonomy":"product_tag","embeddable":true,"href":"https:\/\/www.sellersunionagent.com\/es\/wp-json\/wp\/v2\/product_tag?post=22523"}],"curies":[{"name":"wp","href":"https:\/\/api.w.org\/{rel}","templated":true}]}}