{"id":22426,"date":"2025-02-07T13:38:09","date_gmt":"2025-02-07T05:38:09","guid":{"rendered":"https:\/\/sellersunionagent.com\/?post_type=product&#038;p=22426"},"modified":"2025-11-28T10:30:41","modified_gmt":"2025-11-28T02:30:41","slug":"nuevo-llavero-navideno-con-colgante-de-muneca-regalo-al-por-mayor","status":"publish","type":"product","link":"https:\/\/www.sellersunionagent.com\/es\/new-christmas-keychain-doll-pendant-gift-wholesale\/","title":{"rendered":"Nuevo llavero navide\u00f1o con colgante de mu\u00f1eca, regalo al por mayor"},"content":{"rendered":"<h1>Nuevo llavero navide\u00f1o con colgante de mu\u00f1eca, regalo al por mayor<\/h1>\n<h3>Tipo: Llavero<br \/>\nN\u00famero de art\u00edculo: 614653<br \/>\nTama\u00f1o del art\u00edculo: 7,5 x 10 cm<br \/>\nColores: rojo<br \/>\nMaterial: pvc<\/h3>\n<h4><\/h4>\n<ul>\n<li>\n<h4>Excelente mano de obra<\/h4>\n<\/li>\n<li>\n<h4>Decoraci\u00f3n navide\u00f1a<\/h4>\n<\/li>\n<li>\n<h4>Artesan\u00eda \u00fanica<\/h4>\n<\/li>\n<li>\n<h4>Materiales de alta calidad<\/h4>\n<\/li>\n<li>\n<h4>Multifuncional<\/h4>\n<\/li>\n<\/ul>\n<h4><\/h4>\n<p><img fetchpriority=\"high\" decoding=\"async\" class=\"wp-image-22431 aligncenter\" title=\"Nuevo llavero navide\u00f1o con colgante de mu\u00f1eca, regalo al por mayor\" src=\"https:\/\/www.sellersunionagent.com\/wp-content\/uploads\/2025\/02\/O1CN01hQIrqC1cKbhWBL4Ps_2216644893582-0-cib-2025020705351755.webp\" alt=\"Nuevo llavero navide\u00f1o con colgante de mu\u00f1eca, regalo al por mayor\" width=\"600\" height=\"600\" \/><\/p>\n<p><img decoding=\"async\" class=\"wp-image-22432 aligncenter\" title=\"Nuevo llavero navide\u00f1o con colgante de mu\u00f1eca, regalo al por mayor\" src=\"https:\/\/www.sellersunionagent.com\/wp-content\/uploads\/2025\/02\/O1CN01545wcv1cKbhV017Rx_2216644893582-0-cib-2025020705363420.webp\" alt=\"Nuevo llavero navide\u00f1o con colgante de mu\u00f1eca, regalo al por mayor\" width=\"600\" height=\"600\" \/><\/p>\n<p>&nbsp;<\/p>","protected":false},"excerpt":{"rendered":"<p><strong>MOQ<\/strong>:  1000 piezas<br \/>\n<strong>Muestra gratuita<\/strong>:  Soporte<br \/>\n<strong>Personalizaci\u00f3n<\/strong>logo \/ color \/ materiales \/ embalaje, etc.<br \/>\n<strong>Descuento<\/strong>:  Primeros pedidos desde 10% de descuento.<br \/>\n<strong>Porcentaje de entregas a tiempo<\/strong>:\u00a0 100%<br \/>\n<strong>Env\u00edos totales<\/strong>:  10000 piezas<br \/>\n<strong>Env\u00edo<\/strong>: Apoyo Express-Carga mar\u00edtima-Carga terrestre<\/p>","protected":false},"featured_media":22427,"comment_status":"open","ping_status":"closed","template":"","meta":{"_acf_changed":false},"product_brand":[],"product_cat":[235,322],"product_tag":[292],"class_list":{"0":"post-22426","1":"product","2":"type-product","3":"status-publish","4":"has-post-thumbnail","6":"product_cat-christmas-decoration","7":"product_cat-christmas-gift","8":"product_tag-new-christmas-keychain-doll-pendant-gift-wholesale","10":"first","11":"instock","12":"shipping-taxable","13":"product-type-simple","14":"swiper-slide"},"acf":[],"_links":{"self":[{"href":"https:\/\/www.sellersunionagent.com\/es\/wp-json\/wp\/v2\/product\/22426","targetHints":{"allow":["GET"]}}],"collection":[{"href":"https:\/\/www.sellersunionagent.com\/es\/wp-json\/wp\/v2\/product"}],"about":[{"href":"https:\/\/www.sellersunionagent.com\/es\/wp-json\/wp\/v2\/types\/product"}],"replies":[{"embeddable":true,"href":"https:\/\/www.sellersunionagent.com\/es\/wp-json\/wp\/v2\/comments?post=22426"}],"wp:featuredmedia":[{"embeddable":true,"href":"https:\/\/www.sellersunionagent.com\/es\/wp-json\/wp\/v2\/media\/22427"}],"wp:attachment":[{"href":"https:\/\/www.sellersunionagent.com\/es\/wp-json\/wp\/v2\/media?parent=22426"}],"wp:term":[{"taxonomy":"product_brand","embeddable":true,"href":"https:\/\/www.sellersunionagent.com\/es\/wp-json\/wp\/v2\/product_brand?post=22426"},{"taxonomy":"product_cat","embeddable":true,"href":"https:\/\/www.sellersunionagent.com\/es\/wp-json\/wp\/v2\/product_cat?post=22426"},{"taxonomy":"product_tag","embeddable":true,"href":"https:\/\/www.sellersunionagent.com\/es\/wp-json\/wp\/v2\/product_tag?post=22426"}],"curies":[{"name":"wp","href":"https:\/\/api.w.org\/{rel}","templated":true}]}}