{"id":22410,"date":"2025-02-07T11:37:19","date_gmt":"2025-02-07T03:37:19","guid":{"rendered":"https:\/\/sellersunionagent.com\/?post_type=product&#038;p=22410"},"modified":"2025-11-27T18:29:55","modified_gmt":"2025-11-27T10:29:55","slug":"trineo-lego-compatible-arbol-de-navidad-anciano-alce-regalo-bloques-de-construccion-ninos-juguete-ensamblado","status":"publish","type":"product","link":"https:\/\/www.sellersunionagent.com\/es\/compatible-lego-sleigh-christmas-tree-old-man-elk-gift-building-blocks-children-assembled-toy\/","title":{"rendered":"Compatible con LEGO Trineo \u00c1rbol de Navidad Viejo reno Regalo Bloques de construcci\u00f3n Ni\u00f1os Juguete ensamblado"},"content":{"rendered":"<h1><strong>Compatible con LEGO Trineo \u00c1rbol de Navidad Viejo reno Regalo Bloques de construcci\u00f3n Ni\u00f1os Juguete ensamblado<\/strong><\/h1>\n<h3>Tipo: Bloques de construcci\u00f3n<br \/>\nN\u00famero de art\u00edculo: M1128<br \/>\nTama\u00f1o del art\u00edculo: 11,2 x 7,8 x 4 cm<br \/>\nMaterial: pl\u00e1stico<\/h3>\n<ul>\n<li>\n<h4>Excelente mano de obra<\/h4>\n<\/li>\n<li>\n<h4>Decoraci\u00f3n navide\u00f1a<\/h4>\n<\/li>\n<li>\n<h4>Artesan\u00eda \u00fanica<\/h4>\n<\/li>\n<li>\n<h4>Materiales de alta calidad<\/h4>\n<\/li>\n<li>\n<h4>Multifuncional<\/h4>\n<\/li>\n<\/ul>\n<p>&nbsp;<\/p>\n<p><img fetchpriority=\"high\" decoding=\"async\" class=\"wp-image-22415 aligncenter\" title=\"Compatible con LEGO Trineo \u00c1rbol de Navidad Viejo reno Regalo Bloques de construcci\u00f3n Ni\u00f1os Juguete ensamblado\" src=\"https:\/\/www.sellersunionagent.com\/wp-content\/uploads\/2025\/02\/O1CN01rArkKZ1sBw3uBLG4S_2216936295729-0-cib-2025020703303478.webp\" alt=\"Compatible con LEGO Trineo \u00c1rbol de Navidad Viejo reno Regalo Bloques de construcci\u00f3n Ni\u00f1os Juguete ensamblado\" width=\"600\" height=\"600\" \/><\/p>\n<p><img decoding=\"async\" class=\"wp-image-22416 aligncenter\" title=\"Compatible con LEGO Trineo \u00c1rbol de Navidad Viejo reno Regalo Bloques de construcci\u00f3n Ni\u00f1os Juguete ensamblado\" src=\"https:\/\/www.sellersunionagent.com\/wp-content\/uploads\/2025\/02\/O1CN01Ay2lzo1sBw4ysO7lk_2216936295729-0-cib-2025020703305779.webp\" alt=\"Compatible con LEGO Trineo \u00c1rbol de Navidad Viejo reno Regalo Bloques de construcci\u00f3n Ni\u00f1os Juguete ensamblado\" width=\"600\" height=\"600\" \/><\/p>\n<p>&nbsp;<\/p>","protected":false},"excerpt":{"rendered":"<p><strong>MOQ<\/strong>:  1000 piezas<br \/>\n<strong>Muestra gratuita<\/strong>:  Soporte<br \/>\n<strong>Personalizaci\u00f3n<\/strong>logo \/ color \/ materiales \/ embalaje, etc.<br \/>\n<strong>Descuento<\/strong>:  Primeros pedidos desde 10% de descuento.<br \/>\n<strong>Porcentaje de entregas a tiempo<\/strong>:\u00a0 100%<br \/>\n<strong>Env\u00edos totales<\/strong>:  10000 piezas<br \/>\n<strong>Env\u00edo<\/strong>: Apoyo Express-Carga mar\u00edtima-Carga terrestre<\/p>","protected":false},"featured_media":22411,"comment_status":"open","ping_status":"closed","template":"","meta":{"_acf_changed":false},"product_brand":[],"product_cat":[235,321],"product_tag":[291],"class_list":{"0":"post-22410","1":"product","2":"type-product","3":"status-publish","4":"has-post-thumbnail","6":"product_cat-christmas-decoration","7":"product_cat-christmas-figurines","8":"product_tag-compatible-lego-sleigh-christmas-tree-old-man-elk-gift-building-blocks-children-assembled-toy","10":"first","11":"instock","12":"shipping-taxable","13":"product-type-simple","14":"swiper-slide"},"acf":[],"_links":{"self":[{"href":"https:\/\/www.sellersunionagent.com\/es\/wp-json\/wp\/v2\/product\/22410","targetHints":{"allow":["GET"]}}],"collection":[{"href":"https:\/\/www.sellersunionagent.com\/es\/wp-json\/wp\/v2\/product"}],"about":[{"href":"https:\/\/www.sellersunionagent.com\/es\/wp-json\/wp\/v2\/types\/product"}],"replies":[{"embeddable":true,"href":"https:\/\/www.sellersunionagent.com\/es\/wp-json\/wp\/v2\/comments?post=22410"}],"wp:featuredmedia":[{"embeddable":true,"href":"https:\/\/www.sellersunionagent.com\/es\/wp-json\/wp\/v2\/media\/22411"}],"wp:attachment":[{"href":"https:\/\/www.sellersunionagent.com\/es\/wp-json\/wp\/v2\/media?parent=22410"}],"wp:term":[{"taxonomy":"product_brand","embeddable":true,"href":"https:\/\/www.sellersunionagent.com\/es\/wp-json\/wp\/v2\/product_brand?post=22410"},{"taxonomy":"product_cat","embeddable":true,"href":"https:\/\/www.sellersunionagent.com\/es\/wp-json\/wp\/v2\/product_cat?post=22410"},{"taxonomy":"product_tag","embeddable":true,"href":"https:\/\/www.sellersunionagent.com\/es\/wp-json\/wp\/v2\/product_tag?post=22410"}],"curies":[{"name":"wp","href":"https:\/\/api.w.org\/{rel}","templated":true}]}}