{"id":22403,"date":"2025-02-07T09:33:59","date_gmt":"2025-02-07T01:33:59","guid":{"rendered":"https:\/\/sellersunionagent.com\/?post_type=product&#038;p=22403"},"modified":"2025-11-28T10:16:05","modified_gmt":"2025-11-28T02:16:05","slug":"nuevo-juego-de-botellas-de-vino-navidenas-para-decorar-fiestas-festivas","status":"publish","type":"product","link":"https:\/\/www.sellersunionagent.com\/es\/new-christmas-wine-bottle-set-holiday-party-decoration\/","title":{"rendered":"Nuevo juego de botellas de vino navide\u00f1as Decoraci\u00f3n para fiestas navide\u00f1as"},"content":{"rendered":"<h1>Nuevo juego de botellas de vino navide\u00f1as Decoraci\u00f3n para fiestas navide\u00f1as<\/h1>\n<h3>Tipo: Juego de botellas de vino<br \/>\nN\u00famero de art\u00edculo: TW0415077<br \/>\nTama\u00f1o del art\u00edculo: 30 x 14 cm<br \/>\nMaterial: tela<\/h3>\n<p>&nbsp;<\/p>\n<ul>\n<li>\n<h4>Excelente mano de obra<\/h4>\n<\/li>\n<li>\n<h4>Decoraci\u00f3n navide\u00f1a<\/h4>\n<\/li>\n<li>\n<h4>Artesan\u00eda \u00fanica<\/h4>\n<\/li>\n<li>\n<h4>Materiales de alta calidad<\/h4>\n<\/li>\n<\/ul>\n<p>&nbsp;<\/p>\n<p>&nbsp;<\/p>\n<p><img fetchpriority=\"high\" decoding=\"async\" class=\"wp-image-22408 aligncenter\" title=\"Nuevo juego de botellas de vino navide\u00f1as Decoraci\u00f3n para fiestas navide\u00f1as\" src=\"https:\/\/www.sellersunionagent.com\/wp-content\/uploads\/2025\/02\/O1CN01kPcGv11fl7U2Dj5PA_2204158024046-0-cib-2025020701321144.webp\" alt=\"Nuevo juego de botellas de vino navide\u00f1as Decoraci\u00f3n para fiestas navide\u00f1as\" width=\"600\" height=\"600\" \/><\/p>","protected":false},"excerpt":{"rendered":"<p><strong>MOQ<\/strong>:  1000 piezas<br \/>\n<strong>Muestra gratuita<\/strong>:  Soporte<br \/>\n<strong>Personalizaci\u00f3n<\/strong>logo \/ color \/ materiales \/ embalaje, etc.<br \/>\n<strong>Descuento<\/strong>:  Primeros pedidos desde 10% de descuento.<br \/>\n<strong>Porcentaje de entregas a tiempo<\/strong>:\u00a0 100%<br \/>\n<strong>Env\u00edos totales<\/strong>:  10000 piezas<br \/>\n<strong>Env\u00edo<\/strong>: Apoyo Express-Carga mar\u00edtima-Carga terrestre<\/p>","protected":false},"featured_media":22404,"comment_status":"open","ping_status":"closed","template":"","meta":{"_acf_changed":false},"product_brand":[],"product_cat":[235,322,323],"product_tag":[290],"class_list":{"0":"post-22403","1":"product","2":"type-product","3":"status-publish","4":"has-post-thumbnail","6":"product_cat-christmas-decoration","7":"product_cat-christmas-gift","8":"product_cat-christmas-textiles","9":"product_tag-new-christmas-wine-bottle-set-holiday-party-decoration","11":"first","12":"instock","13":"shipping-taxable","14":"product-type-simple","15":"swiper-slide"},"acf":[],"_links":{"self":[{"href":"https:\/\/www.sellersunionagent.com\/es\/wp-json\/wp\/v2\/product\/22403","targetHints":{"allow":["GET"]}}],"collection":[{"href":"https:\/\/www.sellersunionagent.com\/es\/wp-json\/wp\/v2\/product"}],"about":[{"href":"https:\/\/www.sellersunionagent.com\/es\/wp-json\/wp\/v2\/types\/product"}],"replies":[{"embeddable":true,"href":"https:\/\/www.sellersunionagent.com\/es\/wp-json\/wp\/v2\/comments?post=22403"}],"wp:featuredmedia":[{"embeddable":true,"href":"https:\/\/www.sellersunionagent.com\/es\/wp-json\/wp\/v2\/media\/22404"}],"wp:attachment":[{"href":"https:\/\/www.sellersunionagent.com\/es\/wp-json\/wp\/v2\/media?parent=22403"}],"wp:term":[{"taxonomy":"product_brand","embeddable":true,"href":"https:\/\/www.sellersunionagent.com\/es\/wp-json\/wp\/v2\/product_brand?post=22403"},{"taxonomy":"product_cat","embeddable":true,"href":"https:\/\/www.sellersunionagent.com\/es\/wp-json\/wp\/v2\/product_cat?post=22403"},{"taxonomy":"product_tag","embeddable":true,"href":"https:\/\/www.sellersunionagent.com\/es\/wp-json\/wp\/v2\/product_tag?post=22403"}],"curies":[{"name":"wp","href":"https:\/\/api.w.org\/{rel}","templated":true}]}}