{"id":22357,"date":"2025-02-06T15:11:04","date_gmt":"2025-02-06T07:11:04","guid":{"rendered":"https:\/\/sellersunionagent.com\/?post_type=product&#038;p=22357"},"modified":"2025-11-28T10:29:16","modified_gmt":"2025-11-28T02:29:16","slug":"taza-navidena-de-ceramica-con-muneco-de-nieve-papa-noel-taza-para-agua-festiva","status":"publish","type":"product","link":"https:\/\/www.sellersunionagent.com\/es\/ceramic-christmas-snowman-cup-santa-claus-holiday-water-cup\/","title":{"rendered":"Taza navide\u00f1a de cer\u00e1mica con mu\u00f1eco de nieve Taza de agua navide\u00f1a con Pap\u00e1 Noel"},"content":{"rendered":"<h1>Taza navide\u00f1a de cer\u00e1mica con mu\u00f1eco de nieve Taza de agua navide\u00f1a con Pap\u00e1 Noel<\/h1>\n<h3>Tipo: taza<\/h3>\n<h3>N\u00famero de art\u00edculo: srjt-5<\/h3>\n<h3>Tama\u00f1o del art\u00edculo: 380 ml<\/h3>\n<h3>Colores: rojo\/verde<\/h3>\n<h3>Material: cer\u00e1mica<\/h3>\n<h3><\/h3>\n<ul>\n<li>\n<h4>Bebida reconfortante<\/h4>\n<\/li>\n<li>\n<h4>Tono festivo<\/h4>\n<\/li>\n<li>\n<h4>Dise\u00f1o navide\u00f1o<\/h4>\n<\/li>\n<li>\n<h4>Recuerdo c\u00e1lido<\/h4>\n<p><img fetchpriority=\"high\" decoding=\"async\" class=\"aligncenter wp-image-22362\" title=\"Captura de pantalla de WeChat Enterprise 20250206150554 2025020607075568\" src=\"https:\/\/www.sellersunionagent.com\/wp-content\/uploads\/2025\/02\/\u4f01\u4e1a\u5fae\u4fe1\u622a\u56fe_20250206150554-2025020607075568.webp\" alt=\"Taza navide\u00f1a de cer\u00e1mica con mu\u00f1eco de nieve Taza de agua navide\u00f1a con Pap\u00e1 Noel\" width=\"600\" height=\"395\" \/><\/p>\n<p><img decoding=\"async\" class=\"aligncenter wp-image-22363\" title=\"Captura de pantalla de WeChat Enterprise 20250206150605 2025020607080031\" src=\"https:\/\/www.sellersunionagent.com\/wp-content\/uploads\/2025\/02\/\u4f01\u4e1a\u5fae\u4fe1\u622a\u56fe_20250206150605-2025020607080031.webp\" alt=\"Taza navide\u00f1a de cer\u00e1mica con mu\u00f1eco de nieve Taza de agua navide\u00f1a con Pap\u00e1 Noel\" width=\"600\" height=\"396\" \/><\/p>\n<p><img decoding=\"async\" class=\"aligncenter wp-image-22364\" title=\"Captura de pantalla de WeChat Enterprise 20250206150626 2025020607080492\" src=\"https:\/\/www.sellersunionagent.com\/wp-content\/uploads\/2025\/02\/\u4f01\u4e1a\u5fae\u4fe1\u622a\u56fe_20250206150626-2025020607080492.webp\" alt=\"Taza navide\u00f1a de cer\u00e1mica con mu\u00f1eco de nieve Taza de agua navide\u00f1a con Pap\u00e1 Noel\" width=\"600\" height=\"398\" \/><\/p>\n<p><img loading=\"lazy\" decoding=\"async\" class=\"aligncenter wp-image-22365\" title=\"Captura de pantalla de WeChat Enterprise 20250206150642 2025020607080921\" src=\"https:\/\/www.sellersunionagent.com\/wp-content\/uploads\/2025\/02\/\u4f01\u4e1a\u5fae\u4fe1\u622a\u56fe_20250206150642-2025020607080921.webp\" alt=\"Taza navide\u00f1a de cer\u00e1mica con mu\u00f1eco de nieve Taza de agua navide\u00f1a con Pap\u00e1 Noel\" width=\"600\" height=\"394\" \/><\/li>\n<\/ul>","protected":false},"excerpt":{"rendered":"<p><strong>MOQ<\/strong>:  1000 piezas<br \/>\n<strong>Muestra gratuita<\/strong>:  Soporte<br \/>\n<strong>Personalizaci\u00f3n<\/strong>logo \/ color \/ materiales \/ embalaje, etc.<br \/>\n<strong>Descuento<\/strong>:  Primeros pedidos desde 10% de descuento.<br \/>\n<strong>Porcentaje de entregas a tiempo<\/strong>:\u00a0 100%<br \/>\n<strong>Env\u00edos totales<\/strong>:  10000 piezas<br \/>\n<strong>Env\u00edo<\/strong>: Apoyo Express-Carga mar\u00edtima-Carga terrestre<\/p>","protected":false},"featured_media":22358,"comment_status":"open","ping_status":"closed","template":"","meta":{"_acf_changed":false},"product_brand":[],"product_cat":[235,322],"product_tag":[87,43,49,42,50,99],"class_list":{"0":"post-22357","1":"product","2":"type-product","3":"status-publish","4":"has-post-thumbnail","6":"product_cat-christmas-decoration","7":"product_cat-christmas-gift","8":"product_tag-bulk-wholesale","9":"product_tag-fashion","10":"product_tag-good-quality","11":"product_tag-high-quality","12":"product_tag-wholesale","13":"product_tag-wholesale-maker-from-china","15":"first","16":"instock","17":"shipping-taxable","18":"product-type-simple","19":"swiper-slide"},"acf":[],"_links":{"self":[{"href":"https:\/\/www.sellersunionagent.com\/es\/wp-json\/wp\/v2\/product\/22357","targetHints":{"allow":["GET"]}}],"collection":[{"href":"https:\/\/www.sellersunionagent.com\/es\/wp-json\/wp\/v2\/product"}],"about":[{"href":"https:\/\/www.sellersunionagent.com\/es\/wp-json\/wp\/v2\/types\/product"}],"replies":[{"embeddable":true,"href":"https:\/\/www.sellersunionagent.com\/es\/wp-json\/wp\/v2\/comments?post=22357"}],"wp:featuredmedia":[{"embeddable":true,"href":"https:\/\/www.sellersunionagent.com\/es\/wp-json\/wp\/v2\/media\/22358"}],"wp:attachment":[{"href":"https:\/\/www.sellersunionagent.com\/es\/wp-json\/wp\/v2\/media?parent=22357"}],"wp:term":[{"taxonomy":"product_brand","embeddable":true,"href":"https:\/\/www.sellersunionagent.com\/es\/wp-json\/wp\/v2\/product_brand?post=22357"},{"taxonomy":"product_cat","embeddable":true,"href":"https:\/\/www.sellersunionagent.com\/es\/wp-json\/wp\/v2\/product_cat?post=22357"},{"taxonomy":"product_tag","embeddable":true,"href":"https:\/\/www.sellersunionagent.com\/es\/wp-json\/wp\/v2\/product_tag?post=22357"}],"curies":[{"name":"wp","href":"https:\/\/api.w.org\/{rel}","templated":true}]}}