{"id":22339,"date":"2025-02-06T14:38:19","date_gmt":"2025-02-06T06:38:19","guid":{"rendered":"https:\/\/sellersunionagent.com\/?post_type=product&#038;p=22339"},"modified":"2025-11-28T10:03:28","modified_gmt":"2025-11-28T02:03:28","slug":"navidad-silla-cubierta-muneco-de-nieve-taburete-cubierta-decoracion-del-hogar","status":"publish","type":"product","link":"https:\/\/www.sellersunionagent.com\/es\/christmas-chair-cover-snowman-stool-cover-home-decoration\/","title":{"rendered":"Funda de silla navide\u00f1a Funda de taburete mu\u00f1eco de nieve Decoraci\u00f3n del hogar"},"content":{"rendered":"<h1>Funda de silla navide\u00f1a Funda de taburete mu\u00f1eco de nieve Decoraci\u00f3n del hogar<\/h1>\n<h3>Tipo: Decoraci\u00f3n<br \/>\nN\u00famero de art\u00edculo: srjt-3<br \/>\nTama\u00f1o del art\u00edculo: 47*60CM<br \/>\nColores: Pap\u00e1 Noel, mu\u00f1eco de nieve y alce<br \/>\nMaterial: tela<\/h3>\n<ul>\n<li>\n<h4>Alta calidad<\/h4>\n<\/li>\n<li>\n<h4>Elegantemente festivo<\/h4>\n<\/li>\n<li>\n<h4>Encanto navide\u00f1o cl\u00e1sico<\/h4>\n<p><img fetchpriority=\"high\" decoding=\"async\" class=\"aligncenter wp-image-22348\" title=\"\u4f01\u4e1a\u5fae\u4fe1\u622a\u56fe 20250206142753 2025020606335336\" src=\"https:\/\/www.sellersunionagent.com\/wp-content\/uploads\/2025\/02\/\u4f01\u4e1a\u5fae\u4fe1\u622a\u56fe_20250206142753-2025020606335336.webp\" alt=\" Funda de silla navide\u00f1a Funda de taburete mu\u00f1eco de nieve Decoraci\u00f3n del hogar\" width=\"600\" height=\"518\" \/><\/p>\n<p><img decoding=\"async\" class=\"aligncenter wp-image-22347\" title=\"\u4f01\u4e1a\u5fae\u4fe1\u622a\u56fe 20250206142739 2025020606334493\" src=\"https:\/\/www.sellersunionagent.com\/wp-content\/uploads\/2025\/02\/\u4f01\u4e1a\u5fae\u4fe1\u622a\u56fe_20250206142739-2025020606334493.webp\" alt=\" Funda de silla navide\u00f1a Funda de taburete mu\u00f1eco de nieve Decoraci\u00f3n del hogar\" width=\"600\" height=\"415\" \/><\/p>\n<p><img decoding=\"async\" class=\"aligncenter wp-image-22346\" title=\"\u4f01\u4e1a\u5fae\u4fe1\u622a\u56fe 20250206140956 2025020606333861\" src=\"https:\/\/www.sellersunionagent.com\/wp-content\/uploads\/2025\/02\/\u4f01\u4e1a\u5fae\u4fe1\u622a\u56fe_20250206140956-2025020606333861.webp\" alt=\" Funda de silla navide\u00f1a Funda de taburete mu\u00f1eco de nieve Decoraci\u00f3n del hogar\" width=\"600\" height=\"428\" \/><\/p>\n<p><img loading=\"lazy\" decoding=\"async\" class=\"aligncenter wp-image-22345\" title=\"\u4f01\u4e1a\u5fae\u4fe1\u622a\u56fe 20250206140930 2025020606333088\" src=\"https:\/\/www.sellersunionagent.com\/wp-content\/uploads\/2025\/02\/\u4f01\u4e1a\u5fae\u4fe1\u622a\u56fe_20250206140930-2025020606333088.webp\" alt=\" Funda de silla navide\u00f1a Funda de taburete mu\u00f1eco de nieve Decoraci\u00f3n del hogar\" width=\"600\" height=\"562\" \/><\/li>\n<\/ul>","protected":false},"excerpt":{"rendered":"<p><strong>MOQ<\/strong>:  1000 piezas<br \/>\n<strong>Muestra gratuita<\/strong>:  Soporte<br \/>\n<strong>Personalizaci\u00f3n<\/strong>logo \/ color \/ materiales \/ embalaje, etc.<br \/>\n<strong>Descuento<\/strong>:  Primeros pedidos desde 10% de descuento.<br \/>\n<strong>Porcentaje de entregas a tiempo<\/strong>:\u00a0 100%<br \/>\n<strong>Env\u00edos totales<\/strong>:  10000 piezas<br \/>\n<strong>Env\u00edo<\/strong>: Apoyo Express-Carga mar\u00edtima-Carga terrestre<\/p>","protected":false},"featured_media":22340,"comment_status":"open","ping_status":"closed","template":"","meta":{"_acf_changed":false},"product_brand":[],"product_cat":[235,323],"product_tag":[87,42,99],"class_list":{"0":"post-22339","1":"product","2":"type-product","3":"status-publish","4":"has-post-thumbnail","6":"product_cat-christmas-decoration","7":"product_cat-christmas-textiles","8":"product_tag-bulk-wholesale","9":"product_tag-high-quality","10":"product_tag-wholesale-maker-from-china","12":"first","13":"instock","14":"shipping-taxable","15":"product-type-simple","16":"swiper-slide"},"acf":[],"_links":{"self":[{"href":"https:\/\/www.sellersunionagent.com\/es\/wp-json\/wp\/v2\/product\/22339","targetHints":{"allow":["GET"]}}],"collection":[{"href":"https:\/\/www.sellersunionagent.com\/es\/wp-json\/wp\/v2\/product"}],"about":[{"href":"https:\/\/www.sellersunionagent.com\/es\/wp-json\/wp\/v2\/types\/product"}],"replies":[{"embeddable":true,"href":"https:\/\/www.sellersunionagent.com\/es\/wp-json\/wp\/v2\/comments?post=22339"}],"wp:featuredmedia":[{"embeddable":true,"href":"https:\/\/www.sellersunionagent.com\/es\/wp-json\/wp\/v2\/media\/22340"}],"wp:attachment":[{"href":"https:\/\/www.sellersunionagent.com\/es\/wp-json\/wp\/v2\/media?parent=22339"}],"wp:term":[{"taxonomy":"product_brand","embeddable":true,"href":"https:\/\/www.sellersunionagent.com\/es\/wp-json\/wp\/v2\/product_brand?post=22339"},{"taxonomy":"product_cat","embeddable":true,"href":"https:\/\/www.sellersunionagent.com\/es\/wp-json\/wp\/v2\/product_cat?post=22339"},{"taxonomy":"product_tag","embeddable":true,"href":"https:\/\/www.sellersunionagent.com\/es\/wp-json\/wp\/v2\/product_tag?post=22339"}],"curies":[{"name":"wp","href":"https:\/\/api.w.org\/{rel}","templated":true}]}}