{"id":22322,"date":"2025-02-06T14:06:04","date_gmt":"2025-02-06T06:06:04","guid":{"rendered":"https:\/\/sellersunionagent.com\/?post_type=product&#038;p=22322"},"modified":"2025-11-28T16:47:11","modified_gmt":"2025-11-28T08:47:11","slug":"gorro-de-navidad-mini-santa-gorro-piruleta-gorro-mini-muneca-gorro-no-tejido","status":"publish","type":"product","link":"https:\/\/www.sellersunionagent.com\/es\/christmas-mini-santa-hat-lollipop-hat-mini-doll-hat-non-woven-cap\/","title":{"rendered":"Mini gorro de Navidad de Pap\u00e1 Noel Gorro de piruleta Mini gorro de mu\u00f1eca Gorro no tejido"},"content":{"rendered":"<h1>Mini gorro de Navidad de Pap\u00e1 Noel Gorro de piruleta Mini gorro de mu\u00f1eca Gorro no tejido<\/h1>\n<h3>Tipo: Decoraci\u00f3n<br \/>\nN\u00famero de art\u00edculo: srjt-2<br \/>\nTama\u00f1o del art\u00edculo: 4*7CM<br \/>\nColores: rojo<br \/>\nMaterial: Telas no tejidas<\/h3>\n<ul>\n<li>\n<h4>\u00a0Encanto festivo<\/h4>\n<\/li>\n<li>\n<h4>\u00a0Merry Deco<\/h4>\n<\/li>\n<li>\n<h4>\u00a0Dulces vacaciones<\/h4>\n<\/li>\n<li>\n<h4>\u00a0Brillo navide\u00f1o<\/h4>\n<p><img fetchpriority=\"high\" decoding=\"async\" class=\"aligncenter wp-image-22324\" title=\"\u4f01\u4e1a\u5fae\u4fe1\u622a\u56fe 20250206135222 2025020606005776\" src=\"https:\/\/www.sellersunionagent.com\/wp-content\/uploads\/2025\/02\/\u4f01\u4e1a\u5fae\u4fe1\u622a\u56fe_20250206135222-2025020606005776.webp\" alt=\"\u00a0Dulce resplandor navide\u00f1o\" width=\"600\" height=\"531\" \/><\/p>\n<p><img decoding=\"async\" class=\"aligncenter wp-image-22323\" title=\"\u4f01\u4e1a\u5fae\u4fe1\u622a\u56fe 20250206135122 2025020606004647\" src=\"https:\/\/www.sellersunionagent.com\/wp-content\/uploads\/2025\/02\/\u4f01\u4e1a\u5fae\u4fe1\u622a\u56fe_20250206135122-2025020606004647.webp\" alt=\"\u00a0Dulce resplandor navide\u00f1o\" width=\"600\" height=\"404\" \/><\/p>\n<p><img decoding=\"async\" class=\"aligncenter wp-image-22325\" title=\"\u4f01\u4e1a\u5fae\u4fe1\u622a\u56fe 20250206135234 2025020606011026\" src=\"https:\/\/www.sellersunionagent.com\/wp-content\/uploads\/2025\/02\/\u4f01\u4e1a\u5fae\u4fe1\u622a\u56fe_20250206135234-2025020606011026.webp\" alt=\"\u00a0Dulce resplandor navide\u00f1o\" width=\"600\" height=\"582\" \/><\/p>\n<p><img loading=\"lazy\" decoding=\"async\" class=\"aligncenter wp-image-22326\" title=\"\u4f01\u4e1a\u5fae\u4fe1\u622a\u56fe 20250206135247 2025020606011373\" src=\"https:\/\/www.sellersunionagent.com\/wp-content\/uploads\/2025\/02\/\u4f01\u4e1a\u5fae\u4fe1\u622a\u56fe_20250206135247-2025020606011373.webp\" alt=\"\u00a0Dulce resplandor navide\u00f1o\" width=\"600\" height=\"562\" \/><\/li>\n<\/ul>","protected":false},"excerpt":{"rendered":"<p><strong>MOQ<\/strong>:  1000 piezas<br \/>\n<strong>Muestra gratuita<\/strong>:  Soporte<br \/>\n<strong>Personalizaci\u00f3n<\/strong>logo \/ color \/ materiales \/ embalaje, etc.<br \/>\n<strong>Descuento<\/strong>:  Primeros pedidos desde 10% de descuento.<br \/>\n<strong>Porcentaje de entregas a tiempo<\/strong>:\u00a0 100%<br \/>\n<strong>Env\u00edos totales<\/strong>:  10000 piezas<br \/>\n<strong>Env\u00edo<\/strong>: Apoyo Express-Carga mar\u00edtima-Carga terrestre<\/p>","protected":false},"featured_media":22327,"comment_status":"open","ping_status":"closed","template":"","meta":{"_acf_changed":false},"product_brand":[],"product_cat":[235,322],"product_tag":[87,42,50,99],"class_list":{"0":"post-22322","1":"product","2":"type-product","3":"status-publish","4":"has-post-thumbnail","6":"product_cat-christmas-decoration","7":"product_cat-christmas-gift","8":"product_tag-bulk-wholesale","9":"product_tag-high-quality","10":"product_tag-wholesale","11":"product_tag-wholesale-maker-from-china","13":"first","14":"instock","15":"shipping-taxable","16":"product-type-simple","17":"swiper-slide"},"acf":[],"_links":{"self":[{"href":"https:\/\/www.sellersunionagent.com\/es\/wp-json\/wp\/v2\/product\/22322","targetHints":{"allow":["GET"]}}],"collection":[{"href":"https:\/\/www.sellersunionagent.com\/es\/wp-json\/wp\/v2\/product"}],"about":[{"href":"https:\/\/www.sellersunionagent.com\/es\/wp-json\/wp\/v2\/types\/product"}],"replies":[{"embeddable":true,"href":"https:\/\/www.sellersunionagent.com\/es\/wp-json\/wp\/v2\/comments?post=22322"}],"wp:featuredmedia":[{"embeddable":true,"href":"https:\/\/www.sellersunionagent.com\/es\/wp-json\/wp\/v2\/media\/22327"}],"wp:attachment":[{"href":"https:\/\/www.sellersunionagent.com\/es\/wp-json\/wp\/v2\/media?parent=22322"}],"wp:term":[{"taxonomy":"product_brand","embeddable":true,"href":"https:\/\/www.sellersunionagent.com\/es\/wp-json\/wp\/v2\/product_brand?post=22322"},{"taxonomy":"product_cat","embeddable":true,"href":"https:\/\/www.sellersunionagent.com\/es\/wp-json\/wp\/v2\/product_cat?post=22322"},{"taxonomy":"product_tag","embeddable":true,"href":"https:\/\/www.sellersunionagent.com\/es\/wp-json\/wp\/v2\/product_tag?post=22322"}],"curies":[{"name":"wp","href":"https:\/\/api.w.org\/{rel}","templated":true}]}}