{"id":22218,"date":"2025-01-22T18:06:52","date_gmt":"2025-01-22T10:06:52","guid":{"rendered":"https:\/\/sellersunionagent.com\/?post_type=product&#038;p=22218"},"modified":"2025-11-27T18:24:47","modified_gmt":"2025-11-27T10:24:47","slug":"candelabro-de-halloween-pequena-corona-decorativa-hoja-de-arce-rosa-roja-vela-accesorios-para-decorar","status":"publish","type":"product","link":"https:\/\/www.sellersunionagent.com\/es\/halloween-candlestick-small-wreath-decoration-maple-leaf-red-rose-candle-scene-props\/","title":{"rendered":"Halloween Candelabro Peque\u00f1a Corona Decoraci\u00f3n Hoja de Arce Rosa Roja Vela Escena Atrezzo"},"content":{"rendered":"<h1>Candelabro de Halloween Peque\u00f1a decoraci\u00f3n en forma de corona Hoja de arce Rosa roja Vela Accesorios para decorar<\/h1>\n<div class=\"elementor-element elementor-element-42815df elementor-widget elementor-widget-heading\" data-id=\"42815df\" data-element_type=\"widget\" data-widget_type=\"heading.default\">\n<h3 class=\"elementor-widget-container\">Tipo: corona<\/h3>\n<h3 class=\"elementor-widget-container\">N\u00famero de art\u00edculo: SRJT-8<\/h3>\n<h3 class=\"elementor-widget-container\">Tama\u00f1o del art\u00edculo: 25 x 6 x 25 cm; 30 x 6 x 30 cm; 23 x 6 x 23 cm.<\/h3>\n<h3 class=\"elementor-widget-container\">Colores: rosa\/frutas moradas\/frutas anaranjadas<\/h3>\n<h3 class=\"elementor-widget-container\">Material: pl\u00e1stico; poli\u00e9ster; tela<\/h3>\n<h4><\/h4>\n<\/div>\n<div class=\"elementor-element elementor-element-c17fac7 elementor-widget elementor-widget-woocommerce-product-short-description\" data-id=\"c17fac7\" data-element_type=\"widget\" data-widget_type=\"woocommerce-product-short-description.default\">\n<div class=\"elementor-widget-container\">\n<div class=\"woocommerce-product-details__short-description\">\n<div class=\"elementor-element elementor-element-c17fac7 elementor-widget elementor-widget-woocommerce-product-short-description\" data-id=\"c17fac7\" data-element_type=\"widget\" data-widget_type=\"woocommerce-product-short-description.default\">\n<div class=\"elementor-widget-container\">\n<div class=\"woocommerce-product-details__short-description\">\n<ul>\n<li>\n<h4>Resplandor inquietante<\/h4>\n<\/li>\n<li>\n<h4>Estilo espeluznante<\/h4>\n<\/li>\n<li>\n<h4>Fabricado con calidad<\/h4>\n<\/li>\n<li>\n<h4>Deco vers\u00e1til<\/h4>\n<\/li>\n<li>\n<h4>Construcci\u00f3n duradera<\/h4>\n<p><img fetchpriority=\"high\" decoding=\"async\" class=\"aligncenter wp-image-22228\" title=\"Captura de pantalla de WeChat Enterprise 20250122163737 2025012210013974\" src=\"https:\/\/www.sellersunionagent.com\/wp-content\/uploads\/2025\/01\/\u4f01\u4e1a\u5fae\u4fe1\u622a\u56fe_20250122163737-2025012210013974.webp\" alt=\"Candelabro de Halloween Peque\u00f1a corona decorativa Simulaci\u00f3n Hoja de arce Rosa roja Vela Atrezo para escenas\" width=\"600\" height=\"600\" \/><\/p>\n<p><img decoding=\"async\" class=\"aligncenter wp-image-22230\" title=\"\u4f01\u4e1a\u5fae\u4fe1\u622a\u56fe 20250122163806 2025012210015745\" src=\"https:\/\/www.sellersunionagent.com\/wp-content\/uploads\/2025\/01\/\u4f01\u4e1a\u5fae\u4fe1\u622a\u56fe_20250122163806-2025012210015745.webp\" alt=\"Candelabro de Halloween Peque\u00f1a corona decorativa Simulaci\u00f3n Hoja de arce Rosa roja Vela Atrezo para escenas\" width=\"600\" height=\"598\" \/><\/p>\n<p><img decoding=\"async\" class=\"aligncenter wp-image-22232\" title=\"Captura de pantalla de WeChat Enterprise 20250122163824 2025012210021550\" src=\"https:\/\/www.sellersunionagent.com\/wp-content\/uploads\/2025\/01\/\u4f01\u4e1a\u5fae\u4fe1\u622a\u56fe_20250122163824-2025012210021550.webp\" alt=\"Candelabro de Halloween Peque\u00f1a corona decorativa Simulaci\u00f3n Hoja de arce Rosa roja Vela Atrezo para escenas\" width=\"600\" height=\"577\" \/><\/p>\n<p><img loading=\"lazy\" decoding=\"async\" class=\"aligncenter wp-image-22229\" title=\"Captura de pantalla de WeChat Enterprise 20250122163755 2025012210014428\" src=\"https:\/\/www.sellersunionagent.com\/wp-content\/uploads\/2025\/01\/\u4f01\u4e1a\u5fae\u4fe1\u622a\u56fe_20250122163755-2025012210014428.webp\" alt=\"Candelabro de Halloween Peque\u00f1a corona decorativa Simulaci\u00f3n Hoja de arce Rosa roja Vela Atrezo para escenas\" width=\"600\" height=\"525\" \/><\/p>\n<p><img loading=\"lazy\" decoding=\"async\" class=\"aligncenter wp-image-22236\" title=\"Captura de pantalla de WeChat Enterprise 20250122163858 2025012210024227\" src=\"https:\/\/www.sellersunionagent.com\/wp-content\/uploads\/2025\/01\/\u4f01\u4e1a\u5fae\u4fe1\u622a\u56fe_20250122163858-2025012210024227.webp\" alt=\"Candelabro de Halloween Peque\u00f1a corona decorativa Simulaci\u00f3n Hoja de arce Rosa roja Vela Atrezo para escenas\" width=\"600\" height=\"443\" \/><\/li>\n<\/ul>\n<\/div>\n<\/div>\n<\/div>\n<\/div>\n<\/div>\n<\/div>","protected":false},"excerpt":{"rendered":"<p><strong>MOQ<\/strong>:  1000 piezas<br \/>\n<strong>Muestra gratuita<\/strong>:  Soporte<br \/>\n<strong>Personalizaci\u00f3n<\/strong>logo \/ color \/ materiales \/ embalaje, etc.<br \/>\n<strong>Descuento<\/strong>:  Primeros pedidos desde 10% de descuento.<br \/>\n<strong>Porcentaje de entregas a tiempo<\/strong>:\u00a0 100%<br \/>\n<strong>Env\u00edos totales<\/strong>:  10000 piezas<br \/>\n<strong>Env\u00edo<\/strong>: Apoyo Express-Carga mar\u00edtima-Carga terrestre<\/p>","protected":false},"featured_media":22224,"comment_status":"open","ping_status":"closed","template":"","meta":{"_acf_changed":false},"product_brand":[],"product_cat":[235,320],"product_tag":[87,43,49,42,50],"class_list":{"0":"post-22218","1":"product","2":"type-product","3":"status-publish","4":"has-post-thumbnail","6":"product_cat-christmas-decoration","7":"product_cat-christmas-wreaths","8":"product_tag-bulk-wholesale","9":"product_tag-fashion","10":"product_tag-good-quality","11":"product_tag-high-quality","12":"product_tag-wholesale","14":"first","15":"instock","16":"shipping-taxable","17":"product-type-simple","18":"swiper-slide"},"acf":[],"_links":{"self":[{"href":"https:\/\/www.sellersunionagent.com\/es\/wp-json\/wp\/v2\/product\/22218","targetHints":{"allow":["GET"]}}],"collection":[{"href":"https:\/\/www.sellersunionagent.com\/es\/wp-json\/wp\/v2\/product"}],"about":[{"href":"https:\/\/www.sellersunionagent.com\/es\/wp-json\/wp\/v2\/types\/product"}],"replies":[{"embeddable":true,"href":"https:\/\/www.sellersunionagent.com\/es\/wp-json\/wp\/v2\/comments?post=22218"}],"wp:featuredmedia":[{"embeddable":true,"href":"https:\/\/www.sellersunionagent.com\/es\/wp-json\/wp\/v2\/media\/22224"}],"wp:attachment":[{"href":"https:\/\/www.sellersunionagent.com\/es\/wp-json\/wp\/v2\/media?parent=22218"}],"wp:term":[{"taxonomy":"product_brand","embeddable":true,"href":"https:\/\/www.sellersunionagent.com\/es\/wp-json\/wp\/v2\/product_brand?post=22218"},{"taxonomy":"product_cat","embeddable":true,"href":"https:\/\/www.sellersunionagent.com\/es\/wp-json\/wp\/v2\/product_cat?post=22218"},{"taxonomy":"product_tag","embeddable":true,"href":"https:\/\/www.sellersunionagent.com\/es\/wp-json\/wp\/v2\/product_tag?post=22218"}],"curies":[{"name":"wp","href":"https:\/\/api.w.org\/{rel}","templated":true}]}}