{"id":22173,"date":"2025-01-22T14:39:33","date_gmt":"2025-01-22T06:39:33","guid":{"rendered":"https:\/\/sellersunionagent.com\/?post_type=product&#038;p=22173"},"modified":"2025-11-27T18:40:53","modified_gmt":"2025-11-27T10:40:53","slug":"colgante-transfronterizo-de-nueva-navidad-con-querubin-muneca-de-peluche-para-colgar-en-el-arbol-de-navidad","status":"publish","type":"product","link":"https:\/\/www.sellersunionagent.com\/es\/cross-border-new-christmas-cherub-girl-pendant-plush-doll-hanging-christmas-tree-decoration\/","title":{"rendered":"Adorno navide\u00f1o colgante para \u00e1rbol de Navidad: mu\u00f1eca de peluche con colgante de querub\u00edn navide\u00f1o nuevo transfronterizo"},"content":{"rendered":"<h1>Adorno navide\u00f1o colgante para \u00e1rbol de Navidad: mu\u00f1eca de peluche con colgante de querub\u00edn navide\u00f1o nuevo transfronterizo<\/h1>\n<h3>Tipo: Colgante<br \/>\nN\u00famero de art\u00edculo: 2023XTS-D<br \/>\nTama\u00f1o del art\u00edculo: 18 x 9 cm.<br \/>\nColores: blanco\/azul\/rosa<br \/>\nMaterial: tela<\/h3>\n<ul>\n<li>\n<h4>Alta calidad<\/h4>\n<\/li>\n<li>\n<h4>Vers\u00e1til y elegante<\/h4>\n<\/li>\n<li>\n<h4>con temas navide\u00f1os<\/h4>\n<\/li>\n<li>\n<h4>Pragm\u00e1tico<\/h4>\n<\/li>\n<\/ul>\n<p>&nbsp;<\/p>\n<p><img fetchpriority=\"high\" decoding=\"async\" class=\"wp-image-22178 aligncenter\" title=\"Adorno navide\u00f1o colgante para \u00e1rbol de Navidad: mu\u00f1eca de peluche con colgante de querub\u00edn navide\u00f1o nuevo transfronterizo\" src=\"https:\/\/www.sellersunionagent.com\/wp-content\/uploads\/2025\/01\/O1CN01vdTqkB1SjChRgYlyP_2208408242282-0-cib-2025012206362294.webp\" alt=\"Adorno navide\u00f1o colgante para \u00e1rbol de Navidad: mu\u00f1eca de peluche con colgante de querub\u00edn navide\u00f1o nuevo transfronterizo\" width=\"600\" height=\"600\" \/> <img decoding=\"async\" class=\"wp-image-22179 aligncenter\" title=\"Adorno navide\u00f1o colgante para \u00e1rbol de Navidad: mu\u00f1eca de peluche con colgante de querub\u00edn navide\u00f1o nuevo transfronterizo\" src=\"https:\/\/www.sellersunionagent.com\/wp-content\/uploads\/2025\/01\/O1CN01SjYB0r1SjChKhHmbj_2208408242282-1-cib.gif\" alt=\"Adorno navide\u00f1o colgante para \u00e1rbol de Navidad: mu\u00f1eca de peluche con colgante de querub\u00edn navide\u00f1o nuevo transfronterizo\" width=\"600\" height=\"422\" \/> <img decoding=\"async\" class=\"wp-image-22180 aligncenter\" title=\"Adorno navide\u00f1o colgante para \u00e1rbol de Navidad: mu\u00f1eca de peluche con colgante de querub\u00edn navide\u00f1o nuevo transfronterizo\" src=\"https:\/\/www.sellersunionagent.com\/wp-content\/uploads\/2025\/01\/O1CN01sarBzU1SjChKhHeHd_2208408242282-1-cib.gif\" alt=\"Adorno navide\u00f1o colgante para \u00e1rbol de Navidad: mu\u00f1eca de peluche con colgante de querub\u00edn navide\u00f1o nuevo transfronterizo\" width=\"600\" height=\"456\" \/><\/p>","protected":false},"excerpt":{"rendered":"<p><strong>MOQ<\/strong>:  1000 piezas<br \/>\n<strong>Muestra gratuita<\/strong>:  Soporte<br \/>\n<strong>Personalizaci\u00f3n<\/strong>logo \/ color \/ materiales \/ embalaje, etc.<br \/>\n<strong>Descuento<\/strong>:  Primeros pedidos desde 10% de descuento.<br \/>\n<strong>Porcentaje de entregas a tiempo<\/strong>:\u00a0 100%<br \/>\n<strong>Env\u00edos totales<\/strong>:  10000 piezas<br \/>\n<strong>Env\u00edo<\/strong>: Apoyo Express-Carga mar\u00edtima-Carga terrestre<\/p>","protected":false},"featured_media":22175,"comment_status":"open","ping_status":"closed","template":"","meta":{"_acf_changed":false},"product_brand":[],"product_cat":[235,318],"product_tag":[282],"class_list":{"0":"post-22173","1":"product","2":"type-product","3":"status-publish","4":"has-post-thumbnail","6":"product_cat-christmas-decoration","7":"product_cat-christmas-tree-ornaments","8":"product_tag-cross-border-new-christmas-cherub-girl-pendant-plush-doll-hanging-christmas-tree-decoration","10":"first","11":"instock","12":"shipping-taxable","13":"product-type-simple","14":"swiper-slide"},"acf":[],"_links":{"self":[{"href":"https:\/\/www.sellersunionagent.com\/es\/wp-json\/wp\/v2\/product\/22173","targetHints":{"allow":["GET"]}}],"collection":[{"href":"https:\/\/www.sellersunionagent.com\/es\/wp-json\/wp\/v2\/product"}],"about":[{"href":"https:\/\/www.sellersunionagent.com\/es\/wp-json\/wp\/v2\/types\/product"}],"replies":[{"embeddable":true,"href":"https:\/\/www.sellersunionagent.com\/es\/wp-json\/wp\/v2\/comments?post=22173"}],"wp:featuredmedia":[{"embeddable":true,"href":"https:\/\/www.sellersunionagent.com\/es\/wp-json\/wp\/v2\/media\/22175"}],"wp:attachment":[{"href":"https:\/\/www.sellersunionagent.com\/es\/wp-json\/wp\/v2\/media?parent=22173"}],"wp:term":[{"taxonomy":"product_brand","embeddable":true,"href":"https:\/\/www.sellersunionagent.com\/es\/wp-json\/wp\/v2\/product_brand?post=22173"},{"taxonomy":"product_cat","embeddable":true,"href":"https:\/\/www.sellersunionagent.com\/es\/wp-json\/wp\/v2\/product_cat?post=22173"},{"taxonomy":"product_tag","embeddable":true,"href":"https:\/\/www.sellersunionagent.com\/es\/wp-json\/wp\/v2\/product_tag?post=22173"}],"curies":[{"name":"wp","href":"https:\/\/api.w.org\/{rel}","templated":true}]}}