{"id":22149,"date":"2025-01-22T15:23:56","date_gmt":"2025-01-22T07:23:56","guid":{"rendered":"https:\/\/sellersunionagent.com\/?post_type=product&#038;p=22149"},"modified":"2025-11-28T10:03:29","modified_gmt":"2025-11-28T02:03:29","slug":"falda-de-lino-bordada-para-decorar-el-arbol-de-navidad-adornos-navidenos","status":"publish","type":"product","link":"https:\/\/www.sellersunionagent.com\/es\/linen-embroidered-tree-skirt-to-dress-up-the-christmas-tree-christmas-decorations\/","title":{"rendered":"Fald\u00f3n bordado de lino para vestir el \u00e1rbol de Navidad Adornos navide\u00f1os"},"content":{"rendered":"<div class=\"elementor-element elementor-element-42815df elementor-widget elementor-widget-heading\" data-id=\"42815df\" data-element_type=\"widget\" data-widget_type=\"heading.default\">\n<h1>Fald\u00f3n bordado de lino para vestir el \u00e1rbol de Navidad Adornos navide\u00f1os<\/h1>\n<h3 class=\"elementor-widget-container\">Tipo: falda para \u00e1rbol<\/h3>\n<h3 class=\"elementor-widget-container\">N\u00famero de art\u00edculo: SRJT-6<\/h3>\n<h3 class=\"elementor-widget-container\">Tama\u00f1o del art\u00edculo: 110 x 110 cm<\/h3>\n<h3 class=\"elementor-widget-container\">Colores: Pap\u00e1 Noel\/Mu\u00f1eco de nieve<\/h3>\n<h3 class=\"elementor-widget-container\">Material: lino<\/h3>\n<p>&nbsp;<\/p>\n<ul>\n<li>\n<h4>Bordados exquisitos<\/h4>\n<\/li>\n<li>\n<h4>Tono de alta calidad<\/h4>\n<\/li>\n<li>\n<h4>Talla adecuada<\/h4>\n<\/li>\n<li>\n<h4>Estilo moderno<\/h4>\n<\/li>\n<\/ul>\n<\/div>\n<div class=\"elementor-element elementor-element-c17fac7 elementor-widget elementor-widget-woocommerce-product-short-description\" data-id=\"c17fac7\" data-element_type=\"widget\" data-widget_type=\"woocommerce-product-short-description.default\">\n<div class=\"elementor-widget-container\">\n<div class=\"woocommerce-product-details__short-description\">\n<div class=\"elementor-element elementor-element-c17fac7 elementor-widget elementor-widget-woocommerce-product-short-description\" data-id=\"c17fac7\" data-element_type=\"widget\" data-widget_type=\"woocommerce-product-short-description.default\">\n<div class=\"elementor-widget-container\">\n<div class=\"woocommerce-product-details__short-description\">\n<p><img fetchpriority=\"high\" decoding=\"async\" class=\"aligncenter wp-image-22153\" title=\"\u672a\u547d\u540d1737525174 2025012205570773\" src=\"https:\/\/www.sellersunionagent.com\/wp-content\/uploads\/2025\/01\/\u672a\u547d\u540d1737525174-2025012205570773.webp\" alt=\"Fald\u00f3n bordado de lino para vestir el \u00e1rbol de Navidad Adornos navide\u00f1os\" width=\"600\" height=\"441\" \/><\/p>\n<p><img decoding=\"async\" class=\"aligncenter wp-image-22154\" title=\"Sin t\u00edtulo 1737525254 2025012205571055\" src=\"https:\/\/www.sellersunionagent.com\/wp-content\/uploads\/2025\/01\/\u672a\u547d\u540d1737525254-2025012205571055.webp\" alt=\"Fald\u00f3n bordado de lino para vestir el \u00e1rbol de Navidad Adornos navide\u00f1os\" width=\"600\" height=\"576\" \/><\/p>\n<p><img decoding=\"async\" class=\"aligncenter wp-image-22155\" title=\"Sin t\u00edtulo 1737525266 2025012205571283\" src=\"https:\/\/www.sellersunionagent.com\/wp-content\/uploads\/2025\/01\/\u672a\u547d\u540d1737525266-2025012205571283.webp\" alt=\"Fald\u00f3n bordado de lino para vestir el \u00e1rbol de Navidad Adornos navide\u00f1os\" width=\"600\" height=\"552\" \/><\/p>\n<p><img loading=\"lazy\" decoding=\"async\" class=\"aligncenter wp-image-22152\" title=\"Sin t\u00edtulo 1737525131 2025012205570378\" src=\"https:\/\/www.sellersunionagent.com\/wp-content\/uploads\/2025\/01\/\u672a\u547d\u540d1737525131-2025012205570378.webp\" alt=\"Fald\u00f3n bordado de lino para vestir el \u00e1rbol de Navidad Adornos navide\u00f1os\" width=\"600\" height=\"519\" \/><\/p>\n<\/div>\n<\/div>\n<\/div>\n<\/div>\n<\/div>\n<\/div>","protected":false},"excerpt":{"rendered":"<p><strong>MOQ<\/strong>:  1000 piezas<br \/>\n<strong>Muestra gratuita<\/strong>:  Soporte<br \/>\n<strong>Personalizaci\u00f3n<\/strong>logo \/ color \/ materiales \/ embalaje, etc.<br \/>\n<strong>Descuento<\/strong>:  Primeros pedidos desde 10% de descuento.<br \/>\n<strong>Porcentaje de entregas a tiempo<\/strong>:\u00a0 100%<br \/>\n<strong>Env\u00edos totales<\/strong>:  10000 piezas<br \/>\n<strong>Env\u00edo<\/strong>: Apoyo Express-Carga mar\u00edtima-Carga terrestre<\/p>","protected":false},"featured_media":22152,"comment_status":"open","ping_status":"closed","template":"","meta":{"_acf_changed":false},"product_brand":[],"product_cat":[235,323],"product_tag":[87,43,49,42,50,99],"class_list":{"0":"post-22149","1":"product","2":"type-product","3":"status-publish","4":"has-post-thumbnail","6":"product_cat-christmas-decoration","7":"product_cat-christmas-textiles","8":"product_tag-bulk-wholesale","9":"product_tag-fashion","10":"product_tag-good-quality","11":"product_tag-high-quality","12":"product_tag-wholesale","13":"product_tag-wholesale-maker-from-china","15":"first","16":"instock","17":"shipping-taxable","18":"product-type-simple","19":"swiper-slide"},"acf":[],"_links":{"self":[{"href":"https:\/\/www.sellersunionagent.com\/es\/wp-json\/wp\/v2\/product\/22149","targetHints":{"allow":["GET"]}}],"collection":[{"href":"https:\/\/www.sellersunionagent.com\/es\/wp-json\/wp\/v2\/product"}],"about":[{"href":"https:\/\/www.sellersunionagent.com\/es\/wp-json\/wp\/v2\/types\/product"}],"replies":[{"embeddable":true,"href":"https:\/\/www.sellersunionagent.com\/es\/wp-json\/wp\/v2\/comments?post=22149"}],"wp:featuredmedia":[{"embeddable":true,"href":"https:\/\/www.sellersunionagent.com\/es\/wp-json\/wp\/v2\/media\/22152"}],"wp:attachment":[{"href":"https:\/\/www.sellersunionagent.com\/es\/wp-json\/wp\/v2\/media?parent=22149"}],"wp:term":[{"taxonomy":"product_brand","embeddable":true,"href":"https:\/\/www.sellersunionagent.com\/es\/wp-json\/wp\/v2\/product_brand?post=22149"},{"taxonomy":"product_cat","embeddable":true,"href":"https:\/\/www.sellersunionagent.com\/es\/wp-json\/wp\/v2\/product_cat?post=22149"},{"taxonomy":"product_tag","embeddable":true,"href":"https:\/\/www.sellersunionagent.com\/es\/wp-json\/wp\/v2\/product_tag?post=22149"}],"curies":[{"name":"wp","href":"https:\/\/api.w.org\/{rel}","templated":true}]}}