{"id":22124,"date":"2025-01-22T13:45:21","date_gmt":"2025-01-22T05:45:21","guid":{"rendered":"https:\/\/sellersunionagent.com\/?post_type=product&#038;p=22124"},"modified":"2025-11-28T10:03:31","modified_gmt":"2025-11-28T02:03:31","slug":"santa-claus-muneco-de-nieve-funda-de-almohada-de-lino-impresion-sofa-funda-de-almohada-coche-cojin","status":"publish","type":"product","link":"https:\/\/www.sellersunionagent.com\/es\/santa-claus-snowman-pillow-cover-linen-print-sofa-pillow-cover-car-cushion\/","title":{"rendered":"Pap\u00e1 Noel Mu\u00f1eco de Nieve Funda de Almohada Impresi\u00f3n de Lino Sof\u00e1 Funda de Almohada Coche Coj\u00edn"},"content":{"rendered":"<h1>Pap\u00e1 Noel Mu\u00f1eco de Nieve Funda de Almohada Impresi\u00f3n de Lino Sof\u00e1 Funda de Almohada Coche Coj\u00edn<\/h1>\n<div class=\"elementor-element elementor-element-42815df elementor-widget elementor-widget-heading\" data-id=\"42815df\" data-element_type=\"widget\" data-widget_type=\"heading.default\">\n<h3 class=\"elementor-widget-container\">Tipo: pareado<\/h3>\n<h3 class=\"elementor-widget-container\">N\u00famero de art\u00edculo: SRJT-5<\/h3>\n<h3 class=\"elementor-widget-container\">Tama\u00f1o del art\u00edculo: 46*46CM<\/h3>\n<h3 class=\"elementor-widget-container\">Colores: Pap\u00e1 Noel\/Mu\u00f1eco de nieve<\/h3>\n<h3 class=\"elementor-widget-container\">Material: lino<\/h3>\n<p>&nbsp;<\/p>\n<\/div>\n<div class=\"elementor-element elementor-element-c17fac7 elementor-widget elementor-widget-woocommerce-product-short-description\" data-id=\"c17fac7\" data-element_type=\"widget\" data-widget_type=\"woocommerce-product-short-description.default\">\n<div class=\"elementor-widget-container\">\n<div class=\"woocommerce-product-details__short-description\">\n<div class=\"elementor-element elementor-element-c17fac7 elementor-widget elementor-widget-woocommerce-product-short-description\" data-id=\"c17fac7\" data-element_type=\"widget\" data-widget_type=\"woocommerce-product-short-description.default\">\n<div class=\"elementor-widget-container\">\n<div class=\"woocommerce-product-details__short-description\">\n<ul>\n<li>\n<h4>Color brillante<\/h4>\n<\/li>\n<li>\n<h4>Varios estilos<\/h4>\n<\/li>\n<li>\n<h4>Buena dureza<\/h4>\n<\/li>\n<li>\n<h4>Decoraci\u00f3n navide\u00f1a<\/h4>\n<p>&nbsp;<\/p>\n<p><img fetchpriority=\"high\" decoding=\"async\" class=\"aligncenter wp-image-22134\" title=\"\u4f01\u4e1a\u5fae\u4fe1\u622a\u56fe 20250122114114 2025012205404857\" src=\"https:\/\/www.sellersunionagent.com\/wp-content\/uploads\/2025\/01\/\u4f01\u4e1a\u5fae\u4fe1\u622a\u56fe_20250122114114-2025012205404857.webp\" alt=\"Pap\u00e1 Noel Mu\u00f1eco de Nieve Funda de Almohada Impresi\u00f3n de Lino Sof\u00e1 Funda de Almohada Coche Coj\u00edn\" width=\"600\" height=\"528\" \/><\/p>\n<p><img decoding=\"async\" class=\"aligncenter wp-image-22135\" title=\"\u4f01\u4e1a\u5fae\u4fe1\u622a\u56fe 20250122114125 2025012205405136\" src=\"https:\/\/www.sellersunionagent.com\/wp-content\/uploads\/2025\/01\/\u4f01\u4e1a\u5fae\u4fe1\u622a\u56fe_20250122114125-2025012205405136.webp\" alt=\"Pap\u00e1 Noel Mu\u00f1eco de Nieve Funda de Almohada Impresi\u00f3n de Lino Sof\u00e1 Funda de Almohada Coche Coj\u00edn\" width=\"600\" height=\"573\" \/><\/p>\n<p><img decoding=\"async\" class=\"aligncenter wp-image-22136\" title=\"\u4f01\u4e1a\u5fae\u4fe1\u622a\u56fe 20250122114143 2025012205405610\" src=\"https:\/\/www.sellersunionagent.com\/wp-content\/uploads\/2025\/01\/\u4f01\u4e1a\u5fae\u4fe1\u622a\u56fe_20250122114143-2025012205405610.webp\" alt=\"Pap\u00e1 Noel Mu\u00f1eco de Nieve Funda de Almohada Impresi\u00f3n de Lino Sof\u00e1 Funda de Almohada Coche Coj\u00edn\" width=\"600\" height=\"547\" \/><\/p>\n<p><img loading=\"lazy\" decoding=\"async\" class=\"aligncenter wp-image-22137\" title=\"\u4f01\u4e1a\u5fae\u4fe1\u622a\u56fe 20250122114209 2025012205410187\" src=\"https:\/\/www.sellersunionagent.com\/wp-content\/uploads\/2025\/01\/\u4f01\u4e1a\u5fae\u4fe1\u622a\u56fe_20250122114209-2025012205410187.webp\" alt=\"Pap\u00e1 Noel Mu\u00f1eco de Nieve Funda de Almohada Impresi\u00f3n de Lino Sof\u00e1 Funda de Almohada Coche Coj\u00edn\" width=\"600\" height=\"355\" \/><\/p>\n<p><img loading=\"lazy\" decoding=\"async\" class=\"aligncenter wp-image-22138\" title=\"\u4f01\u4e1a\u5fae\u4fe1\u622a\u56fe 20250122114220 2025012205410783\" src=\"https:\/\/www.sellersunionagent.com\/wp-content\/uploads\/2025\/01\/\u4f01\u4e1a\u5fae\u4fe1\u622a\u56fe_20250122114220-2025012205410783.webp\" alt=\"Pap\u00e1 Noel Mu\u00f1eco de Nieve Funda de Almohada Impresi\u00f3n de Lino Sof\u00e1 Funda de Almohada Coche Coj\u00edn\" width=\"600\" height=\"542\" \/><\/p>\n<p>&nbsp;<\/li>\n<\/ul>\n<\/div>\n<\/div>\n<\/div>\n<\/div>\n<\/div>\n<\/div>","protected":false},"excerpt":{"rendered":"<p><strong>MOQ<\/strong>:  1000 piezas<br \/>\n<strong>Muestra gratuita<\/strong>:  Soporte<br \/>\n<strong>Personalizaci\u00f3n<\/strong>logo \/ color \/ materiales \/ embalaje, etc.<br \/>\n<strong>Descuento<\/strong>:  Primeros pedidos desde 10% de descuento.<br \/>\n<strong>Porcentaje de entregas a tiempo<\/strong>:\u00a0 100%<br \/>\n<strong>Env\u00edos totales<\/strong>:  10000 piezas<br \/>\n<strong>Env\u00edo<\/strong>: Apoyo Express-Carga mar\u00edtima-Carga terrestre<\/p>","protected":false},"featured_media":22136,"comment_status":"open","ping_status":"closed","template":"","meta":{"_acf_changed":false},"product_brand":[],"product_cat":[235,323],"product_tag":[87,43,49,42,50,99],"class_list":{"0":"post-22124","1":"product","2":"type-product","3":"status-publish","4":"has-post-thumbnail","6":"product_cat-christmas-decoration","7":"product_cat-christmas-textiles","8":"product_tag-bulk-wholesale","9":"product_tag-fashion","10":"product_tag-good-quality","11":"product_tag-high-quality","12":"product_tag-wholesale","13":"product_tag-wholesale-maker-from-china","15":"first","16":"instock","17":"shipping-taxable","18":"product-type-simple","19":"swiper-slide"},"acf":[],"_links":{"self":[{"href":"https:\/\/www.sellersunionagent.com\/es\/wp-json\/wp\/v2\/product\/22124","targetHints":{"allow":["GET"]}}],"collection":[{"href":"https:\/\/www.sellersunionagent.com\/es\/wp-json\/wp\/v2\/product"}],"about":[{"href":"https:\/\/www.sellersunionagent.com\/es\/wp-json\/wp\/v2\/types\/product"}],"replies":[{"embeddable":true,"href":"https:\/\/www.sellersunionagent.com\/es\/wp-json\/wp\/v2\/comments?post=22124"}],"wp:featuredmedia":[{"embeddable":true,"href":"https:\/\/www.sellersunionagent.com\/es\/wp-json\/wp\/v2\/media\/22136"}],"wp:attachment":[{"href":"https:\/\/www.sellersunionagent.com\/es\/wp-json\/wp\/v2\/media?parent=22124"}],"wp:term":[{"taxonomy":"product_brand","embeddable":true,"href":"https:\/\/www.sellersunionagent.com\/es\/wp-json\/wp\/v2\/product_brand?post=22124"},{"taxonomy":"product_cat","embeddable":true,"href":"https:\/\/www.sellersunionagent.com\/es\/wp-json\/wp\/v2\/product_cat?post=22124"},{"taxonomy":"product_tag","embeddable":true,"href":"https:\/\/www.sellersunionagent.com\/es\/wp-json\/wp\/v2\/product_tag?post=22124"}],"curies":[{"name":"wp","href":"https:\/\/api.w.org\/{rel}","templated":true}]}}