{"id":22096,"date":"2025-01-22T11:11:43","date_gmt":"2025-01-22T03:11:43","guid":{"rendered":"https:\/\/sellersunionagent.com\/?post_type=product&#038;p=22096"},"modified":"2025-11-28T10:55:08","modified_gmt":"2025-11-28T02:55:08","slug":"christmas-hanging-leg-elf-sitting-doll-ornament-childrens-gift","status":"publish","type":"product","link":"https:\/\/www.sellersunionagent.com\/es\/christmas-hanging-leg-elf-sitting-doll-ornament-childrens-gift\/","title":{"rendered":"Christmas Hanging Leg Elf Sitting Doll Ornament Children&#8217;s Gift"},"content":{"rendered":"<h1>Adorno navide\u00f1o para colgar: mu\u00f1eco elfo sentado, regalo para ni\u00f1os, 2025.<\/h1>\n<h3>Tipo: Adorno de mu\u00f1eca<br \/>\nN\u00famero de art\u00edculo: 9527<br \/>\nTama\u00f1o del art\u00edculo: 48 x 15 cm<br \/>\nColores: rojo\/verde<br \/>\nMaterial: tela no tejida<\/h3>\n<ul>\n<li>\n<h4>Festivo y alegre<\/h4>\n<\/li>\n<li>\n<h4>Caprichoso y alegre<\/h4>\n<\/li>\n<li>\n<h4>Suave y tierno<\/h4>\n<\/li>\n<li>\n<h4>Vibrante y colorido<\/h4>\n<\/li>\n<\/ul>\n<p><img fetchpriority=\"high\" decoding=\"async\" class=\"wp-image-22089 aligncenter\" title=\"Adorno navide\u00f1o para colgar: mu\u00f1eco elfo sentado, regalo para ni\u00f1os, 2025.\" src=\"https:\/\/www.sellersunionagent.com\/wp-content\/uploads\/2025\/01\/O1CN01Ai8ZAk1Vk4NHcnsqj_2217120892690-0-cib-2025012203014720.webp\" alt=\"Adorno navide\u00f1o para colgar: mu\u00f1eco elfo sentado, regalo para ni\u00f1os, 2025.\" width=\"600\" height=\"731\" \/><\/p>\n<p><img decoding=\"async\" class=\"wp-image-22099 aligncenter\" title=\"Adorno navide\u00f1o para colgar: mu\u00f1eco elfo sentado. Regalo para ni\u00f1os. 120892690 0 cib 2025012203090471\" src=\"https:\/\/www.sellersunionagent.com\/wp-content\/uploads\/2025\/01\/O1CN01LuEeDp1Vk4NClw9oc_2217120892690-0-cib-2025012203090471.webp\" alt=\"Adorno navide\u00f1o para colgar: mu\u00f1eco elfo sentado, regalo para ni\u00f1os, 2025.\" width=\"600\" height=\"600\" \/><\/p>\n<p>&nbsp;<\/p>\n<p><img decoding=\"async\" class=\"wp-image-22100 aligncenter\" title=\"Adorno navide\u00f1o para colgar: mu\u00f1eco elfo sentado. Regalo para ni\u00f1os. 20892690 0 cib 2025012203100482\" src=\"https:\/\/www.sellersunionagent.com\/wp-content\/uploads\/2025\/01\/O1CN01pSJ0Ck1Vk4NE1wrVL_2217120892690-0-cib-2025012203100482.webp\" alt=\"Adorno navide\u00f1o para colgar: mu\u00f1eco elfo sentado, regalo para ni\u00f1os, 2025.\" width=\"600\" height=\"600\" \/><\/p>","protected":false},"excerpt":{"rendered":"<p><strong>MOQ<\/strong>:  1000 piezas<br \/>\n<strong>Muestra gratuita<\/strong>:  Soporte<br \/>\n<strong>Personalizaci\u00f3n<\/strong>logo \/ color \/ materiales \/ embalaje, etc.<br \/>\n<strong>Descuento<\/strong>:  Primeros pedidos desde 10% de descuento.<br \/>\n<strong>Porcentaje de entregas a tiempo<\/strong>:\u00a0 100%<br \/>\n<strong>Env\u00edos totales<\/strong>:  10000 piezas<br \/>\n<strong>Env\u00edo<\/strong>: Apoyo Express-Carga mar\u00edtima-Carga terrestre<\/p>","protected":false},"featured_media":22079,"comment_status":"open","ping_status":"closed","template":"","meta":{"_acf_changed":false},"product_brand":[],"product_cat":[235,321],"product_tag":[],"class_list":{"0":"post-22096","1":"product","2":"type-product","3":"status-publish","4":"has-post-thumbnail","6":"product_cat-christmas-decoration","7":"product_cat-christmas-figurines","9":"first","10":"instock","11":"shipping-taxable","12":"product-type-simple","13":"swiper-slide"},"acf":[],"_links":{"self":[{"href":"https:\/\/www.sellersunionagent.com\/es\/wp-json\/wp\/v2\/product\/22096","targetHints":{"allow":["GET"]}}],"collection":[{"href":"https:\/\/www.sellersunionagent.com\/es\/wp-json\/wp\/v2\/product"}],"about":[{"href":"https:\/\/www.sellersunionagent.com\/es\/wp-json\/wp\/v2\/types\/product"}],"replies":[{"embeddable":true,"href":"https:\/\/www.sellersunionagent.com\/es\/wp-json\/wp\/v2\/comments?post=22096"}],"wp:featuredmedia":[{"embeddable":true,"href":"https:\/\/www.sellersunionagent.com\/es\/wp-json\/wp\/v2\/media\/22079"}],"wp:attachment":[{"href":"https:\/\/www.sellersunionagent.com\/es\/wp-json\/wp\/v2\/media?parent=22096"}],"wp:term":[{"taxonomy":"product_brand","embeddable":true,"href":"https:\/\/www.sellersunionagent.com\/es\/wp-json\/wp\/v2\/product_brand?post=22096"},{"taxonomy":"product_cat","embeddable":true,"href":"https:\/\/www.sellersunionagent.com\/es\/wp-json\/wp\/v2\/product_cat?post=22096"},{"taxonomy":"product_tag","embeddable":true,"href":"https:\/\/www.sellersunionagent.com\/es\/wp-json\/wp\/v2\/product_tag?post=22096"}],"curies":[{"name":"wp","href":"https:\/\/api.w.org\/{rel}","templated":true}]}}