{"id":22036,"date":"2025-01-22T09:54:12","date_gmt":"2025-01-22T01:54:12","guid":{"rendered":"https:\/\/sellersunionagent.com\/?post_type=product&#038;p=22036"},"modified":"2025-11-28T10:39:55","modified_gmt":"2025-11-28T02:39:55","slug":"campana-de-navidad-escandinava-colgante-carillon-de-viento-adornos-del-arbol-de-navidad-pequeno-ornamento-colgante","status":"publish","type":"product","link":"https:\/\/www.sellersunionagent.com\/es\/scandinavian-christmas-bell-pendant-wind-chime-christmas-tree-decorations-small-hanging-ornament\/","title":{"rendered":"Campana de Navidad Escandinava Colgante Campanilla de Viento Adornos para el \u00c1rbol de Navidad Peque\u00f1o Adorno Colgante"},"content":{"rendered":"<div class=\"elementor-element elementor-element-42815df elementor-widget elementor-widget-heading\" data-id=\"42815df\" data-element_type=\"widget\" data-widget_type=\"heading.default\">\n<div class=\"elementor-widget-container\">\n<h1>Campana de Navidad Escandinava Colgante Campanilla de Viento Adornos para el \u00c1rbol de Navidad Peque\u00f1o Adorno Colgante<\/h1>\n<h3>Tipo: Adorno colgante<br \/>\nN\u00famero de art\u00edculo: srjt-1<br \/>\nTama\u00f1o del art\u00edculo: 5*9CM\/5*7.6CM\/5*7.8CM<br \/>\nColores: rojo\/blanco<br \/>\nMaterial: 1327355784<\/h3>\n<p>&nbsp;<\/p>\n<ul>\n<li>\n<h4>Adorable decoraci\u00f3n navide\u00f1a<\/h4>\n<\/li>\n<li>\n<h4>Festivo y alegre<\/h4>\n<\/li>\n<li>\n<h4>Adornos navide\u00f1os \u00fanicos<\/h4>\n<\/li>\n<li>\n<h4>El regalo perfecto<\/h4>\n<\/li>\n<\/ul>\n<\/div>\n<\/div>\n<div class=\"elementor-element elementor-element-c17fac7 elementor-widget elementor-widget-woocommerce-product-short-description\" data-id=\"c17fac7\" data-element_type=\"widget\" data-widget_type=\"woocommerce-product-short-description.default\">\n<h4 style=\"text-align: center\">Tres tipos<\/h4>\n<p><img fetchpriority=\"high\" decoding=\"async\" class=\"wp-image-22037 aligncenter\" title=\"Campana de Navidad Escandinava Colgante Campanilla de Viento Decoraci\u00f3n del \u00c1rbol de Navidad Peque\u00f1o Adorno Colgante\" src=\"https:\/\/www.sellersunionagent.com\/wp-content\/uploads\/2025\/01\/\u94c3\u94db1-2025012201182191.webp\" alt=\"Campana de Navidad Escandinava Colgante Campanilla de Viento Decoraci\u00f3n del \u00c1rbol de Navidad Peque\u00f1o Adorno Colgante\" width=\"600\" height=\"600\" \/><img decoding=\"async\" class=\"wp-image-22040 aligncenter\" title=\"Campana de Navidad Escandinava Colgante Campanilla de Viento Decoraci\u00f3n del \u00c1rbol de Navidad Peque\u00f1o Adorno Colgante\" src=\"https:\/\/www.sellersunionagent.com\/wp-content\/uploads\/2025\/01\/\u94c3\u94db6-2025012201200973.webp\" alt=\"Campana de Navidad Escandinava Colgante Campanilla de Viento Decoraci\u00f3n del \u00c1rbol de Navidad Peque\u00f1o Adorno Colgante\" width=\"600\" height=\"600\" \/><\/p>\n<p><img decoding=\"async\" class=\"wp-image-22041 aligncenter\" title=\"Campana de Navidad Escandinava Colgante Campanilla de Viento Decoraci\u00f3n del \u00c1rbol de Navidad Peque\u00f1o Adorno Colgante\" src=\"https:\/\/www.sellersunionagent.com\/wp-content\/uploads\/2025\/01\/\u94c3\u94db7-2025012201210596.webp\" alt=\"Campana de Navidad Escandinava Colgante Campanilla de Viento Decoraci\u00f3n del \u00c1rbol de Navidad Peque\u00f1o Adorno Colgante\" width=\"600\" height=\"600\" \/><\/p>\n<p><img loading=\"lazy\" decoding=\"async\" class=\"wp-image-22042 aligncenter\" title=\"Campana de Navidad Escandinava Colgante Campanilla de Viento Decoraci\u00f3n del \u00c1rbol de Navidad Peque\u00f1o Adorno Colgante\" src=\"https:\/\/www.sellersunionagent.com\/wp-content\/uploads\/2025\/01\/\u94c3\u94db8-2025012201230011.webp\" alt=\"Campana de Navidad Escandinava Colgante Campanilla de Viento Decoraci\u00f3n del \u00c1rbol de Navidad Peque\u00f1o Adorno Colgante\" width=\"600\" height=\"600\" \/><\/p>\n<\/div>","protected":false},"excerpt":{"rendered":"<p><strong>MOQ<\/strong>:  1000 piezas<br \/>\n<strong>Muestra gratuita<\/strong>:  Soporte<br \/>\n<strong>Personalizaci\u00f3n<\/strong>logo \/ color \/ materiales \/ embalaje, etc.<br \/>\n<strong>Descuento<\/strong>:  Primeros pedidos desde 10% de descuento.<br \/>\n<strong>Porcentaje de entregas a tiempo<\/strong>:\u00a0 100%<br \/>\n<strong>Env\u00edos totales<\/strong>:  10000 piezas<br \/>\n<strong>Env\u00edo<\/strong>: Apoyo Express-Carga mar\u00edtima-Carga terrestre<\/p>","protected":false},"featured_media":22043,"comment_status":"open","ping_status":"closed","template":"","meta":{"_acf_changed":false},"product_brand":[],"product_cat":[235,321],"product_tag":[274],"class_list":{"0":"post-22036","1":"product","2":"type-product","3":"status-publish","4":"has-post-thumbnail","6":"product_cat-christmas-decoration","7":"product_cat-christmas-figurines","8":"product_tag-scandinavian-christmas-bell-pendant-wind-chime-christmas-tree-decorations-small-hanging-ornament","10":"first","11":"instock","12":"shipping-taxable","13":"product-type-simple","14":"swiper-slide"},"acf":[],"_links":{"self":[{"href":"https:\/\/www.sellersunionagent.com\/es\/wp-json\/wp\/v2\/product\/22036","targetHints":{"allow":["GET"]}}],"collection":[{"href":"https:\/\/www.sellersunionagent.com\/es\/wp-json\/wp\/v2\/product"}],"about":[{"href":"https:\/\/www.sellersunionagent.com\/es\/wp-json\/wp\/v2\/types\/product"}],"replies":[{"embeddable":true,"href":"https:\/\/www.sellersunionagent.com\/es\/wp-json\/wp\/v2\/comments?post=22036"}],"wp:featuredmedia":[{"embeddable":true,"href":"https:\/\/www.sellersunionagent.com\/es\/wp-json\/wp\/v2\/media\/22043"}],"wp:attachment":[{"href":"https:\/\/www.sellersunionagent.com\/es\/wp-json\/wp\/v2\/media?parent=22036"}],"wp:term":[{"taxonomy":"product_brand","embeddable":true,"href":"https:\/\/www.sellersunionagent.com\/es\/wp-json\/wp\/v2\/product_brand?post=22036"},{"taxonomy":"product_cat","embeddable":true,"href":"https:\/\/www.sellersunionagent.com\/es\/wp-json\/wp\/v2\/product_cat?post=22036"},{"taxonomy":"product_tag","embeddable":true,"href":"https:\/\/www.sellersunionagent.com\/es\/wp-json\/wp\/v2\/product_tag?post=22036"}],"curies":[{"name":"wp","href":"https:\/\/api.w.org\/{rel}","templated":true}]}}