{"id":22013,"date":"2025-01-21T17:23:42","date_gmt":"2025-01-21T09:23:42","guid":{"rendered":"https:\/\/sellersunionagent.com\/?post_type=product&#038;p=22013"},"modified":"2025-01-21T17:23:42","modified_gmt":"2025-01-21T09:23:42","slug":"nueva-decoracion-navidena-escandinava-muneca-luminosa-pequena-lampara-de-mesa-ornamento","status":"publish","type":"product","link":"https:\/\/www.sellersunionagent.com\/es\/new-christmas-decoration-scandinavian-luminous-doll-small-table-lamp-ornament\/","title":{"rendered":"Nueva Navidad Decoraci\u00f3n Escandinava Mu\u00f1eca Luminosa Peque\u00f1a L\u00e1mpara de Mesa Ornamento"},"content":{"rendered":"<div class=\"elementor-element elementor-element-42815df elementor-widget elementor-widget-heading\" data-id=\"42815df\" data-element_type=\"widget\" data-widget_type=\"heading.default\">\n<div class=\"elementor-widget-container\">\n<h1>Nueva Navidad Decoraci\u00f3n Escandinava Mu\u00f1eca Luminosa Peque\u00f1a L\u00e1mpara de Mesa Ornamento<\/h1>\n<h2>Tipo: Estante: L\u00e1mpara de mesa Ornamento<\/h2>\n<h2>N\u00famero de art\u00edculo: SUM002<\/h2>\n<h2>Tama\u00f1o del art\u00edculo: 27*10.5*34CM<\/h2>\n<h2>Colores: rojo\/gris<\/h2>\n<h2>Material: tela<\/h2>\n<\/div>\n<\/div>\n<div class=\"elementor-element elementor-element-c17fac7 elementor-widget elementor-widget-woocommerce-product-short-description\" data-id=\"c17fac7\" data-element_type=\"widget\" data-widget_type=\"woocommerce-product-short-description.default\">\n<ul>\n<li>\n<h3>Alta calidad<\/h3>\n<\/li>\n<li>\n<h3>Apreciable<\/h3>\n<\/li>\n<li>\n<h3>Iluminable<\/h3>\n<\/li>\n<li>\n<h3>Port\u00e1til<\/h3>\n<\/li>\n<\/ul>\n<\/div>\n<h3><\/h3>\n<p>&nbsp;<\/p>\n<p>&nbsp;<\/p>\n<p>&nbsp;<\/p>\n<p><img fetchpriority=\"high\" decoding=\"async\" class=\"wp-image-22015 aligncenter\" title=\"Nueva Navidad Decoraci\u00f3n Escandinava Mu\u00f1eca Luminosa Peque\u00f1a L\u00e1mpara de Mesa Ornamento\" src=\"https:\/\/www.sellersunionagent.com\/wp-content\/uploads\/2025\/01\/\u5723\u8bde1-2025012109051110.webp\" alt=\"Nueva Navidad Decoraci\u00f3n Escandinava Mu\u00f1eca Luminosa Peque\u00f1a L\u00e1mpara de Mesa Ornamento\" width=\"600\" height=\"600\" \/><\/p>\n<p>&nbsp;<\/p>\n<p><img decoding=\"async\" class=\"wp-image-22018 aligncenter\" title=\"Nueva Navidad Decoraci\u00f3n Escandinava Mu\u00f1eca Luminosa Peque\u00f1a L\u00e1mpara de Mesa Ornamento\" src=\"https:\/\/www.sellersunionagent.com\/wp-content\/uploads\/2025\/01\/\u5723\u8bde4-2025012109083689.webp\" alt=\"Nueva Navidad Decoraci\u00f3n Escandinava Mu\u00f1eca Luminosa Peque\u00f1a L\u00e1mpara de Mesa Ornamento\" width=\"600\" height=\"600\" \/><\/p>\n<p>&nbsp;<\/p>\n<p><img decoding=\"async\" class=\"aligncenter wp-image-22020\" title=\"Nueva Navidad Decoraci\u00f3n Escandinava Mu\u00f1eca Luminosa Peque\u00f1a L\u00e1mpara de Mesa Ornamento\" src=\"https:\/\/www.sellersunionagent.com\/wp-content\/uploads\/2025\/01\/\u5723\u8bde6-2025012109095038.webp\" alt=\"Nueva Navidad Decoraci\u00f3n Escandinava Mu\u00f1eca Luminosa Peque\u00f1a L\u00e1mpara de Mesa Ornamento\" width=\"600\" height=\"600\" \/><\/p>\n<p>&nbsp;<\/p>\n<p><img loading=\"lazy\" decoding=\"async\" class=\"wp-image-22022 aligncenter\" title=\"Nueva Navidad Decoraci\u00f3n Escandinava Mu\u00f1eca Luminosa Peque\u00f1a L\u00e1mpara de Mesa Ornamento\" src=\"https:\/\/www.sellersunionagent.com\/wp-content\/uploads\/2025\/01\/\u5723\u8bde8-2025012109112786.webp\" alt=\"Nueva Navidad Decoraci\u00f3n Escandinava Mu\u00f1eca Luminosa Peque\u00f1a L\u00e1mpara de Mesa Ornamento\" width=\"600\" height=\"600\" \/><\/p>\n<div class=\"elementor-element elementor-element-c17fac7 elementor-widget elementor-widget-woocommerce-product-short-description\" data-id=\"c17fac7\" data-element_type=\"widget\" data-widget_type=\"woocommerce-product-short-description.default\"><\/div>","protected":false},"excerpt":{"rendered":"<p><strong>MOQ<\/strong>:  1000 piezas<br \/>\n<strong>Muestra gratuita<\/strong>:  Soporte<br \/>\n<strong>Personalizaci\u00f3n<\/strong>logo \/ color \/ materiales \/ embalaje, etc.<br \/>\n<strong>Descuento<\/strong>:  Primeros pedidos desde 10% de descuento.<br \/>\n<strong>Porcentaje de entregas a tiempo<\/strong>:\u00a0 100%<br \/>\n<strong>Env\u00edos totales<\/strong>:  10000 piezas<br \/>\n<strong>Env\u00edo<\/strong>: Apoyo Express-Carga mar\u00edtima-Carga terrestre<\/p>","protected":false},"featured_media":22019,"comment_status":"open","ping_status":"closed","template":"","meta":{"_acf_changed":false},"product_brand":[],"product_cat":[235],"product_tag":[273],"class_list":{"0":"post-22013","1":"product","2":"type-product","3":"status-publish","4":"has-post-thumbnail","6":"product_cat-christmas-decoration","7":"product_tag-new-christmas-decoration-scandinavian-luminous-doll-small-table-lamp-ornament","9":"first","10":"instock","11":"shipping-taxable","12":"product-type-simple","13":"swiper-slide"},"acf":[],"_links":{"self":[{"href":"https:\/\/www.sellersunionagent.com\/es\/wp-json\/wp\/v2\/product\/22013","targetHints":{"allow":["GET"]}}],"collection":[{"href":"https:\/\/www.sellersunionagent.com\/es\/wp-json\/wp\/v2\/product"}],"about":[{"href":"https:\/\/www.sellersunionagent.com\/es\/wp-json\/wp\/v2\/types\/product"}],"replies":[{"embeddable":true,"href":"https:\/\/www.sellersunionagent.com\/es\/wp-json\/wp\/v2\/comments?post=22013"}],"wp:featuredmedia":[{"embeddable":true,"href":"https:\/\/www.sellersunionagent.com\/es\/wp-json\/wp\/v2\/media\/22019"}],"wp:attachment":[{"href":"https:\/\/www.sellersunionagent.com\/es\/wp-json\/wp\/v2\/media?parent=22013"}],"wp:term":[{"taxonomy":"product_brand","embeddable":true,"href":"https:\/\/www.sellersunionagent.com\/es\/wp-json\/wp\/v2\/product_brand?post=22013"},{"taxonomy":"product_cat","embeddable":true,"href":"https:\/\/www.sellersunionagent.com\/es\/wp-json\/wp\/v2\/product_cat?post=22013"},{"taxonomy":"product_tag","embeddable":true,"href":"https:\/\/www.sellersunionagent.com\/es\/wp-json\/wp\/v2\/product_tag?post=22013"}],"curies":[{"name":"wp","href":"https:\/\/api.w.org\/{rel}","templated":true}]}}