{"id":21992,"date":"2025-01-20T14:54:56","date_gmt":"2025-01-20T06:54:56","guid":{"rendered":"https:\/\/sellersunionagent.com\/?post_type=product&#038;p=21992"},"modified":"2025-01-22T14:43:20","modified_gmt":"2025-01-22T06:43:20","slug":"vaso-de-cafe-al-vacio-portatil-de-acero-inoxidable-304","status":"publish","type":"product","link":"https:\/\/www.sellersunionagent.com\/es\/304-stainless-steel-portable-vacuum-coffee-cup\/","title":{"rendered":"Taza de caf\u00e9 al vac\u00edo port\u00e1til de acero inoxidable 304"},"content":{"rendered":"<h1><strong>Taza de caf\u00e9 al vac\u00edo port\u00e1til de acero inoxidable 304<\/strong><\/h1>\n<h3>Tipo\uff1aTaza de caf\u00e9<\/h3>\n<h3>N\u00famero de art\u00edculo\uff1afkn202407-47<\/h3>\n<h3>Volumen\uff1a500ML<\/h3>\n<h3>Material\uff1aInterior de acero inoxidable 304<\/h3>\n<h3>Revestimiento exterior de acero inoxidable 201<\/h3>\n<p>&nbsp;<\/p>\n<ul>\n<li>\n<h4>Gran volumen<\/h4>\n<\/li>\n<li>\n<h4>Port\u00e1til y pr\u00e1ctico<\/h4>\n<\/li>\n<li>\n<h4>Personalizable<\/h4>\n<\/li>\n<li>\n<h4>Aislamiento t\u00e9rmico<\/h4>\n<\/li>\n<\/ul>\n<h4><\/h4>\n<p>&nbsp;<\/p>\n<h4 style=\"text-align: center\"><strong>T\u00e9rmico port\u00e1til y aislado<\/strong><\/h4>\n<p><img fetchpriority=\"high\" decoding=\"async\" class=\"aligncenter wp-image-21993\" title=\"Vaso de caf\u00e9 al vac\u00edo port\u00e1til de acero inoxidable 30451\" src=\"https:\/\/www.sellersunionagent.com\/wp-content\/uploads\/2025\/01\/\u5496\u5561\u676f1-2025012006413951.webp\" alt=\"Taza de caf\u00e9 al vac\u00edo port\u00e1til de acero inoxidable 304\" width=\"600\" height=\"600\" \/><\/p>\n<p>&nbsp;<\/p>","protected":false},"excerpt":{"rendered":"<p><strong>MOQ<\/strong>:  1000 piezas<br \/>\n<strong>Muestra gratuita<\/strong>:  Soporte<br \/>\n<strong>Personalizaci\u00f3n<\/strong>logo \/ color \/ materiales \/ embalaje, etc.<br \/>\n<strong>Descuento<\/strong>:  Primeros pedidos desde 10% de descuento.<br \/>\n<strong>Porcentaje de entregas a tiempo<\/strong>:\u00a0 100%<br \/>\n<strong>Env\u00edos totales<\/strong>:  10000 piezas<br \/>\n<strong>Env\u00edo<\/strong>: Apoyo Express-Carga mar\u00edtima-Carga terrestre<\/p>","protected":false},"featured_media":21994,"comment_status":"open","ping_status":"closed","template":"","meta":{"_acf_changed":false},"product_brand":[],"product_cat":[259],"product_tag":[],"class_list":{"0":"post-21992","1":"product","2":"type-product","3":"status-publish","4":"has-post-thumbnail","6":"product_cat-uncategories","8":"first","9":"instock","10":"shipping-taxable","11":"product-type-simple","12":"swiper-slide"},"acf":[],"_links":{"self":[{"href":"https:\/\/www.sellersunionagent.com\/es\/wp-json\/wp\/v2\/product\/21992","targetHints":{"allow":["GET"]}}],"collection":[{"href":"https:\/\/www.sellersunionagent.com\/es\/wp-json\/wp\/v2\/product"}],"about":[{"href":"https:\/\/www.sellersunionagent.com\/es\/wp-json\/wp\/v2\/types\/product"}],"replies":[{"embeddable":true,"href":"https:\/\/www.sellersunionagent.com\/es\/wp-json\/wp\/v2\/comments?post=21992"}],"wp:featuredmedia":[{"embeddable":true,"href":"https:\/\/www.sellersunionagent.com\/es\/wp-json\/wp\/v2\/media\/21994"}],"wp:attachment":[{"href":"https:\/\/www.sellersunionagent.com\/es\/wp-json\/wp\/v2\/media?parent=21992"}],"wp:term":[{"taxonomy":"product_brand","embeddable":true,"href":"https:\/\/www.sellersunionagent.com\/es\/wp-json\/wp\/v2\/product_brand?post=21992"},{"taxonomy":"product_cat","embeddable":true,"href":"https:\/\/www.sellersunionagent.com\/es\/wp-json\/wp\/v2\/product_cat?post=21992"},{"taxonomy":"product_tag","embeddable":true,"href":"https:\/\/www.sellersunionagent.com\/es\/wp-json\/wp\/v2\/product_tag?post=21992"}],"curies":[{"name":"wp","href":"https:\/\/api.w.org\/{rel}","templated":true}]}}