{"id":21805,"date":"2025-01-08T10:21:33","date_gmt":"2025-01-08T02:21:33","guid":{"rendered":"https:\/\/sellersunionagent.com\/?post_type=product&#038;p=21805"},"modified":"2025-11-28T10:46:14","modified_gmt":"2025-11-28T02:46:14","slug":"electroplated-plastic-christmas-balls-shaped-christmas-tree-decoration-hanging-ornaments","status":"publish","type":"product","link":"https:\/\/www.sellersunionagent.com\/es\/electroplated-plastic-christmas-balls-shaped-christmas-tree-decoration-hanging-ornaments\/","title":{"rendered":"Electroplated Plastic Christmas Balls Shaped Christmas Tree Decoration Hanging Ornaments"},"content":{"rendered":"<h1>2025 Bolas navide\u00f1as de pl\u00e1stico galvanizado con forma de \u00e1rbol de Navidad para decorar y colgar como adornos.<\/h1>\n<h3>\nTama\u00f1o del art\u00edculo: 12 x 12 x 10 cm<br \/>\nColores: dorado\/azul\/rosa<br \/>\nMaterial: pl\u00e1stico<\/h3>\n<p>&nbsp;<\/p>\n<ul>\n<li>\n<h4>Crear ambiente navide\u00f1o<\/h4>\n<\/li>\n<li>\n<h4>Varios estilos<\/h4>\n<\/li>\n<li>\n<h4>colorido<\/h4>\n<\/li>\n<\/ul>\n<p>&nbsp;<\/p>\n<p><img fetchpriority=\"high\" decoding=\"async\" class=\"size-full wp-image-21806\" title=\"Captura de pantalla de WeChat Enterprise 17363011962572 2025010802165193\" src=\"https:\/\/www.sellersunionagent.com\/wp-content\/uploads\/2025\/01\/\u4f01\u4e1a\u5fae\u4fe1\u622a\u56fe_17363011962572-2025010802165193.webp\" alt=\"Captura de pantalla de WeChat Enterprise 17363011962572 2025010802165193\" width=\"664\" height=\"664\" \/><\/p>\n<p><img decoding=\"async\" class=\"size-medium wp-image-21807\" title=\"Captura de pantalla de WeChat Enterprise 17363012051852 2025010802165666\" src=\"https:\/\/www.sellersunionagent.com\/wp-content\/uploads\/2025\/01\/\u4f01\u4e1a\u5fae\u4fe1\u622a\u56fe_17363012051852-2025010802165666.webp\" alt=\"Captura de pantalla de WeChat Enterprise 17363012051852 2025010802165666\" width=\"663\" height=\"660\" \/><\/p>\n<p><img decoding=\"async\" class=\"size-medium wp-image-21808\" title=\"Captura de pantalla de WeChat Enterprise 17363012483030 2025010802170094\" src=\"https:\/\/www.sellersunionagent.com\/wp-content\/uploads\/2025\/01\/\u4f01\u4e1a\u5fae\u4fe1\u622a\u56fe_17363012483030-2025010802170094.webp\" alt=\"Captura de pantalla de WeChat Enterprise 17363012483030 2025010802170094\" width=\"664\" height=\"660\" \/><\/p>\n<p><img loading=\"lazy\" decoding=\"async\" class=\"size-medium wp-image-21809\" title=\"Captura de pantalla de WeChat Enterprise 17363011861078 2025010802170569\" src=\"https:\/\/www.sellersunionagent.com\/wp-content\/uploads\/2025\/01\/\u4f01\u4e1a\u5fae\u4fe1\u622a\u56fe_17363011861078-2025010802170569.webp\" alt=\"Captura de pantalla de WeChat Enterprise 17363011861078 2025010802170569\" width=\"665\" height=\"662\" \/><\/p>\n<p><img loading=\"lazy\" decoding=\"async\" class=\"size-medium wp-image-21810\" title=\"Captura de pantalla de WeChat Enterprise 17363012611789 2025010802170942\" src=\"https:\/\/www.sellersunionagent.com\/wp-content\/uploads\/2025\/01\/\u4f01\u4e1a\u5fae\u4fe1\u622a\u56fe_17363012611789-2025010802170942.webp\" alt=\"Captura de pantalla de WeChat Enterprise 17363012611789 2025010802170942\" width=\"658\" height=\"658\" \/><\/p>\n<p><img loading=\"lazy\" decoding=\"async\" class=\"size-full wp-image-21802\" title=\"Captura de pantalla de WeChat Enterprise 17363011571232 2025010802052553\" src=\"https:\/\/www.sellersunionagent.com\/wp-content\/uploads\/2025\/01\/\u4f01\u4e1a\u5fae\u4fe1\u622a\u56fe_17363011571232-2025010802052553.webp\" alt=\"Captura de pantalla de WeChat Enterprise 17363011571232 2025010802052553\" width=\"663\" height=\"660\" \/><\/p>\n<p><img loading=\"lazy\" decoding=\"async\" class=\"size-full wp-image-21803\" title=\"Captura de pantalla de WeChat Enterprise 17363011684441 2025010802074089\" src=\"https:\/\/www.sellersunionagent.com\/wp-content\/uploads\/2025\/01\/\u4f01\u4e1a\u5fae\u4fe1\u622a\u56fe_17363011684441-2025010802074089.webp\" alt=\"Captura de pantalla de WeChat Enterprise 17363011684441 2025010802074089\" width=\"661\" height=\"657\" \/><\/p>\n<p><img loading=\"lazy\" decoding=\"async\" class=\"size-full wp-image-21804\" title=\"Captura de pantalla de WeChat Enterprise 17363011779949 2025010802080487\" src=\"https:\/\/www.sellersunionagent.com\/wp-content\/uploads\/2025\/01\/\u4f01\u4e1a\u5fae\u4fe1\u622a\u56fe_17363011779949-2025010802080487.webp\" alt=\"Captura de pantalla de WeChat Enterprise 17363011779949 2025010802080487\" width=\"663\" height=\"661\" \/><\/p>","protected":false},"excerpt":{"rendered":"<p><strong>MOQ<\/strong>:  1000 piezas<br \/>\n<strong>Muestra gratuita<\/strong>:  Soporte<br \/>\n<strong>Personalizaci\u00f3n<\/strong>logo \/ color \/ materiales \/ embalaje, etc.<br \/>\n<strong>Descuento<\/strong>:  Primeros pedidos desde 10% de descuento.<br \/>\n<strong>Porcentaje de entregas a tiempo<\/strong>:\u00a0 100%<br \/>\n<strong>Env\u00edos totales<\/strong>:  10000 piezas<br \/>\n<strong>Env\u00edo<\/strong>: Apoyo Express-Carga mar\u00edtima-Carga terrestre<\/p>","protected":false},"featured_media":21802,"comment_status":"open","ping_status":"closed","template":"","meta":{"_acf_changed":false},"product_brand":[],"product_cat":[235,318],"product_tag":[],"class_list":{"0":"post-21805","1":"product","2":"type-product","3":"status-publish","4":"has-post-thumbnail","6":"product_cat-christmas-decoration","7":"product_cat-christmas-tree-ornaments","9":"first","10":"instock","11":"shipping-taxable","12":"product-type-simple","13":"swiper-slide"},"acf":[],"_links":{"self":[{"href":"https:\/\/www.sellersunionagent.com\/es\/wp-json\/wp\/v2\/product\/21805","targetHints":{"allow":["GET"]}}],"collection":[{"href":"https:\/\/www.sellersunionagent.com\/es\/wp-json\/wp\/v2\/product"}],"about":[{"href":"https:\/\/www.sellersunionagent.com\/es\/wp-json\/wp\/v2\/types\/product"}],"replies":[{"embeddable":true,"href":"https:\/\/www.sellersunionagent.com\/es\/wp-json\/wp\/v2\/comments?post=21805"}],"wp:featuredmedia":[{"embeddable":true,"href":"https:\/\/www.sellersunionagent.com\/es\/wp-json\/wp\/v2\/media\/21802"}],"wp:attachment":[{"href":"https:\/\/www.sellersunionagent.com\/es\/wp-json\/wp\/v2\/media?parent=21805"}],"wp:term":[{"taxonomy":"product_brand","embeddable":true,"href":"https:\/\/www.sellersunionagent.com\/es\/wp-json\/wp\/v2\/product_brand?post=21805"},{"taxonomy":"product_cat","embeddable":true,"href":"https:\/\/www.sellersunionagent.com\/es\/wp-json\/wp\/v2\/product_cat?post=21805"},{"taxonomy":"product_tag","embeddable":true,"href":"https:\/\/www.sellersunionagent.com\/es\/wp-json\/wp\/v2\/product_tag?post=21805"}],"curies":[{"name":"wp","href":"https:\/\/api.w.org\/{rel}","templated":true}]}}