{"id":21583,"date":"2024-12-03T17:46:06","date_gmt":"2024-12-03T09:46:06","guid":{"rendered":"https:\/\/sellersunionagent.com\/?post_type=product&#038;p=21583"},"modified":"2025-11-28T10:52:35","modified_gmt":"2025-11-28T02:52:35","slug":"christmas-decoration-creative-wooden-christmas-tree-desktop-small-ornament","status":"publish","type":"product","link":"https:\/\/www.sellersunionagent.com\/es\/christmas-decoration-creative-wooden-christmas-tree-desktop-small-ornament\/","title":{"rendered":"Christmas Decoration Creative Wooden Christmas Tree Desktop Small Ornament"},"content":{"rendered":"<h1>2025 Decoraci\u00f3n Navide\u00f1a Creativa \u00c1rbol de Navidad de Madera Peque\u00f1o Adorno de Escritorio<\/h1>\n<div class=\"elementor-element elementor-element-42815df elementor-widget elementor-widget-heading\" data-id=\"42815df\" data-element_type=\"widget\" data-widget_type=\"heading.default\">\n<div class=\"elementor-widget-container\"><\/div>\n<\/div>\n<div class=\"elementor-element elementor-element-c17fac7 elementor-widget elementor-widget-woocommerce-product-short-description\" data-id=\"c17fac7\" data-element_type=\"widget\" data-widget_type=\"woocommerce-product-short-description.default\">\n<div class=\"elementor-widget-container\">\n<div class=\"woocommerce-product-details__short-description\">\n<h3><\/h3>\n<h3><strong>Tama\u00f1o del art\u00edculo<\/strong>: 10*10*19CM<\/h3>\n<h3><strong>Colores<\/strong>: blanco\/ verde\/ natural<\/h3>\n<h3><strong>Material: <\/strong>madera+hierro<\/h3>\n<\/div>\n<\/div>\n<\/div>\n<p>&nbsp;<\/p>\n<ul>\n<li>\n<h4>compacto y exquisito<\/h4>\n<\/li>\n<li>\n<h4>Aplicaci\u00f3n multiescena<\/h4>\n<\/li>\n<li>\n<h4>Ambiente navide\u00f1o<\/h4>\n<\/li>\n<\/ul>\n<p><img fetchpriority=\"high\" decoding=\"async\" class=\"size-full wp-image-21584\" title=\"\u4f01\u4e1a\u5fae\u4fe1\u622a\u56fe 17332168989947 2024120309445983\" src=\"https:\/\/www.sellersunionagent.com\/wp-content\/uploads\/2024\/12\/\u4f01\u4e1a\u5fae\u4fe1\u622a\u56fe_17332168989947-2024120309445983.webp\" alt=\"\u4f01\u4e1a\u5fae\u4fe1\u622a\u56fe 17332168989947 2024120309445983\" width=\"668\" height=\"666\" \/><\/p>\n<p><img decoding=\"async\" class=\"size-medium wp-image-21585\" title=\"\u4f01\u4e1a\u5fae\u4fe1\u622a\u56fe 17332169109111 2024120309450397\" src=\"https:\/\/www.sellersunionagent.com\/wp-content\/uploads\/2024\/12\/\u4f01\u4e1a\u5fae\u4fe1\u622a\u56fe_17332169109111-2024120309450397.webp\" alt=\"\u4f01\u4e1a\u5fae\u4fe1\u622a\u56fe 17332169109111 2024120309450397\" width=\"656\" height=\"664\" \/><\/p>\n<p><img decoding=\"async\" class=\"size-medium wp-image-21586\" title=\"\u4f01\u4e1a\u5fae\u4fe1\u622a\u56fe 17332169202761 2024120309450625\" src=\"https:\/\/www.sellersunionagent.com\/wp-content\/uploads\/2024\/12\/\u4f01\u4e1a\u5fae\u4fe1\u622a\u56fe_17332169202761-2024120309450625.webp\" alt=\"\u4f01\u4e1a\u5fae\u4fe1\u622a\u56fe 17332169202761 2024120309450625\" width=\"662\" height=\"660\" \/><\/p>\n<p><img loading=\"lazy\" decoding=\"async\" class=\"size-medium wp-image-21587\" title=\"\u4f01\u4e1a\u5fae\u4fe1\u622a\u56fe 17332169321798 2024120309450948\" src=\"https:\/\/www.sellersunionagent.com\/wp-content\/uploads\/2024\/12\/\u4f01\u4e1a\u5fae\u4fe1\u622a\u56fe_17332169321798-2024120309450948.webp\" alt=\"\u4f01\u4e1a\u5fae\u4fe1\u622a\u56fe 17332169321798 2024120309450948\" width=\"665\" height=\"662\" \/><\/p>\n<p><img loading=\"lazy\" decoding=\"async\" class=\"size-medium wp-image-21588\" title=\"\u4f01\u4e1a\u5fae\u4fe1\u622a\u56fe 17332169405520 2024120309451273\" src=\"https:\/\/www.sellersunionagent.com\/wp-content\/uploads\/2024\/12\/\u4f01\u4e1a\u5fae\u4fe1\u622a\u56fe_17332169405520-2024120309451273.webp\" alt=\"\u4f01\u4e1a\u5fae\u4fe1\u622a\u56fe 17332169405520 2024120309451273\" width=\"665\" height=\"664\" \/><\/p>\n<p><img loading=\"lazy\" decoding=\"async\" class=\"size-medium wp-image-21589\" title=\"\u4f01\u4e1a\u5fae\u4fe1\u622a\u56fe 17332169509678 2024120309451587\" src=\"https:\/\/www.sellersunionagent.com\/wp-content\/uploads\/2024\/12\/\u4f01\u4e1a\u5fae\u4fe1\u622a\u56fe_17332169509678-2024120309451587.webp\" alt=\"\u4f01\u4e1a\u5fae\u4fe1\u622a\u56fe 17332169509678 2024120309451587\" width=\"665\" height=\"664\" \/><\/p>\n<p><img loading=\"lazy\" decoding=\"async\" class=\"size-medium wp-image-21590\" title=\"\u4f01\u4e1a\u5fae\u4fe1\u622a\u56fe 17332169612897 2024120309451824\" src=\"https:\/\/www.sellersunionagent.com\/wp-content\/uploads\/2024\/12\/\u4f01\u4e1a\u5fae\u4fe1\u622a\u56fe_17332169612897-2024120309451824.webp\" alt=\"\u4f01\u4e1a\u5fae\u4fe1\u622a\u56fe 17332169612897 2024120309451824\" width=\"667\" height=\"668\" \/><\/p>\n<p><img loading=\"lazy\" decoding=\"async\" class=\"size-medium wp-image-21591\" title=\"\u4f01\u4e1a\u5fae\u4fe1\u622a\u56fe 17332169694781 2024120309452134\" src=\"https:\/\/www.sellersunionagent.com\/wp-content\/uploads\/2024\/12\/\u4f01\u4e1a\u5fae\u4fe1\u622a\u56fe_17332169694781-2024120309452134.webp\" alt=\"\u4f01\u4e1a\u5fae\u4fe1\u622a\u56fe 17332169694781 2024120309452134\" width=\"656\" height=\"665\" \/><\/p>","protected":false},"excerpt":{"rendered":"<p><strong>MOQ<\/strong>:  1000 piezas<br \/>\n<strong>Muestra gratuita<\/strong>:  Soporte<br \/>\n<strong>Personalizaci\u00f3n<\/strong>logo \/ color \/ materiales \/ embalaje, etc.<br \/>\n<strong>Descuento<\/strong>:  Primeros pedidos desde 10% de descuento.<br \/>\n<strong>Porcentaje de entregas a tiempo<\/strong>:\u00a0 100%<br \/>\n<strong>Env\u00edos totales<\/strong>:  10000 piezas<br \/>\n<strong>Env\u00edo<\/strong>: Apoyo Express-Carga mar\u00edtima-Carga terrestre<\/p>","protected":false},"featured_media":21584,"comment_status":"open","ping_status":"closed","template":"","meta":{"_acf_changed":false},"product_brand":[],"product_cat":[235,322],"product_tag":[],"class_list":{"0":"post-21583","1":"product","2":"type-product","3":"status-publish","4":"has-post-thumbnail","6":"product_cat-christmas-decoration","7":"product_cat-christmas-gift","9":"first","10":"instock","11":"shipping-taxable","12":"product-type-simple","13":"swiper-slide"},"acf":[],"_links":{"self":[{"href":"https:\/\/www.sellersunionagent.com\/es\/wp-json\/wp\/v2\/product\/21583","targetHints":{"allow":["GET"]}}],"collection":[{"href":"https:\/\/www.sellersunionagent.com\/es\/wp-json\/wp\/v2\/product"}],"about":[{"href":"https:\/\/www.sellersunionagent.com\/es\/wp-json\/wp\/v2\/types\/product"}],"replies":[{"embeddable":true,"href":"https:\/\/www.sellersunionagent.com\/es\/wp-json\/wp\/v2\/comments?post=21583"}],"wp:featuredmedia":[{"embeddable":true,"href":"https:\/\/www.sellersunionagent.com\/es\/wp-json\/wp\/v2\/media\/21584"}],"wp:attachment":[{"href":"https:\/\/www.sellersunionagent.com\/es\/wp-json\/wp\/v2\/media?parent=21583"}],"wp:term":[{"taxonomy":"product_brand","embeddable":true,"href":"https:\/\/www.sellersunionagent.com\/es\/wp-json\/wp\/v2\/product_brand?post=21583"},{"taxonomy":"product_cat","embeddable":true,"href":"https:\/\/www.sellersunionagent.com\/es\/wp-json\/wp\/v2\/product_cat?post=21583"},{"taxonomy":"product_tag","embeddable":true,"href":"https:\/\/www.sellersunionagent.com\/es\/wp-json\/wp\/v2\/product_tag?post=21583"}],"curies":[{"name":"wp","href":"https:\/\/api.w.org\/{rel}","templated":true}]}}