{"id":21560,"date":"2024-12-03T14:46:46","date_gmt":"2024-12-03T06:46:46","guid":{"rendered":"https:\/\/sellersunionagent.com\/?post_type=product&#038;p=21560"},"modified":"2025-11-28T10:52:26","modified_gmt":"2025-11-28T02:52:26","slug":"christmas-hanging-small-bells-velvet-bowknot-scene-arrangement-decoration-small-pendant","status":"publish","type":"product","link":"https:\/\/www.sellersunionagent.com\/es\/christmas-hanging-small-bells-velvet-bowknot-scene-arrangement-decoration-small-pendant\/","title":{"rendered":"Christmas Hanging Small Bells Velvet Bowknot Scene Arrangement Decoration Small Pendant"},"content":{"rendered":"<h1>2025 Navidad Colgante Campanas Peque\u00f1as Terciopelo Bowknot Escena Decoraci\u00f3n Peque\u00f1o Colgante<\/h1>\n<div class=\"elementor-element elementor-element-42815df elementor-widget elementor-widget-heading\" data-id=\"42815df\" data-element_type=\"widget\" data-widget_type=\"heading.default\">\n<div class=\"elementor-widget-container\"><\/div>\n<\/div>\n<div class=\"elementor-element elementor-element-c17fac7 elementor-widget elementor-widget-woocommerce-product-short-description\" data-id=\"c17fac7\" data-element_type=\"widget\" data-widget_type=\"woocommerce-product-short-description.default\">\n<div class=\"elementor-widget-container\">\n<div class=\"woocommerce-product-details__short-description\">\n<h3><\/h3>\n<h3><strong>Tama\u00f1o del art\u00edculo<\/strong>: 10*10CM<\/h3>\n<h3><strong>Colores<\/strong>: red\/gold green<\/h3>\n<h3><strong>Material: <\/strong>hierro<\/h3>\n<\/div>\n<\/div>\n<\/div>\n<p>&nbsp;<\/p>\n<ul>\n<li>\n<h4>compacto y exquisito<\/h4>\n<\/li>\n<li>\n<h4>Aplicaci\u00f3n multiescena<\/h4>\n<\/li>\n<li>\n<h4>Ambiente navide\u00f1o<\/h4>\n<\/li>\n<\/ul>\n<p>&nbsp;<\/p>\n<p><img fetchpriority=\"high\" decoding=\"async\" class=\"size-full wp-image-21561\" title=\"\u4f01\u4e1a\u5fae\u4fe1\u622a\u56fe 17332059534056 2024120306131571\" src=\"https:\/\/www.sellersunionagent.com\/wp-content\/uploads\/2024\/12\/\u4f01\u4e1a\u5fae\u4fe1\u622a\u56fe_17332059534056-2024120306131571.webp\" alt=\"\u4f01\u4e1a\u5fae\u4fe1\u622a\u56fe 17332059534056 2024120306131571\" width=\"667\" height=\"666\" \/><\/p>\n<p><img decoding=\"async\" class=\"size-full wp-image-21562\" title=\"\u4f01\u4e1a\u5fae\u4fe1\u622a\u56fe 17332059782183 2024120306132070\" src=\"https:\/\/www.sellersunionagent.com\/wp-content\/uploads\/2024\/12\/\u4f01\u4e1a\u5fae\u4fe1\u622a\u56fe_17332059782183-2024120306132070.webp\" alt=\"\u4f01\u4e1a\u5fae\u4fe1\u622a\u56fe 17332059782183 2024120306132070\" width=\"666\" height=\"666\" \/><\/p>\n<p><img decoding=\"async\" class=\"size-full wp-image-21563\" title=\"\u4f01\u4e1a\u5fae\u4fe1\u622a\u56fe 17332059895234 2024120306132479\" src=\"https:\/\/www.sellersunionagent.com\/wp-content\/uploads\/2024\/12\/\u4f01\u4e1a\u5fae\u4fe1\u622a\u56fe_17332059895234-2024120306132479.webp\" alt=\"\u4f01\u4e1a\u5fae\u4fe1\u622a\u56fe 17332059895234 2024120306132479\" width=\"663\" height=\"664\" \/><\/p>\n<p><img loading=\"lazy\" decoding=\"async\" class=\"size-full wp-image-21564\" title=\"\u4f01\u4e1a\u5fae\u4fe1\u622a\u56fe 17332059996264 2024120306132841\" src=\"https:\/\/www.sellersunionagent.com\/wp-content\/uploads\/2024\/12\/\u4f01\u4e1a\u5fae\u4fe1\u622a\u56fe_17332059996264-2024120306132841.webp\" alt=\"\u4f01\u4e1a\u5fae\u4fe1\u622a\u56fe 17332059996264 2024120306132841\" width=\"667\" height=\"666\" \/><\/p>\n<p><img loading=\"lazy\" decoding=\"async\" class=\"size-full wp-image-21565\" title=\"\u4f01\u4e1a\u5fae\u4fe1\u622a\u56fe 17332060162194 2024120306133328\" src=\"https:\/\/www.sellersunionagent.com\/wp-content\/uploads\/2024\/12\/\u4f01\u4e1a\u5fae\u4fe1\u622a\u56fe_17332060162194-2024120306133328.webp\" alt=\"\u4f01\u4e1a\u5fae\u4fe1\u622a\u56fe 17332060162194 2024120306133328\" width=\"663\" height=\"661\" \/><\/p>\n<p><img loading=\"lazy\" decoding=\"async\" class=\"size-full wp-image-21566\" title=\"\u4f01\u4e1a\u5fae\u4fe1\u622a\u56fe 17332060266543 2024120306133826\" src=\"https:\/\/www.sellersunionagent.com\/wp-content\/uploads\/2024\/12\/\u4f01\u4e1a\u5fae\u4fe1\u622a\u56fe_17332060266543-2024120306133826.webp\" alt=\"\u4f01\u4e1a\u5fae\u4fe1\u622a\u56fe 17332060266543 2024120306133826\" width=\"664\" height=\"661\" \/><\/p>\n<p><img loading=\"lazy\" decoding=\"async\" class=\"size-full wp-image-21567\" title=\"\u4f01\u4e1a\u5fae\u4fe1\u622a\u56fe 1733206035777 2024120306134329\" src=\"https:\/\/www.sellersunionagent.com\/wp-content\/uploads\/2024\/12\/\u4f01\u4e1a\u5fae\u4fe1\u622a\u56fe_1733206035777-2024120306134329.webp\" alt=\"\u4f01\u4e1a\u5fae\u4fe1\u622a\u56fe 1733206035777 2024120306134329\" width=\"666\" height=\"661\" \/><\/p>\n<p><img loading=\"lazy\" decoding=\"async\" class=\"size-full wp-image-21568\" title=\"\u4f01\u4e1a\u5fae\u4fe1\u622a\u56fe 17332060485997 2024120306134645\" src=\"https:\/\/www.sellersunionagent.com\/wp-content\/uploads\/2024\/12\/\u4f01\u4e1a\u5fae\u4fe1\u622a\u56fe_17332060485997-2024120306134645.webp\" alt=\"\u4f01\u4e1a\u5fae\u4fe1\u622a\u56fe 17332060485997 2024120306134645\" width=\"662\" height=\"660\" \/><\/p>\n<p><img loading=\"lazy\" decoding=\"async\" class=\"size-full wp-image-21569\" title=\"\u4f01\u4e1a\u5fae\u4fe1\u622a\u56fe 17332060571082 2024120306135076\" src=\"https:\/\/www.sellersunionagent.com\/wp-content\/uploads\/2024\/12\/\u4f01\u4e1a\u5fae\u4fe1\u622a\u56fe_17332060571082-2024120306135076.webp\" alt=\"\u4f01\u4e1a\u5fae\u4fe1\u622a\u56fe 17332060571082 2024120306135076\" width=\"663\" height=\"666\" \/><\/p>\n<p><img loading=\"lazy\" decoding=\"async\" class=\"size-full wp-image-21570\" title=\"\u4f01\u4e1a\u5fae\u4fe1\u622a\u56fe 17332060732600 2024120306135439\" src=\"https:\/\/www.sellersunionagent.com\/wp-content\/uploads\/2024\/12\/\u4f01\u4e1a\u5fae\u4fe1\u622a\u56fe_17332060732600-2024120306135439.webp\" alt=\"\u4f01\u4e1a\u5fae\u4fe1\u622a\u56fe 17332060732600 2024120306135439\" width=\"665\" height=\"664\" \/><\/p>\n<p><img loading=\"lazy\" decoding=\"async\" class=\"size-full wp-image-21571\" title=\"\u4f01\u4e1a\u5fae\u4fe1\u622a\u56fe 17332060859232 2024120306135863\" src=\"https:\/\/www.sellersunionagent.com\/wp-content\/uploads\/2024\/12\/\u4f01\u4e1a\u5fae\u4fe1\u622a\u56fe_17332060859232-2024120306135863.webp\" alt=\"\u4f01\u4e1a\u5fae\u4fe1\u622a\u56fe 17332060859232 2024120306135863\" width=\"665\" height=\"664\" \/><\/p>\n<p><img loading=\"lazy\" decoding=\"async\" class=\"size-full wp-image-21572\" title=\"\u4f01\u4e1a\u5fae\u4fe1\u622a\u56fe 17332060965329 2024120306140294\" src=\"https:\/\/www.sellersunionagent.com\/wp-content\/uploads\/2024\/12\/\u4f01\u4e1a\u5fae\u4fe1\u622a\u56fe_17332060965329-2024120306140294.webp\" alt=\"\u4f01\u4e1a\u5fae\u4fe1\u622a\u56fe 17332060965329 2024120306140294\" width=\"664\" height=\"663\" \/><\/p>","protected":false},"excerpt":{"rendered":"<p><strong>MOQ<\/strong>:  1000 piezas<br \/>\n<strong>Muestra gratuita<\/strong>:  Soporte<br \/>\n<strong>Personalizaci\u00f3n<\/strong>logo \/ color \/ materiales \/ embalaje, etc.<br \/>\n<strong>Descuento<\/strong>:  Primeros pedidos desde 10% de descuento.<br \/>\n<strong>Porcentaje de entregas a tiempo<\/strong>:\u00a0 100%<br \/>\n<strong>Env\u00edos totales<\/strong>:  10000 piezas<br \/>\n<strong>Env\u00edo<\/strong>: Apoyo Express-Carga mar\u00edtima-Carga terrestre<\/p>","protected":false},"featured_media":21561,"comment_status":"open","ping_status":"closed","template":"","meta":{"_acf_changed":false},"product_brand":[],"product_cat":[235,320],"product_tag":[],"class_list":{"0":"post-21560","1":"product","2":"type-product","3":"status-publish","4":"has-post-thumbnail","6":"product_cat-christmas-decoration","7":"product_cat-christmas-wreaths","9":"first","10":"instock","11":"shipping-taxable","12":"product-type-simple","13":"swiper-slide"},"acf":[],"_links":{"self":[{"href":"https:\/\/www.sellersunionagent.com\/es\/wp-json\/wp\/v2\/product\/21560","targetHints":{"allow":["GET"]}}],"collection":[{"href":"https:\/\/www.sellersunionagent.com\/es\/wp-json\/wp\/v2\/product"}],"about":[{"href":"https:\/\/www.sellersunionagent.com\/es\/wp-json\/wp\/v2\/types\/product"}],"replies":[{"embeddable":true,"href":"https:\/\/www.sellersunionagent.com\/es\/wp-json\/wp\/v2\/comments?post=21560"}],"wp:featuredmedia":[{"embeddable":true,"href":"https:\/\/www.sellersunionagent.com\/es\/wp-json\/wp\/v2\/media\/21561"}],"wp:attachment":[{"href":"https:\/\/www.sellersunionagent.com\/es\/wp-json\/wp\/v2\/media?parent=21560"}],"wp:term":[{"taxonomy":"product_brand","embeddable":true,"href":"https:\/\/www.sellersunionagent.com\/es\/wp-json\/wp\/v2\/product_brand?post=21560"},{"taxonomy":"product_cat","embeddable":true,"href":"https:\/\/www.sellersunionagent.com\/es\/wp-json\/wp\/v2\/product_cat?post=21560"},{"taxonomy":"product_tag","embeddable":true,"href":"https:\/\/www.sellersunionagent.com\/es\/wp-json\/wp\/v2\/product_tag?post=21560"}],"curies":[{"name":"wp","href":"https:\/\/api.w.org\/{rel}","templated":true}]}}