{"id":21356,"date":"2024-11-13T17:16:41","date_gmt":"2024-11-13T09:16:41","guid":{"rendered":"https:\/\/sellersunionagent.com\/?post_type=product&#038;p=21356"},"modified":"2025-11-28T10:48:51","modified_gmt":"2025-11-28T02:48:51","slug":"christmas-decoration-gingerbread-man-doll-ornament","status":"publish","type":"product","link":"https:\/\/www.sellersunionagent.com\/es\/christmas-decoration-gingerbread-man-doll-ornament\/","title":{"rendered":"Christmas decoration gingerbread man doll ornament"},"content":{"rendered":"<h1>2025 nueva decoraci\u00f3n de Navidad mu\u00f1eco de jengibre hombre ornamento<\/h1>\n<div class=\"elementor-element elementor-element-42815df elementor-widget elementor-widget-heading\" data-id=\"42815df\" data-element_type=\"widget\" data-widget_type=\"heading.default\">\n<div class=\"elementor-widget-container\"><\/div>\n<\/div>\n<div class=\"elementor-element elementor-element-c17fac7 elementor-widget elementor-widget-woocommerce-product-short-description\" data-id=\"c17fac7\" data-element_type=\"widget\" data-widget_type=\"woocommerce-product-short-description.default\">\n<div class=\"elementor-widget-container\">\n<div class=\"woocommerce-product-details__short-description\">\n<h3><\/h3>\n<h3><strong>Tama\u00f1o del art\u00edculo<\/strong>: 17*30*5 cm<\/h3>\n<h3>Peso: 280 g<\/h3>\n<h3><strong>Material: <\/strong>Tela de poli\u00e9ster, acr\u00edlico, algod\u00f3n acolchado, arena, resina.<\/h3>\n<\/div>\n<\/div>\n<\/div>\n<p>&nbsp;<\/p>\n<ul>\n<li>\n<h4>Empaque de bolsa OPP<\/h4>\n<\/li>\n<li>\n<h4>Suministros navide\u00f1os<\/h4>\n<\/li>\n<li>\n<h4>Hombrecito de jengibre<\/h4>\n<\/li>\n<\/ul>\n<p>&nbsp;<\/p>\n<p><img fetchpriority=\"high\" decoding=\"async\" class=\"size-full wp-image-21357\" title=\"\u4f01\u4e1a\u5fae\u4fe1\u622a\u56fe 17314889044889 2024111309112469\" src=\"https:\/\/www.sellersunionagent.com\/wp-content\/uploads\/2024\/11\/\u4f01\u4e1a\u5fae\u4fe1\u622a\u56fe_17314889044889-2024111309112469.webp\" alt=\"\u4f01\u4e1a\u5fae\u4fe1\u622a\u56fe 17314889044889 2024111309112469\" width=\"665\" height=\"667\" \/><\/p>\n<p><img decoding=\"async\" class=\"size-full wp-image-21363\" title=\"Captura de pantalla de WeChat para empresas 17314889931665 2024111309115170\" src=\"https:\/\/www.sellersunionagent.com\/wp-content\/uploads\/2024\/11\/\u4f01\u4e1a\u5fae\u4fe1\u622a\u56fe_17314889931665-2024111309115170.webp\" alt=\"Captura de pantalla de WeChat para empresas 17314889931665 2024111309115170\" width=\"666\" height=\"665\" \/><\/p>\n<p><img decoding=\"async\" class=\"size-medium wp-image-21362\" title=\"Captura de pantalla de WeChat para empresas 1731488978499 2024111309114777\" src=\"https:\/\/www.sellersunionagent.com\/wp-content\/uploads\/2024\/11\/\u4f01\u4e1a\u5fae\u4fe1\u622a\u56fe_1731488978499-2024111309114777.webp\" alt=\"Captura de pantalla de WeChat para empresas 1731488978499 2024111309114777\" width=\"664\" height=\"665\" \/><\/p>\n<p><img loading=\"lazy\" decoding=\"async\" class=\"size-medium wp-image-21361\" title=\"Captura de pantalla de WeChat Enterprise 17314889666299 2024111309114367\" src=\"https:\/\/www.sellersunionagent.com\/wp-content\/uploads\/2024\/11\/\u4f01\u4e1a\u5fae\u4fe1\u622a\u56fe_17314889666299-2024111309114367.webp\" alt=\"Captura de pantalla de WeChat Enterprise 17314889666299 2024111309114367\" width=\"665\" height=\"665\" \/><\/p>\n<p><img loading=\"lazy\" decoding=\"async\" class=\"size-medium wp-image-21360\" title=\"Captura de pantalla de WeChat Enterprise 17314889552279 2024111309113938\" src=\"https:\/\/www.sellersunionagent.com\/wp-content\/uploads\/2024\/11\/\u4f01\u4e1a\u5fae\u4fe1\u622a\u56fe_17314889552279-2024111309113938.webp\" alt=\"Captura de pantalla de WeChat Enterprise 17314889552279 2024111309113938\" width=\"663\" height=\"618\" \/><\/p>\n<p><img loading=\"lazy\" decoding=\"async\" class=\"size-medium wp-image-21359\" title=\"Captura de pantalla de WeChat para empresas 17314889357198 2024111309113669\" src=\"https:\/\/www.sellersunionagent.com\/wp-content\/uploads\/2024\/11\/\u4f01\u4e1a\u5fae\u4fe1\u622a\u56fe_17314889357198-2024111309113669.webp\" alt=\"Captura de pantalla de WeChat para empresas 17314889357198 2024111309113669\" width=\"666\" height=\"666\" \/><\/p>\n<p><img loading=\"lazy\" decoding=\"async\" class=\"size-medium wp-image-21358\" title=\"\u4f01\u4e1a\u5fae\u4fe1\u622a\u56fe 17314889239110 2024111309113058\" src=\"https:\/\/www.sellersunionagent.com\/wp-content\/uploads\/2024\/11\/\u4f01\u4e1a\u5fae\u4fe1\u622a\u56fe_17314889239110-2024111309113058.webp\" alt=\"\u4f01\u4e1a\u5fae\u4fe1\u622a\u56fe 17314889239110 2024111309113058\" width=\"667\" height=\"663\" \/><\/p>","protected":false},"excerpt":{"rendered":"<p><strong>MOQ<\/strong>:  1000 piezas<br \/>\n<strong>Muestra gratuita<\/strong>:  Soporte<br \/>\n<strong>Personalizaci\u00f3n<\/strong>logo \/ color \/ materiales \/ embalaje, etc.<br \/>\n<strong>Descuento<\/strong>:  Primeros pedidos desde 10% de descuento.<br \/>\n<strong>Porcentaje de entregas a tiempo<\/strong>:\u00a0 100%<br \/>\n<strong>Env\u00edos totales<\/strong>:  10000 piezas<br \/>\n<strong>Env\u00edo<\/strong>: Apoyo Express-Carga mar\u00edtima-Carga terrestre<\/p>","protected":false},"featured_media":21357,"comment_status":"open","ping_status":"closed","template":"","meta":{"_acf_changed":false},"product_brand":[],"product_cat":[235,321],"product_tag":[],"class_list":{"0":"post-21356","1":"product","2":"type-product","3":"status-publish","4":"has-post-thumbnail","6":"product_cat-christmas-decoration","7":"product_cat-christmas-figurines","9":"first","10":"instock","11":"shipping-taxable","12":"product-type-simple","13":"swiper-slide"},"acf":[],"_links":{"self":[{"href":"https:\/\/www.sellersunionagent.com\/es\/wp-json\/wp\/v2\/product\/21356","targetHints":{"allow":["GET"]}}],"collection":[{"href":"https:\/\/www.sellersunionagent.com\/es\/wp-json\/wp\/v2\/product"}],"about":[{"href":"https:\/\/www.sellersunionagent.com\/es\/wp-json\/wp\/v2\/types\/product"}],"replies":[{"embeddable":true,"href":"https:\/\/www.sellersunionagent.com\/es\/wp-json\/wp\/v2\/comments?post=21356"}],"wp:featuredmedia":[{"embeddable":true,"href":"https:\/\/www.sellersunionagent.com\/es\/wp-json\/wp\/v2\/media\/21357"}],"wp:attachment":[{"href":"https:\/\/www.sellersunionagent.com\/es\/wp-json\/wp\/v2\/media?parent=21356"}],"wp:term":[{"taxonomy":"product_brand","embeddable":true,"href":"https:\/\/www.sellersunionagent.com\/es\/wp-json\/wp\/v2\/product_brand?post=21356"},{"taxonomy":"product_cat","embeddable":true,"href":"https:\/\/www.sellersunionagent.com\/es\/wp-json\/wp\/v2\/product_cat?post=21356"},{"taxonomy":"product_tag","embeddable":true,"href":"https:\/\/www.sellersunionagent.com\/es\/wp-json\/wp\/v2\/product_tag?post=21356"}],"curies":[{"name":"wp","href":"https:\/\/api.w.org\/{rel}","templated":true}]}}