{"id":19253,"date":"2024-09-19T15:21:39","date_gmt":"2024-09-19T07:21:39","guid":{"rendered":"https:\/\/sellersunionagent.com\/?post_type=product&#038;p=19253"},"modified":"2024-09-19T15:21:40","modified_gmt":"2024-09-19T07:21:40","slug":"elevador-de-asa-de-plastico-para-agua-potable-en-barril-tamano-de-galon-agua-elevador-de-asa-portador-cubo-botella-de-elevacion","status":"publish","type":"product","link":"https:\/\/www.sellersunionagent.com\/es\/plastic-handle-lifter-for-barrelled-drinking-water-gallon-size-water-lifting-handle-carrier-bucket-bottle-lifting\/","title":{"rendered":"Elevador de pl\u00e1stico de la manija para el agua potable del tama\u00f1o del gal\u00f3n del agua que levanta el portador de la manija de la botella del cubo que levanta"},"content":{"rendered":"<h1 title=\"Elevador de pl\u00e1stico de la manija para el agua potable del tama\u00f1o del gal\u00f3n del agua que levanta el portador de la manija de la botella del cubo que levanta\" data-spm-anchor-id=\"a2700.details.0.i38.30e45a1b2FsL1x\">Elevador de pl\u00e1stico de la manija para el agua potable del tama\u00f1o del gal\u00f3n del agua que levanta el portador de la manija de la botella del cubo que levanta<\/h1>\n<p>&nbsp;<\/p>\n<div class=\"elementor-element elementor-element-c17fac7 elementor-widget elementor-widget-woocommerce-product-short-description\" data-id=\"c17fac7\" data-element_type=\"widget\" data-widget_type=\"woocommerce-product-short-description.default\">\n<div class=\"elementor-widget-container\">\n<div class=\"woocommerce-product-details__short-description\">\n<h3><strong>N\u00famero de art\u00edculo:<\/strong> A-2<\/h3>\n<h3><strong>Colores<\/strong>amarillo\/azul\/verde<\/h3>\n<h3><strong>Material: <\/strong>pl\u00e1stico<\/h3>\n<\/div>\n<\/div>\n<\/div>\n<p>&nbsp;<\/p>\n<ul>\n<li>\n<h4 title=\"Elevador de pl\u00e1stico de la manija para el agua potable del tama\u00f1o del gal\u00f3n del agua que levanta el portador de la manija de la botella del cubo que levanta\" data-spm-anchor-id=\"a2700.details.0.i38.2b975a1bau98MS\">Elevador de asas de pl\u00e1stico<\/h4>\n<\/li>\n<li>\n<h4>dispositivo de ahorro de trabajo<\/h4>\n<\/li>\n<li>\n<h4>resistente y duradero<\/h4>\n<\/li>\n<\/ul>\n<p>&nbsp;<\/p>\n<p><img fetchpriority=\"high\" decoding=\"async\" class=\"size-full wp-image-19261\" title=\"Heb21b92bd6e04e24a33951f2d09d4277J.jpg avif=close 2024091907134962\" src=\"https:\/\/www.sellersunionagent.com\/wp-content\/uploads\/2024\/09\/Heb21b92bd6e04e24a33951f2d09d4277J.jpg_avifclose-2024091907134962.webp\" alt=\"Heb21b92bd6e04e24a33951f2d09d4277J.jpg avif=close 2024091907134962\" width=\"789\" height=\"790\" \/><\/p>\n<p><img decoding=\"async\" class=\"size-medium wp-image-19260\" title=\"He457deaa5b18444ea48ccc72231661e14.jpg avif=close 2024091907134524\" src=\"https:\/\/www.sellersunionagent.com\/wp-content\/uploads\/2024\/09\/He457deaa5b18444ea48ccc72231661e14.jpg_avifclose-2024091907134524.webp\" alt=\"He457deaa5b18444ea48ccc72231661e14.jpg avif=close 2024091907134524\" width=\"790\" height=\"790\" \/><\/p>\n<p><img decoding=\"async\" class=\"size-medium wp-image-19259\" title=\"Hd874161f75614a09951ee4b2c674070bG 2024091907134212\" src=\"https:\/\/www.sellersunionagent.com\/wp-content\/uploads\/2024\/09\/Hd874161f75614a09951ee4b2c674070bG-2024091907134212.webp\" alt=\"Hd874161f75614a09951ee4b2c674070bG 2024091907134212\" width=\"800\" height=\"800\" \/><\/p>\n<p><img loading=\"lazy\" decoding=\"async\" class=\"size-medium wp-image-19258\" title=\"Hc09e7e65d3984555bc276e0d830baeaeD 2024091907134029\" src=\"https:\/\/www.sellersunionagent.com\/wp-content\/uploads\/2024\/09\/Hc09e7e65d3984555bc276e0d830baeaeD-2024091907134029.webp\" alt=\"Hc09e7e65d3984555bc276e0d830baeaeD 2024091907134029\" width=\"800\" height=\"800\" \/><\/p>\n<p><img loading=\"lazy\" decoding=\"async\" class=\"size-medium wp-image-19257\" title=\"H68affd206f2d4edaab3930f32cae7034b 2024091907133894\" src=\"https:\/\/www.sellersunionagent.com\/wp-content\/uploads\/2024\/09\/H68affd206f2d4edaab3930f32cae7034b-2024091907133894.webp\" alt=\"H68affd206f2d4edaab3930f32cae7034b 2024091907133894\" width=\"800\" height=\"800\" \/><\/p>\n<p><img loading=\"lazy\" decoding=\"async\" class=\"size-medium wp-image-19256\" title=\"H61b4a9a127944dc9acc35f99409d7501K.jpg avif=close 2024091907133567\" src=\"https:\/\/www.sellersunionagent.com\/wp-content\/uploads\/2024\/09\/H61b4a9a127944dc9acc35f99409d7501K.jpg_avifclose-2024091907133567.webp\" alt=\"H61b4a9a127944dc9acc35f99409d7501K.jpg avif=close 2024091907133567\" width=\"800\" height=\"800\" \/><\/p>\n<p><img loading=\"lazy\" decoding=\"async\" class=\"size-medium wp-image-19255\" title=\"H59e9e4e4225946c69d381f1d1538e0a6f.jpg avif=close 2024091907133148\" src=\"https:\/\/www.sellersunionagent.com\/wp-content\/uploads\/2024\/09\/H59e9e4e4225946c69d381f1d1538e0a6f.jpg_avifclose-2024091907133148.webp\" alt=\"H59e9e4e4225946c69d381f1d1538e0a6f.jpg avif=close 2024091907133148\" width=\"800\" height=\"800\" \/><\/p>\n<p><img loading=\"lazy\" decoding=\"async\" class=\"size-full wp-image-19254\" title=\"H0e11db0747b2470ba0d2792ea0f67e72G.jpg avif=close 2024091907132898\" src=\"https:\/\/www.sellersunionagent.com\/wp-content\/uploads\/2024\/09\/H0e11db0747b2470ba0d2792ea0f67e72G.jpg_avifclose-2024091907132898.webp\" alt=\"H0e11db0747b2470ba0d2792ea0f67e72G.jpg avif=close 2024091907132898\" width=\"800\" height=\"800\" \/><\/p>","protected":false},"excerpt":{"rendered":"<p><strong>MOQ<\/strong>:  1000 piezas<br \/>\n<strong>Muestra gratuita<\/strong>:  Soporte<br \/>\n<strong>Personalizaci\u00f3n<\/strong>logo \/ color \/ materiales \/ embalaje, etc.<br \/>\n<strong>Descuento<\/strong>:  Primeros pedidos desde 10% de descuento.<br \/>\n<strong>Porcentaje de entregas a tiempo<\/strong>:\u00a0 100%<br \/>\n<strong>Env\u00edos totales<\/strong>:  10000 piezas<br \/>\n<strong>Env\u00edo<\/strong>: Apoyo Express-Carga mar\u00edtima-Carga terrestre<\/p>","protected":false},"featured_media":19260,"comment_status":"open","ping_status":"closed","template":"","meta":{"_acf_changed":false},"product_brand":[],"product_cat":[237],"product_tag":[],"class_list":{"0":"post-19253","1":"product","2":"type-product","3":"status-publish","4":"has-post-thumbnail","6":"product_cat-new-arrivals","8":"first","9":"instock","10":"shipping-taxable","11":"product-type-simple","12":"swiper-slide"},"acf":[],"_links":{"self":[{"href":"https:\/\/www.sellersunionagent.com\/es\/wp-json\/wp\/v2\/product\/19253","targetHints":{"allow":["GET"]}}],"collection":[{"href":"https:\/\/www.sellersunionagent.com\/es\/wp-json\/wp\/v2\/product"}],"about":[{"href":"https:\/\/www.sellersunionagent.com\/es\/wp-json\/wp\/v2\/types\/product"}],"replies":[{"embeddable":true,"href":"https:\/\/www.sellersunionagent.com\/es\/wp-json\/wp\/v2\/comments?post=19253"}],"wp:featuredmedia":[{"embeddable":true,"href":"https:\/\/www.sellersunionagent.com\/es\/wp-json\/wp\/v2\/media\/19260"}],"wp:attachment":[{"href":"https:\/\/www.sellersunionagent.com\/es\/wp-json\/wp\/v2\/media?parent=19253"}],"wp:term":[{"taxonomy":"product_brand","embeddable":true,"href":"https:\/\/www.sellersunionagent.com\/es\/wp-json\/wp\/v2\/product_brand?post=19253"},{"taxonomy":"product_cat","embeddable":true,"href":"https:\/\/www.sellersunionagent.com\/es\/wp-json\/wp\/v2\/product_cat?post=19253"},{"taxonomy":"product_tag","embeddable":true,"href":"https:\/\/www.sellersunionagent.com\/es\/wp-json\/wp\/v2\/product_tag?post=19253"}],"curies":[{"name":"wp","href":"https:\/\/api.w.org\/{rel}","templated":true}]}}