{"id":18980,"date":"2024-09-03T18:08:06","date_gmt":"2024-09-03T10:08:06","guid":{"rendered":"https:\/\/sellersunionagent.com\/?post_type=product&#038;p=18980"},"modified":"2024-09-03T18:08:06","modified_gmt":"2024-09-03T10:08:06","slug":"globo-feliz-cumpleanos-letras-alfabeto-oro-metalico-de-color-globos-de-papel-de-helio-fiesta-de-cumpleanos-decoracion-de-la-pared","status":"publish","type":"product","link":"https:\/\/www.sellersunionagent.com\/es\/happy-birthday-balloon-letters-alphabet-gold-metallic-color-foil-balloons-helium-birthday-party-wall-decor\/","title":{"rendered":"Feliz Cumplea\u00f1os Globo Letras Alfabeto Oro Met\u00e1lico Color Foil Globos Helio Fiesta de Cumplea\u00f1os Decoraci\u00f3n de Pared"},"content":{"rendered":"<h1>Feliz Cumplea\u00f1os Globo Letras Alfabeto Oro Met\u00e1lico Color Foil Globos Helio Fiesta de Cumplea\u00f1os Decoraci\u00f3n de Pared<\/h1>\n<div class=\"elementor-element elementor-element-c17fac7 elementor-widget elementor-widget-woocommerce-product-short-description\" data-id=\"c17fac7\" data-element_type=\"widget\" data-widget_type=\"woocommerce-product-short-description.default\">\n<div class=\"elementor-widget-container\">\n<div class=\"woocommerce-product-details__short-description\">\n<h3><strong>N\u00famero de art\u00edculo:<\/strong> PHMD210032<\/h3>\n<h3><strong>Tama\u00f1o del art\u00edculo<\/strong>: 16 pulgadas<\/h3>\n<h3><strong>Colores<\/strong>: blanco\/azul\/rosa...<\/h3>\n<h3><strong>Material: <\/strong>l\u00e1mina<\/h3>\n<\/div>\n<\/div>\n<\/div>\n<p>&nbsp;<\/p>\n<ul>\n<li>\n<h4>Art\u00edculos para fiestas<\/h4>\n<\/li>\n<li>\n<h4>Varios colores<\/h4>\n<\/li>\n<li>\n<h4>irrompible<\/h4>\n<\/li>\n<li>\n<h4>F\u00e1cil almacenamiento<\/h4>\n<\/li>\n<\/ul>\n<p><img fetchpriority=\"high\" decoding=\"async\" class=\"size-full wp-image-18988\" title=\"Ubbd634410d444a549b5778e24b9a1d17N 2024090310042265\" src=\"https:\/\/www.sellersunionagent.com\/wp-content\/uploads\/2024\/09\/Ubbd634410d444a549b5778e24b9a1d17N-2024090310042265.webp\" alt=\"Ubbd634410d444a549b5778e24b9a1d17N 2024090310042265\" width=\"800\" height=\"800\" \/><\/p>\n<p><img decoding=\"async\" class=\"size-medium wp-image-18987\" title=\"U24989488a8f64ff8a02a4e02a08b2b602 2024090310041837\" src=\"https:\/\/www.sellersunionagent.com\/wp-content\/uploads\/2024\/09\/U24989488a8f64ff8a02a4e02a08b2b602-2024090310041837.webp\" alt=\"U24989488a8f64ff8a02a4e02a08b2b602 2024090310041837\" width=\"800\" height=\"800\" \/><\/p>\n<figure id=\"attachment_18986\" aria-describedby=\"caption-attachment-18986\" style=\"width: 800px\" class=\"wp-caption aligncenter\"><img decoding=\"async\" class=\"wp-image-18986\" title=\"U3787b47451854761b322f869685c4a5ee 2024090310041458\" src=\"https:\/\/www.sellersunionagent.com\/wp-content\/uploads\/2024\/09\/U3787b47451854761b322f869685c4a5ee-2024090310041458.webp\" alt=\"U3787b47451854761b322f869685c4a5ee 2024090310041458\" width=\"800\" height=\"800\" \/><figcaption id=\"caption-attachment-18986\" class=\"wp-caption-text\">\u00a0<\/figcaption><\/figure>\n<p><img loading=\"lazy\" decoding=\"async\" class=\"size-medium wp-image-18985\" title=\"U19e595b8883644e98e40ed90ec967f91L 2024090310041021\" src=\"https:\/\/www.sellersunionagent.com\/wp-content\/uploads\/2024\/09\/U19e595b8883644e98e40ed90ec967f91L-2024090310041021.webp\" alt=\"U19e595b8883644e98e40ed90ec967f91L 2024090310041021\" width=\"800\" height=\"800\" \/><\/p>\n<p><img loading=\"lazy\" decoding=\"async\" class=\"wp-image-18984\" title=\"U7cf5b0456e664155ad79d6d64fb28b7br 2024090310040542\" src=\"https:\/\/www.sellersunionagent.com\/wp-content\/uploads\/2024\/09\/U7cf5b0456e664155ad79d6d64fb28b7br-2024090310040542.webp\" alt=\"U7cf5b0456e664155ad79d6d64fb28b7br 2024090310040542\" width=\"800\" height=\"800\" \/><\/p>\n<p><img loading=\"lazy\" decoding=\"async\" class=\"size-medium wp-image-18983\" title=\"U6bf4d41f46ed494f86124bcabd916de5D 2024090310040146\" src=\"https:\/\/www.sellersunionagent.com\/wp-content\/uploads\/2024\/09\/U6bf4d41f46ed494f86124bcabd916de5D-2024090310040146.webp\" alt=\"U6bf4d41f46ed494f86124bcabd916de5D 2024090310040146\" width=\"800\" height=\"800\" \/><\/p>\n<p><img loading=\"lazy\" decoding=\"async\" class=\"wp-image-18982\" title=\"U4e84e8fd069c4ae9820e91f4e6b7fd70m 2024090310035887\" src=\"https:\/\/www.sellersunionagent.com\/wp-content\/uploads\/2024\/09\/U4e84e8fd069c4ae9820e91f4e6b7fd70m-2024090310035887.webp\" alt=\"U4e84e8fd069c4ae9820e91f4e6b7fd70m 2024090310035887\" width=\"800\" height=\"800\" \/><\/p>","protected":false},"excerpt":{"rendered":"<p><strong>MOQ<\/strong>:  1000 piezas<br \/>\n<strong>Muestra gratuita<\/strong>:  Soporte<br \/>\n<strong>Personalizaci\u00f3n<\/strong>logo \/ color \/ materiales \/ embalaje, etc.<br \/>\n<strong>Descuento<\/strong>:  Primeros pedidos desde 10% de descuento.<br \/>\n<strong>Porcentaje de entregas a tiempo<\/strong>:\u00a0 100%<br \/>\n<strong>Env\u00edos totales<\/strong>:  10000 piezas<br \/>\n<strong>Env\u00edo<\/strong>: Apoyo Express-Carga mar\u00edtima-Carga terrestre<\/p>","protected":false},"featured_media":18982,"comment_status":"open","ping_status":"closed","template":"","meta":{"_acf_changed":false},"product_brand":[],"product_cat":[229],"product_tag":[],"class_list":{"0":"post-18980","1":"product","2":"type-product","3":"status-publish","4":"has-post-thumbnail","6":"product_cat-party-supplies","8":"first","9":"instock","10":"shipping-taxable","11":"product-type-simple","12":"swiper-slide"},"acf":[],"_links":{"self":[{"href":"https:\/\/www.sellersunionagent.com\/es\/wp-json\/wp\/v2\/product\/18980","targetHints":{"allow":["GET"]}}],"collection":[{"href":"https:\/\/www.sellersunionagent.com\/es\/wp-json\/wp\/v2\/product"}],"about":[{"href":"https:\/\/www.sellersunionagent.com\/es\/wp-json\/wp\/v2\/types\/product"}],"replies":[{"embeddable":true,"href":"https:\/\/www.sellersunionagent.com\/es\/wp-json\/wp\/v2\/comments?post=18980"}],"wp:featuredmedia":[{"embeddable":true,"href":"https:\/\/www.sellersunionagent.com\/es\/wp-json\/wp\/v2\/media\/18982"}],"wp:attachment":[{"href":"https:\/\/www.sellersunionagent.com\/es\/wp-json\/wp\/v2\/media?parent=18980"}],"wp:term":[{"taxonomy":"product_brand","embeddable":true,"href":"https:\/\/www.sellersunionagent.com\/es\/wp-json\/wp\/v2\/product_brand?post=18980"},{"taxonomy":"product_cat","embeddable":true,"href":"https:\/\/www.sellersunionagent.com\/es\/wp-json\/wp\/v2\/product_cat?post=18980"},{"taxonomy":"product_tag","embeddable":true,"href":"https:\/\/www.sellersunionagent.com\/es\/wp-json\/wp\/v2\/product_tag?post=18980"}],"curies":[{"name":"wp","href":"https:\/\/api.w.org\/{rel}","templated":true}]}}