{"id":18903,"date":"2024-08-26T15:11:26","date_gmt":"2024-08-26T07:11:26","guid":{"rendered":"https:\/\/sellersunionagent.com\/?post_type=product&#038;p=18903"},"modified":"2025-11-28T10:31:16","modified_gmt":"2025-11-28T02:31:16","slug":"metallic-color-foil-table-cover-chrome-color-rectangle-aluminum-foil-tablecloth-for-birthday-wedding-party-christmas-decoration","status":"publish","type":"product","link":"https:\/\/www.sellersunionagent.com\/es\/metallic-color-foil-table-cover-chrome-color-rectangle-aluminum-foil-tablecloth-for-birthday-wedding-party-christmas-decoration\/","title":{"rendered":"Color met\u00e1lico de la hoja de la cubierta de mesa de aluminio rect\u00e1ngulo de color cromo mantel para el cumplea\u00f1os de la boda del partido de Navidad Decoraci\u00f3n"},"content":{"rendered":"<h1>Color met\u00e1lico de la hoja de la cubierta de mesa de aluminio rect\u00e1ngulo de color cromo mantel para el cumplea\u00f1os de la boda del partido de Navidad Decoraci\u00f3n<\/h1>\n<div class=\"elementor-element elementor-element-42815df elementor-widget elementor-widget-heading\" data-id=\"42815df\" data-element_type=\"widget\" data-widget_type=\"heading.default\">\n<div class=\"elementor-widget-container\">\n<h3 class=\"elementor-heading-title elementor-size-default\"><\/h3>\n<\/div>\n<\/div>\n<div class=\"elementor-element elementor-element-c17fac7 elementor-widget elementor-widget-woocommerce-product-short-description\" data-id=\"c17fac7\" data-element_type=\"widget\" data-widget_type=\"woocommerce-product-short-description.default\">\n<div class=\"elementor-widget-container\">\n<div class=\"woocommerce-product-details__short-description\">\n<h3><strong>N\u00famero de art\u00edculo:<\/strong> PXZJ210109<\/h3>\n<h3><strong>Tama\u00f1o del art\u00edculo<\/strong>: 137*274CM<\/h3>\n<h3><strong>Colores<\/strong>: gold\/ blue\/pink\/silver\/sky blue<\/h3>\n<h3><strong>Material: <\/strong>impresi\u00f3n offset<\/h3>\n<\/div>\n<\/div>\n<\/div>\n<p>&nbsp;<\/p>\n<ul>\n<li>\n<h4>Aplicaci\u00f3n multiescenario<\/h4>\n<\/li>\n<li>\n<h4>Material desechable y respetuoso con el medio ambiente<\/h4>\n<\/li>\n<li>\n<h4>Customised logos accepted<\/h4>\n<\/li>\n<li>\n<h4>Varios colores<\/h4>\n<\/li>\n<\/ul>\n<p><img fetchpriority=\"high\" decoding=\"async\" class=\"wp-image-18908 size-full aligncenter\" title=\"Ufb5a03537a864c42ba1519cb3275096dV 2024082607072685\" src=\"https:\/\/www.sellersunionagent.com\/wp-content\/uploads\/2024\/08\/Ufb5a03537a864c42ba1519cb3275096dV-2024082607072685.webp\" alt=\"\" width=\"800\" height=\"800\" \/><\/p>\n<p><img decoding=\"async\" class=\"size-medium wp-image-18907 aligncenter\" title=\"Ue5580e145951492aab62fffdcfa67d3aT 2024082607071999\" src=\"https:\/\/www.sellersunionagent.com\/wp-content\/uploads\/2024\/08\/Ue5580e145951492aab62fffdcfa67d3aT-2024082607071999.webp\" alt=\"Ue5580e145951492aab62fffdcfa67d3aT 2024082607071999\" width=\"800\" height=\"800\" \/><\/p>\n<p><img decoding=\"async\" class=\"size-medium wp-image-18906 aligncenter\" title=\"Uac88aaec5f394427bc1a9eb4e235add0l 2024082607071419\" src=\"https:\/\/www.sellersunionagent.com\/wp-content\/uploads\/2024\/08\/Uac88aaec5f394427bc1a9eb4e235add0l-2024082607071419.webp\" alt=\"Uac88aaec5f394427bc1a9eb4e235add0l 2024082607071419\" width=\"800\" height=\"800\" \/><\/p>\n<p><img loading=\"lazy\" decoding=\"async\" class=\"size-medium wp-image-18905 aligncenter\" title=\"U0792a366f1cf482b9309472b7bcfd696E 2024082607070917\" src=\"https:\/\/www.sellersunionagent.com\/wp-content\/uploads\/2024\/08\/U0792a366f1cf482b9309472b7bcfd696E-2024082607070917.webp\" alt=\"U0792a366f1cf482b9309472b7bcfd696E 2024082607070917\" width=\"800\" height=\"800\" \/><\/p>\n<p><img loading=\"lazy\" decoding=\"async\" class=\"size-full wp-image-18904 aligncenter\" title=\"U27b939c08b734189bfc8b71a4a87c6525 2024082607070389\" src=\"https:\/\/www.sellersunionagent.com\/wp-content\/uploads\/2024\/08\/U27b939c08b734189bfc8b71a4a87c6525-2024082607070389.webp\" alt=\"U27b939c08b734189bfc8b71a4a87c6525 2024082607070389\" width=\"800\" height=\"800\" \/><\/p>","protected":false},"excerpt":{"rendered":"<p><strong>MOQ<\/strong>:  1000 piezas<br \/>\n<strong>Muestra gratuita<\/strong>:  Soporte<br \/>\n<strong>Personalizaci\u00f3n<\/strong>logo \/ color \/ materiales \/ embalaje, etc.<br \/>\n<strong>Descuento<\/strong>:  Primeros pedidos desde 10% de descuento.<br \/>\n<strong>Porcentaje de entregas a tiempo<\/strong>:\u00a0 100%<br \/>\n<strong>Env\u00edos totales<\/strong>:  10000 piezas<br \/>\n<strong>Env\u00edo<\/strong>: Apoyo Express-Carga mar\u00edtima-Carga terrestre<\/p>","protected":false},"featured_media":18904,"comment_status":"open","ping_status":"closed","template":"","meta":{"_acf_changed":false},"product_brand":[],"product_cat":[235,322,229],"product_tag":[],"class_list":{"0":"post-18903","1":"product","2":"type-product","3":"status-publish","4":"has-post-thumbnail","6":"product_cat-christmas-decoration","7":"product_cat-christmas-gift","8":"product_cat-party-supplies","10":"first","11":"instock","12":"shipping-taxable","13":"product-type-simple","14":"swiper-slide"},"acf":[],"_links":{"self":[{"href":"https:\/\/www.sellersunionagent.com\/es\/wp-json\/wp\/v2\/product\/18903","targetHints":{"allow":["GET"]}}],"collection":[{"href":"https:\/\/www.sellersunionagent.com\/es\/wp-json\/wp\/v2\/product"}],"about":[{"href":"https:\/\/www.sellersunionagent.com\/es\/wp-json\/wp\/v2\/types\/product"}],"replies":[{"embeddable":true,"href":"https:\/\/www.sellersunionagent.com\/es\/wp-json\/wp\/v2\/comments?post=18903"}],"wp:featuredmedia":[{"embeddable":true,"href":"https:\/\/www.sellersunionagent.com\/es\/wp-json\/wp\/v2\/media\/18904"}],"wp:attachment":[{"href":"https:\/\/www.sellersunionagent.com\/es\/wp-json\/wp\/v2\/media?parent=18903"}],"wp:term":[{"taxonomy":"product_brand","embeddable":true,"href":"https:\/\/www.sellersunionagent.com\/es\/wp-json\/wp\/v2\/product_brand?post=18903"},{"taxonomy":"product_cat","embeddable":true,"href":"https:\/\/www.sellersunionagent.com\/es\/wp-json\/wp\/v2\/product_cat?post=18903"},{"taxonomy":"product_tag","embeddable":true,"href":"https:\/\/www.sellersunionagent.com\/es\/wp-json\/wp\/v2\/product_tag?post=18903"}],"curies":[{"name":"wp","href":"https:\/\/api.w.org\/{rel}","templated":true}]}}