{"id":17172,"date":"2024-06-03T13:44:39","date_gmt":"2024-06-03T05:44:39","guid":{"rendered":"https:\/\/sellersunionagent.com\/?post_type=product&#038;p=17172"},"modified":"2024-06-03T13:44:39","modified_gmt":"2024-06-03T05:44:39","slug":"tarro-hermetico-de-cocina-2","status":"publish","type":"product","link":"https:\/\/www.sellersunionagent.com\/es\/kitchen-storage-sealed-jar\/","title":{"rendered":"Conservaci\u00f3n en cocina Tarro herm\u00e9tico"},"content":{"rendered":"<h1>Conservaci\u00f3n en cocina Tarro herm\u00e9tico<\/h1>\n<div class=\"elementor-element elementor-element-42815df elementor-widget elementor-widget-heading\" data-id=\"42815df\" data-element_type=\"widget\" data-widget_type=\"heading.default\">\n<div class=\"elementor-widget-container\">\n<h3 class=\"elementor-heading-title elementor-size-default\"><strong>Tipo<\/strong>: Tarro de almacenamiento<\/h3>\n<\/div>\n<\/div>\n<div class=\"elementor-element elementor-element-c17fac7 elementor-widget elementor-widget-woocommerce-product-short-description\" data-id=\"c17fac7\" data-element_type=\"widget\" data-widget_type=\"woocommerce-product-short-description.default\">\n<div class=\"elementor-widget-container\">\n<div class=\"woocommerce-product-details__short-description\">\n<h3><strong>N\u00famero de art\u00edculo:<\/strong> SUKD01<\/h3>\n<h3><strong>Tama\u00f1o del art\u00edculo<\/strong>: 11.4*7.4*10cm 500ml\/11.4*7.4*15cm 800ml\/11.4*7.4*20cm 1200ml\/11.4*7.4*30cm 1800ml<\/h3>\n<h3><strong>Colores<\/strong>: transparente<\/h3>\n<h3><strong>Material: PP+PET<\/strong><\/h3>\n<\/div>\n<\/div>\n<\/div>\n<p>&nbsp;<\/p>\n<ul>\n<li>\n<h4>Gran volumen<\/h4>\n<\/li>\n<li>\n<h4>Resistente al polvo y al agua<\/h4>\n<\/li>\n<li>\n<h4>Material ecol\u00f3gico<\/h4>\n<\/li>\n<li>\n<h4>Almacenamiento apilado<\/h4>\n<\/li>\n<li><strong>Dise\u00f1o de bloqueo<\/strong><\/li>\n<\/ul>\n<p>&nbsp;<\/p>\n<p><img fetchpriority=\"high\" decoding=\"async\" class=\"aligncenter wp-image-17194\" title=\"\u8be6\u60c5 011\" src=\"https:\/\/www.sellersunionagent.com\/wp-content\/uploads\/2024\/06\/\u8be6\u60c5_011.webp\" alt=\"\u8be6\u60c5 011\" width=\"600\" height=\"858\" \/> <img decoding=\"async\" class=\"aligncenter wp-image-17195\" title=\"\u8be6\u60c5 013\" src=\"https:\/\/www.sellersunionagent.com\/wp-content\/uploads\/2024\/06\/\u8be6\u60c5_013.webp\" alt=\"\u8be6\u60c5 013\" width=\"600\" height=\"800\" \/> <img decoding=\"async\" class=\"aligncenter wp-image-17196\" title=\"\u8be6\u60c5 014\" src=\"https:\/\/www.sellersunionagent.com\/wp-content\/uploads\/2024\/06\/\u8be6\u60c5_014.webp\" alt=\"\u8be6\u60c5 014\" width=\"600\" height=\"498\" \/> <img loading=\"lazy\" decoding=\"async\" class=\"aligncenter wp-image-17197\" title=\"\u8be6\u60c5 015\" src=\"https:\/\/www.sellersunionagent.com\/wp-content\/uploads\/2024\/06\/\u8be6\u60c5_015.webp\" alt=\"\u8be6\u60c5 015\" width=\"600\" height=\"608\" \/> <img loading=\"lazy\" decoding=\"async\" class=\"aligncenter wp-image-17198\" title=\"\u8be6\u60c5 016\" src=\"https:\/\/www.sellersunionagent.com\/wp-content\/uploads\/2024\/06\/\u8be6\u60c5_016.webp\" alt=\"\u8be6\u60c5 016\" width=\"600\" height=\"632\" \/> <img loading=\"lazy\" decoding=\"async\" class=\"aligncenter wp-image-17199\" title=\"\u8be6\u60c5 017\" src=\"https:\/\/www.sellersunionagent.com\/wp-content\/uploads\/2024\/06\/\u8be6\u60c5_017.webp\" alt=\"\u8be6\u60c5 017\" width=\"600\" height=\"816\" \/> <img loading=\"lazy\" decoding=\"async\" class=\"aligncenter wp-image-17200\" title=\"\u8be6\u60c5 018\" src=\"https:\/\/www.sellersunionagent.com\/wp-content\/uploads\/2024\/06\/\u8be6\u60c5_018.webp\" alt=\"\u8be6\u60c5 018\" width=\"600\" height=\"780\" \/> <img loading=\"lazy\" decoding=\"async\" class=\"aligncenter wp-image-17201\" title=\"\u8be6\u60c5 019\" src=\"https:\/\/www.sellersunionagent.com\/wp-content\/uploads\/2024\/06\/\u8be6\u60c5_019.webp\" alt=\"\u8be6\u60c5 019\" width=\"600\" height=\"600\" \/> <img loading=\"lazy\" decoding=\"async\" class=\"aligncenter wp-image-17202\" title=\"\u8be6\u60c5 020\" src=\"https:\/\/www.sellersunionagent.com\/wp-content\/uploads\/2024\/06\/\u8be6\u60c5_020.webp\" alt=\"\u8be6\u60c5 020\" width=\"600\" height=\"663\" \/> <img loading=\"lazy\" decoding=\"async\" class=\"aligncenter wp-image-17204\" title=\"\u8be6\u60c5 022\" src=\"https:\/\/www.sellersunionagent.com\/wp-content\/uploads\/2024\/06\/\u8be6\u60c5_022.webp\" alt=\"\u8be6\u60c5 022\" width=\"600\" height=\"492\" \/> <img loading=\"lazy\" decoding=\"async\" class=\"aligncenter wp-image-17214\" title=\"\u4e3b\u56fe 012 \u526f\u672c\" src=\"https:\/\/www.sellersunionagent.com\/wp-content\/uploads\/2024\/06\/\u4e3b\u56fe_012_\u526f\u672c.webp\" alt=\"\u4e3b\u56fe 012 \u526f\u672c\" width=\"700\" height=\"700\" \/><\/p>\n<p>&nbsp;<\/p>","protected":false},"excerpt":{"rendered":"<p><strong>MOQ<\/strong>:  1000 piezas<br \/>\n<strong>Muestra gratuita<\/strong>:  Soporte<br \/>\n<strong>Personalizaci\u00f3n<\/strong>logo \/ color \/ materiales \/ embalaje, etc.<br \/>\n<strong>Descuento<\/strong>:  Primeros pedidos desde 10% de descuento.<br \/>\n<strong>Porcentaje de entregas a tiempo<\/strong>:\u00a0 100%<br \/>\n<strong>Env\u00edos totales<\/strong>:  10000 piezas<br \/>\n<strong>Env\u00edo<\/strong>: Apoyo Express-Carga mar\u00edtima-Carga terrestre<\/p>","protected":false},"featured_media":17191,"comment_status":"open","ping_status":"closed","template":"","meta":{"_acf_changed":false},"product_brand":[],"product_cat":[188],"product_tag":[],"class_list":{"0":"post-17172","1":"product","2":"type-product","3":"status-publish","4":"has-post-thumbnail","6":"product_cat-kitchen","8":"first","9":"instock","10":"shipping-taxable","11":"product-type-simple","12":"swiper-slide"},"acf":[],"_links":{"self":[{"href":"https:\/\/www.sellersunionagent.com\/es\/wp-json\/wp\/v2\/product\/17172","targetHints":{"allow":["GET"]}}],"collection":[{"href":"https:\/\/www.sellersunionagent.com\/es\/wp-json\/wp\/v2\/product"}],"about":[{"href":"https:\/\/www.sellersunionagent.com\/es\/wp-json\/wp\/v2\/types\/product"}],"replies":[{"embeddable":true,"href":"https:\/\/www.sellersunionagent.com\/es\/wp-json\/wp\/v2\/comments?post=17172"}],"wp:featuredmedia":[{"embeddable":true,"href":"https:\/\/www.sellersunionagent.com\/es\/wp-json\/wp\/v2\/media\/17191"}],"wp:attachment":[{"href":"https:\/\/www.sellersunionagent.com\/es\/wp-json\/wp\/v2\/media?parent=17172"}],"wp:term":[{"taxonomy":"product_brand","embeddable":true,"href":"https:\/\/www.sellersunionagent.com\/es\/wp-json\/wp\/v2\/product_brand?post=17172"},{"taxonomy":"product_cat","embeddable":true,"href":"https:\/\/www.sellersunionagent.com\/es\/wp-json\/wp\/v2\/product_cat?post=17172"},{"taxonomy":"product_tag","embeddable":true,"href":"https:\/\/www.sellersunionagent.com\/es\/wp-json\/wp\/v2\/product_tag?post=17172"}],"curies":[{"name":"wp","href":"https:\/\/api.w.org\/{rel}","templated":true}]}}