{"id":17113,"date":"2024-06-03T09:33:54","date_gmt":"2024-06-03T01:33:54","guid":{"rendered":"https:\/\/sellersunionagent.com\/?post_type=product&#038;p=17113"},"modified":"2024-06-03T09:33:54","modified_gmt":"2024-06-03T01:33:54","slug":"pastillero-cilindrico-para-siete-dias","status":"publish","type":"product","link":"https:\/\/www.sellersunionagent.com\/es\/cylindrical-seven-day-pill-box\/","title":{"rendered":"Pastillero cil\u00edndrico para siete d\u00edas"},"content":{"rendered":"<h1><strong><b>Pastillero cil\u00edndrico para siete d\u00edas<\/b><\/strong><\/h1>\n<h3><strong>Tipo<\/strong><strong><b>: pastillero<\/b><\/strong><\/h3>\n<h3><strong>N\u00famero de art\u00edculo:<\/strong><strong><b>\u00a0SUHR02<\/b><\/strong><\/h3>\n<h3><strong>Tama\u00f1o del art\u00edculo<\/strong><strong><b>: 13,9 x 6,5 x 6,4 cm<\/b><\/strong><\/h3>\n<h3><strong>Colores<\/strong><strong><b>: negro\/color<\/b><\/strong><\/h3>\n<h3><strong>Material: pl\u00e1stico<\/strong><\/h3>\n<p>&nbsp;<\/p>\n<ul>\n<li>\n<h4><strong><b>Creativo<\/b><\/strong><\/h4>\n<\/li>\n<li>\n<h4>A prueba de polvo<\/h4>\n<\/li>\n<li>\n<h4><strong><b>Material de seguridad<\/b><\/strong><\/h4>\n<\/li>\n<li>\n<h4><strong><b>F\u00e1cil de transportar<\/b><\/strong><\/h4>\n<\/li>\n<li>\n<h4><strong><b>Sin BPA<\/b><\/strong><\/h4>\n<\/li>\n<\/ul>\n<p>&nbsp;<\/p>\n<p><img fetchpriority=\"high\" decoding=\"async\" class=\"aligncenter wp-image-17116\" title=\"Imagen principal 010\" src=\"https:\/\/www.sellersunionagent.com\/wp-content\/uploads\/2024\/06\/\u4e3b\u56fe_010.webp\" alt=\"Imagen principal 010\" width=\"600\" height=\"600\" \/> <img decoding=\"async\" class=\"aligncenter wp-image-17130\" title=\"Imagen principal 005\" src=\"https:\/\/www.sellersunionagent.com\/wp-content\/uploads\/2024\/06\/\u4e3b\u56fe_005.webp\" alt=\"Imagen principal 005\" width=\"600\" height=\"600\" \/> <img decoding=\"async\" class=\"aligncenter wp-image-17129\" title=\"\u4e3b\u56fe 004\" src=\"https:\/\/www.sellersunionagent.com\/wp-content\/uploads\/2024\/06\/\u4e3b\u56fe_004.webp\" alt=\"\u4e3b\u56fe 004\" width=\"600\" height=\"600\" \/> <img loading=\"lazy\" decoding=\"async\" class=\"aligncenter wp-image-17128\" title=\"\u4e3b\u56fe 003\" src=\"https:\/\/www.sellersunionagent.com\/wp-content\/uploads\/2024\/06\/\u4e3b\u56fe_003.webp\" alt=\"\u4e3b\u56fe 003\" width=\"600\" height=\"600\" \/> <img loading=\"lazy\" decoding=\"async\" class=\"aligncenter wp-image-17126\" title=\"Imagen principal\" src=\"https:\/\/www.sellersunionagent.com\/wp-content\/uploads\/2024\/06\/\u4e3b\u56fe.webp\" alt=\"Imagen principal\" width=\"600\" height=\"601\" \/> <img loading=\"lazy\" decoding=\"async\" class=\"aligncenter wp-image-17125\" title=\"\u8be6\u60c5 010\" src=\"https:\/\/www.sellersunionagent.com\/wp-content\/uploads\/2024\/06\/\u8be6\u60c5_010.webp\" alt=\"\u8be6\u60c5 010\" width=\"600\" height=\"754\" \/> <img loading=\"lazy\" decoding=\"async\" class=\"aligncenter wp-image-17123\" title=\"Detalles 007\" src=\"https:\/\/www.sellersunionagent.com\/wp-content\/uploads\/2024\/06\/\u8be6\u60c5_007.webp\" alt=\"Detalles 007\" width=\"600\" height=\"661\" \/> <img loading=\"lazy\" decoding=\"async\" class=\"aligncenter wp-image-17122\" title=\"Detalles 006\" src=\"https:\/\/www.sellersunionagent.com\/wp-content\/uploads\/2024\/06\/\u8be6\u60c5_006.webp\" alt=\"Detalles 006\" width=\"600\" height=\"796\" \/> <img loading=\"lazy\" decoding=\"async\" class=\"aligncenter wp-image-17118\" title=\"\u8be6\u60c5 001\" src=\"https:\/\/www.sellersunionagent.com\/wp-content\/uploads\/2024\/06\/\u8be6\u60c5_001.webp\" alt=\"\u8be6\u60c5 001\" width=\"600\" height=\"633\" \/> <img loading=\"lazy\" decoding=\"async\" class=\"aligncenter size-full wp-image-17117\" title=\"\u5c3a\u5bf8\" src=\"https:\/\/www.sellersunionagent.com\/wp-content\/uploads\/2024\/06\/\u5c3a\u5bf8.webp\" alt=\"\u5c3a\u5bf8\" width=\"790\" height=\"591\" \/><\/p>","protected":false},"excerpt":{"rendered":"<p><strong>MOQ<\/strong>:  1000 piezas<br \/>\n<strong>Muestra gratuita<\/strong>:  Soporte<br \/>\n<strong>Personalizaci\u00f3n<\/strong>logo \/ color \/ materiales \/ embalaje, etc.<br \/>\n<strong>Descuento<\/strong>:  Primeros pedidos desde 10% de descuento.<br \/>\n<strong>Porcentaje de entregas a tiempo<\/strong>:\u00a0 100%<br \/>\n<strong>Env\u00edos totales<\/strong>:  10000 piezas<br \/>\n<strong>Env\u00edo<\/strong>: Apoyo Express-Carga mar\u00edtima-Carga terrestre<\/p>","protected":false},"featured_media":17115,"comment_status":"open","ping_status":"closed","template":"","meta":{"_acf_changed":false},"product_brand":[],"product_cat":[31],"product_tag":[],"class_list":{"0":"post-17113","1":"product","2":"type-product","3":"status-publish","4":"has-post-thumbnail","6":"product_cat-home-storage","8":"first","9":"instock","10":"shipping-taxable","11":"product-type-simple","12":"swiper-slide"},"acf":[],"_links":{"self":[{"href":"https:\/\/www.sellersunionagent.com\/es\/wp-json\/wp\/v2\/product\/17113","targetHints":{"allow":["GET"]}}],"collection":[{"href":"https:\/\/www.sellersunionagent.com\/es\/wp-json\/wp\/v2\/product"}],"about":[{"href":"https:\/\/www.sellersunionagent.com\/es\/wp-json\/wp\/v2\/types\/product"}],"replies":[{"embeddable":true,"href":"https:\/\/www.sellersunionagent.com\/es\/wp-json\/wp\/v2\/comments?post=17113"}],"wp:featuredmedia":[{"embeddable":true,"href":"https:\/\/www.sellersunionagent.com\/es\/wp-json\/wp\/v2\/media\/17115"}],"wp:attachment":[{"href":"https:\/\/www.sellersunionagent.com\/es\/wp-json\/wp\/v2\/media?parent=17113"}],"wp:term":[{"taxonomy":"product_brand","embeddable":true,"href":"https:\/\/www.sellersunionagent.com\/es\/wp-json\/wp\/v2\/product_brand?post=17113"},{"taxonomy":"product_cat","embeddable":true,"href":"https:\/\/www.sellersunionagent.com\/es\/wp-json\/wp\/v2\/product_cat?post=17113"},{"taxonomy":"product_tag","embeddable":true,"href":"https:\/\/www.sellersunionagent.com\/es\/wp-json\/wp\/v2\/product_tag?post=17113"}],"curies":[{"name":"wp","href":"https:\/\/api.w.org\/{rel}","templated":true}]}}