{"id":15565,"date":"2023-12-07T18:01:41","date_gmt":"2023-12-07T10:01:41","guid":{"rendered":"https:\/\/sellersunionagent.com\/?post_type=product&#038;p=15565"},"modified":"2023-12-07T18:20:43","modified_gmt":"2023-12-07T10:20:43","slug":"organizador-de-nevera-de-plastico-cajon-extraible-contenedores-congelador-de-alimentos-caja-de-almacenamiento-de-mascotas-cocina-apilable-nevera-cajon-conjunto","status":"publish","type":"product","link":"https:\/\/www.sellersunionagent.com\/es\/plastic-fridge-organizer-drawer-pull-out-bins-freezer-food-storage-container-box-pet-kitchen-stackable-refrigerator-drawer-set\/","title":{"rendered":"Caj\u00f3n organizador de pl\u00e1stico para nevera Cajones extra\u00edbles Congelador Contenedor de almacenamiento de alimentos Caja PET Cocina Caj\u00f3n apilable para nevera Set"},"content":{"rendered":"<div class=\"module_title\">\n<div class=\"product-title-container\" data-aplus-ae=\"x1_575504cc\" data-spm-anchor-id=\"a2700.details.0.i0.55ba5739uphMnu\" data-aplus-clk=\"x26_de86043\">\n<h1 title=\"Caj\u00f3n organizador de pl\u00e1stico para nevera Cajones extra\u00edbles Congelador Contenedor de almacenamiento de alimentos Caja PET Cocina Caj\u00f3n apilable para nevera Set\" data-spm-anchor-id=\"a2700.details.0.i99.3c467220n7FyAy\">Caj\u00f3n organizador de pl\u00e1stico para nevera Cajones extra\u00edbles Congelador Contenedor de almacenamiento de alimentos Caja PET Cocina Caj\u00f3n apilable para nevera Set<\/h1>\n<\/div>\n<\/div>\n<div class=\"module_comment\">\n<div class=\"product-comment\" data-aplus-ae=\"x2_684ba8d4\" data-spm-anchor-id=\"a2700.details.0.i1.55ba5739uphMnu\" data-aplus-clk=\"x27_120ec00c\">\n<div class=\"detail-comment\">\n<div class=\"detail-star detail-separator\">\n<div class=\"detail-next-rating detail-next-rating-small detail-next-rating-grade-high\" role=\"group\" aria-label=\"\u8bc4\u5206\u9009\u9879\">\n<div class=\"detail-next-rating-base detail-next-rating-base-disabled\">\n<div class=\"detail-next-rating-underlay\" aria-hidden=\"true\">\n<p><strong>Tipo<\/strong>: Soportes y estanter\u00edas<\/p>\n<p><strong>N\u00famero de art\u00edculo:<\/strong> YM6439<\/p>\n<p><strong>Tama\u00f1o del art\u00edculo<\/strong>: 34*12.6*11cm<\/p>\n<p><strong>Colores<\/strong>: Claro<\/p>\n<p><strong>Material:<\/strong>PET<\/p>\n<div class=\"left\"><strong>\u00dasalo:<\/strong> Contenedor de alimentos<\/div>\n<p>&nbsp;<\/p>\n<p>&nbsp;<\/p>\n<ul>\n<li>Materiales y tama\u00f1os a medida<\/li>\n<li>Multifuncional, puede utilizarse tanto en cajones como en frigor\u00edficos<\/li>\n<li>Gran capacidad y gran capacidad de carga<\/li>\n<li>Material sano para el contacto directo con alimentos<\/li>\n<\/ul>\n<p><img fetchpriority=\"high\" decoding=\"async\" class=\"wp-image-15566 aligncenter\" title=\"Organizador de almacenamiento\" src=\"https:\/\/www.sellersunionagent.com\/wp-content\/uploads\/2023\/12\/H563732247dc84f7ab2ed693be220eff4I.jpg_720x720q50.png\" alt=\"H563732247dc84f7ab2ed693be220eff4I.jpg 720x720q50\" width=\"600\" height=\"600\" \/><\/p>\n<p><img decoding=\"async\" class=\"wp-image-15567 size-full aligncenter\" title=\"Organizador de almacenamiento\" src=\"https:\/\/www.sellersunionagent.com\/wp-content\/uploads\/2023\/12\/H098385c00ce64b91bd117ec0e34437ff8.jpg_720x720q50.png\" alt=\"H098385c00ce64b91bd117ec0e34437ff8.jpg 720x720q50\" width=\"680\" height=\"680\" \/><\/p>\n<p><img decoding=\"async\" class=\"wp-image-15568 aligncenter\" title=\"H46c36720406b4ce5a14635347c8e20d3O.jpg 720x720q50\" src=\"https:\/\/www.sellersunionagent.com\/wp-content\/uploads\/2023\/12\/H46c36720406b4ce5a14635347c8e20d3O.jpg_720x720q50.png\" alt=\"H46c36720406b4ce5a14635347c8e20d3O.jpg 720x720q50\" width=\"600\" height=\"600\" \/><\/p>\n<p>&nbsp;<\/p>\n<p>&nbsp;<\/p>\n<p><img loading=\"lazy\" decoding=\"async\" class=\"wp-image-15569 aligncenter\" title=\"Organizador de almacenamiento\" src=\"https:\/\/www.sellersunionagent.com\/wp-content\/uploads\/2023\/12\/H2794a7a333964047b182b3b688de7937p.jpg_720x720q50.png\" alt=\"H2794a7a333964047b182b3b688de7937p.jpg 720x720q50\" width=\"600\" height=\"600\" \/><\/p>\n<p>&nbsp;<\/p>\n<p>&nbsp;<\/p>\n<\/div>\n<\/div>\n<\/div>\n<\/div>\n<\/div>\n<\/div>\n<\/div>","protected":false},"excerpt":{"rendered":"<p><strong>MOQ<\/strong>:  100 piezas<br \/>\n<strong>Muestra gratuita<\/strong>:  Soporte<br \/>\n<strong>Personalizaci\u00f3n<\/strong>logo \/ color \/ materiales \/ embalaje, etc.<br \/>\n<strong>Descuento<\/strong>:  Primeros pedidos desde 10% de descuento.<br \/>\n<strong>Porcentaje de entregas a tiempo<\/strong>:\u00a0 100%<br \/>\n<strong>Env\u00edos totales<\/strong>:  100000 piezas<br \/>\n<strong>Env\u00edo<\/strong>: Apoyo Express-Carga mar\u00edtima-Carga terrestre<\/p>\n<p>&nbsp;<\/p>\n<p>&nbsp;<\/p>\n<p>\u00a1Organizador multifuncional, se puede utilizar en varios lugares, caj\u00f3n, refrigerador puede ser! Tambi\u00e9n se puede utilizar para el almacenamiento de maquillaje<\/p>","protected":false},"featured_media":15566,"comment_status":"open","ping_status":"closed","template":"","meta":{"_acf_changed":false},"product_brand":[],"product_cat":[237],"product_tag":[87,70,93],"class_list":{"0":"post-15565","1":"product","2":"type-product","3":"status-publish","4":"has-post-thumbnail","6":"product_cat-new-arrivals","7":"product_tag-bulk-wholesale","8":"product_tag-home-storage","9":"product_tag-storage","11":"first","12":"instock","13":"shipping-taxable","14":"product-type-simple","15":"swiper-slide"},"acf":[],"_links":{"self":[{"href":"https:\/\/www.sellersunionagent.com\/es\/wp-json\/wp\/v2\/product\/15565","targetHints":{"allow":["GET"]}}],"collection":[{"href":"https:\/\/www.sellersunionagent.com\/es\/wp-json\/wp\/v2\/product"}],"about":[{"href":"https:\/\/www.sellersunionagent.com\/es\/wp-json\/wp\/v2\/types\/product"}],"replies":[{"embeddable":true,"href":"https:\/\/www.sellersunionagent.com\/es\/wp-json\/wp\/v2\/comments?post=15565"}],"wp:featuredmedia":[{"embeddable":true,"href":"https:\/\/www.sellersunionagent.com\/es\/wp-json\/wp\/v2\/media\/15566"}],"wp:attachment":[{"href":"https:\/\/www.sellersunionagent.com\/es\/wp-json\/wp\/v2\/media?parent=15565"}],"wp:term":[{"taxonomy":"product_brand","embeddable":true,"href":"https:\/\/www.sellersunionagent.com\/es\/wp-json\/wp\/v2\/product_brand?post=15565"},{"taxonomy":"product_cat","embeddable":true,"href":"https:\/\/www.sellersunionagent.com\/es\/wp-json\/wp\/v2\/product_cat?post=15565"},{"taxonomy":"product_tag","embeddable":true,"href":"https:\/\/www.sellersunionagent.com\/es\/wp-json\/wp\/v2\/product_tag?post=15565"}],"curies":[{"name":"wp","href":"https:\/\/api.w.org\/{rel}","templated":true}]}}