{"id":15539,"date":"2023-12-05T17:12:53","date_gmt":"2023-12-05T09:12:53","guid":{"rendered":"https:\/\/sellersunionagent.com\/?post_type=product&#038;p=15539"},"modified":"2023-12-05T18:24:36","modified_gmt":"2023-12-05T10:24:36","slug":"cesto-plegable-de-bambu-cesto-para-la-ropa-cesto-para-guardar-la-ropa-con-tapa-y-asa","status":"publish","type":"product","link":"https:\/\/www.sellersunionagent.com\/es\/bamboo-foldable-hamper-laundry-basket-clothes-storage-hamper-with-lid-and-handle\/","title":{"rendered":"Cesto plegable de bamb\u00fa Cesto para la ropa con tapa y asa"},"content":{"rendered":"<div class=\"module_title\">\n<div class=\"product-title-container\" data-aplus-ae=\"x1_575504cc\" data-spm-anchor-id=\"a2700.details.0.i0.55ba5739uphMnu\" data-aplus-clk=\"x26_de86043\">\n<h1 title=\"Estuche de Belleza Organizador de Maquillaje Cosm\u00e9tico Transparente Belleza Makeup Display Box\" data-spm-anchor-id=\"a2700.details.0.i84.55ba5739uphMnu\">Cesto plegable de bamb\u00fa Cesto para la ropa con tapa y asa<\/h1>\n<\/div>\n<\/div>\n<div class=\"module_comment\">\n<div class=\"product-comment\" data-aplus-ae=\"x2_684ba8d4\" data-spm-anchor-id=\"a2700.details.0.i1.55ba5739uphMnu\" data-aplus-clk=\"x27_120ec00c\">\n<div class=\"detail-comment\">\n<div class=\"detail-star detail-separator\">\n<div class=\"detail-next-rating detail-next-rating-small detail-next-rating-grade-high\" role=\"group\" aria-label=\"\u8bc4\u5206\u9009\u9879\">\n<div class=\"detail-next-rating-base detail-next-rating-base-disabled\">\n<div class=\"detail-next-rating-underlay\" aria-hidden=\"true\">\n<p><strong>Tipo<\/strong>: Cesto de la ropa<\/p>\n<p><strong>N\u00famero de art\u00edculo:<\/strong> HMD508453SBL<\/p>\n<p><strong>Tama\u00f1o del art\u00edculo<\/strong>: 40 x 33 x 48 cm<\/p>\n<p><strong>Colores<\/strong>: Custimizado<\/p>\n<p><strong>Material:<\/strong>Bamb\u00fa+Tejido cati\u00f3nico<\/p>\n<div class=\"attribute-item\">\n<div class=\"left\" data-spm-anchor-id=\"a2700.details.0.i102.b6253ab8zPAukF\"><strong>Estilo:<\/strong> Plegable<\/div>\n<\/div>\n<div class=\"attribute-item\">\n<div class=\"left\" data-spm-anchor-id=\"a2700.details.0.i107.b6253ab8zPAukF\"><\/div>\n<\/div>\n<p>&nbsp;<\/p>\n<ul>\n<li>Incluye un bolsillo de malla independiente para facilitar el acceso<\/li>\n<li>Impermeable y resistente al aceite<\/li>\n<li>Se puede plegar o desmontar para facilitar la limpieza<\/li>\n<li>Gran capacidad y gran capacidad de carga<\/li>\n<li>Podemos fabricar colores y tama\u00f1os personalizados para usted<\/li>\n<\/ul>\n<p><img fetchpriority=\"high\" decoding=\"async\" class=\"wp-image-15538 aligncenter\" title=\"Organizador de almacenamiento\" src=\"https:\/\/www.sellersunionagent.com\/wp-content\/uploads\/2023\/11\/Hc26ab4032e9e41af97c2d61a6c44ebc8q.png_720x720q50.png\" alt=\"Hc26ab4032e9e41af97c2d61a6c44ebc8q.png 720x720q50\" width=\"600\" height=\"600\" \/><\/p>\n<p><img decoding=\"async\" class=\"wp-image-15542 aligncenter\" title=\"Organizador de almacenamiento\" src=\"https:\/\/www.sellersunionagent.com\/wp-content\/uploads\/2023\/12\/H1234c88eb6bd4f199e329da09f0ae5bdN.png_720x720q50.png\" alt=\"H1234c88eb6bd4f199e329da09f0ae5bdN.png 720x720q50\" width=\"600\" height=\"600\" \/><\/p>\n<p><img decoding=\"async\" class=\"wp-image-15543 aligncenter\" title=\"Organizador de almacenamiento\" src=\"https:\/\/www.sellersunionagent.com\/wp-content\/uploads\/2023\/12\/Hbf74f854888c4532a31e8789ff135230v.png_720x720q50.png\" alt=\"Hbf74f854888c4532a31e8789ff135230v.png 720x720q50\" width=\"600\" height=\"600\" \/><\/p>\n<p><img loading=\"lazy\" decoding=\"async\" class=\"wp-image-15544 aligncenter\" title=\"1701327956086\" src=\"https:\/\/www.sellersunionagent.com\/wp-content\/uploads\/2023\/12\/H813329a6f593437a920a66fbcc8fb0b3u.jpg_720x720q50.png\" alt=\"H813329a6f593437a920a66fbcc8fb0b3u.jpg 720x720q50\" width=\"600\" height=\"600\" \/><\/p>\n<p><img loading=\"lazy\" decoding=\"async\" class=\"wp-image-15545 aligncenter\" title=\"Organizador de almacenamiento\" src=\"https:\/\/www.sellersunionagent.com\/wp-content\/uploads\/2023\/12\/Hba2ea9175ae9497ba2fc7038881505b4x.jpg_720x720q50.png\" alt=\"Hba2ea9175ae9497ba2fc7038881505b4x.jpg 720x720q50\" width=\"600\" height=\"600\" \/><\/p>\n<p><img loading=\"lazy\" decoding=\"async\" class=\"wp-image-15546 aligncenter\" title=\"Organizador de almacenamiento\" src=\"https:\/\/www.sellersunionagent.com\/wp-content\/uploads\/2023\/12\/Hb4a3e01c5e3b49f282a57939f18dda92H.png_720x720q50.png\" alt=\"Hb4a3e01c5e3b49f282a57939f18dda92H.png 720x720q50\" width=\"600\" height=\"600\" \/><\/p>\n<p><img loading=\"lazy\" decoding=\"async\" class=\"wp-image-15547 aligncenter\" title=\"Organizador de almacenamiento\" src=\"https:\/\/www.sellersunionagent.com\/wp-content\/uploads\/2023\/12\/Ha4c716858be145299069f440b510a647a.jpg_720x720q50.png\" alt=\"Ha4c716858be145299069f440b510a647a.jpg 720x720q50\" width=\"600\" height=\"600\" \/><\/p>\n<p>&nbsp;<\/p>\n<\/div>\n<\/div>\n<\/div>\n<\/div>\n<\/div>\n<\/div>\n<\/div>","protected":false},"excerpt":{"rendered":"<p><strong>MOQ<\/strong>:  100 piezas<br \/>\n<strong>Muestra gratuita<\/strong>:  Soporte<br \/>\n<strong>Personalizaci\u00f3n<\/strong>logo \/ color \/ materiales \/ embalaje, etc.<br \/>\n<strong>Descuento<\/strong>:  Primeros pedidos desde 10% de descuento.<br \/>\n<strong>Porcentaje de entregas a tiempo<\/strong>:\u00a0 100%<br \/>\n<strong>Env\u00edos totales<\/strong>:  100000 piezas<br \/>\n<strong>Env\u00edo<\/strong>: Apoyo Express-Carga mar\u00edtima-Carga terrestre<\/p>\n<p>&nbsp;<\/p>\n<p>&nbsp;<\/p>\n<p>Los cestos de ropa sucia de bamb\u00fa son ecol\u00f3gicos e higi\u00e9nicos.<\/p>","protected":false},"featured_media":15548,"comment_status":"open","ping_status":"closed","template":"","meta":{"_acf_changed":false},"product_brand":[],"product_cat":[237],"product_tag":[87,70,93],"class_list":{"0":"post-15539","1":"product","2":"type-product","3":"status-publish","4":"has-post-thumbnail","6":"product_cat-new-arrivals","7":"product_tag-bulk-wholesale","8":"product_tag-home-storage","9":"product_tag-storage","11":"first","12":"instock","13":"shipping-taxable","14":"product-type-simple","15":"swiper-slide"},"acf":[],"_links":{"self":[{"href":"https:\/\/www.sellersunionagent.com\/es\/wp-json\/wp\/v2\/product\/15539","targetHints":{"allow":["GET"]}}],"collection":[{"href":"https:\/\/www.sellersunionagent.com\/es\/wp-json\/wp\/v2\/product"}],"about":[{"href":"https:\/\/www.sellersunionagent.com\/es\/wp-json\/wp\/v2\/types\/product"}],"replies":[{"embeddable":true,"href":"https:\/\/www.sellersunionagent.com\/es\/wp-json\/wp\/v2\/comments?post=15539"}],"wp:featuredmedia":[{"embeddable":true,"href":"https:\/\/www.sellersunionagent.com\/es\/wp-json\/wp\/v2\/media\/15548"}],"wp:attachment":[{"href":"https:\/\/www.sellersunionagent.com\/es\/wp-json\/wp\/v2\/media?parent=15539"}],"wp:term":[{"taxonomy":"product_brand","embeddable":true,"href":"https:\/\/www.sellersunionagent.com\/es\/wp-json\/wp\/v2\/product_brand?post=15539"},{"taxonomy":"product_cat","embeddable":true,"href":"https:\/\/www.sellersunionagent.com\/es\/wp-json\/wp\/v2\/product_cat?post=15539"},{"taxonomy":"product_tag","embeddable":true,"href":"https:\/\/www.sellersunionagent.com\/es\/wp-json\/wp\/v2\/product_tag?post=15539"}],"curies":[{"name":"wp","href":"https:\/\/api.w.org\/{rel}","templated":true}]}}