{"id":15519,"date":"2023-11-30T15:28:24","date_gmt":"2023-11-30T07:28:24","guid":{"rendered":"https:\/\/sellersunionagent.com\/?post_type=product&#038;p=15519"},"modified":"2023-11-30T15:37:30","modified_gmt":"2023-11-30T07:37:30","slug":"plastico-transparente-giratorio-lazy-susan-cocina-giratorio-organizador-de-especias-estante-del-gabinete-de-almacenamiento-organizador-para-la-especia","status":"publish","type":"product","link":"https:\/\/www.sellersunionagent.com\/es\/clear-plastic-rotating-lazy-susan-kitchen-turntable-spice-organizer-rack-cabinet-storage-organizer-for-spice\/","title":{"rendered":"Pl\u00e1stico transparente giratorio Lazy Susan Cocina Giratorio Especias Organizador Estante Gabinete de Almacenamiento Organizador para Especias"},"content":{"rendered":"<div class=\"module_title\">\n<div class=\"product-title-container\" data-aplus-ae=\"x1_575504cc\" data-spm-anchor-id=\"a2700.details.0.i0.55ba5739uphMnu\" data-aplus-clk=\"x26_de86043\">\n<h1 title=\"Estuche de Belleza Organizador de Maquillaje Cosm\u00e9tico Transparente Belleza Makeup Display Box\" data-spm-anchor-id=\"a2700.details.0.i84.55ba5739uphMnu\">Pl\u00e1stico transparente giratorio Lazy Susan Cocina Giratorio Especias Organizador Estante Gabinete de Almacenamiento Organizador para Especias<\/h1>\n<\/div>\n<\/div>\n<div class=\"module_comment\">\n<div class=\"product-comment\" data-aplus-ae=\"x2_684ba8d4\" data-spm-anchor-id=\"a2700.details.0.i1.55ba5739uphMnu\" data-aplus-clk=\"x27_120ec00c\">\n<div class=\"detail-comment\">\n<div class=\"detail-star detail-separator\">\n<div class=\"detail-next-rating detail-next-rating-small detail-next-rating-grade-high\" role=\"group\" aria-label=\"\u8bc4\u5206\u9009\u9879\">\n<div class=\"detail-next-rating-base detail-next-rating-base-disabled\">\n<div class=\"detail-next-rating-underlay\" aria-hidden=\"true\">\n<p><strong>Tipo<\/strong>: Caja de almacenamiento<\/p>\n<p><strong>N\u00famero de art\u00edculo:<\/strong> YM6413<\/p>\n<p><strong>Tama\u00f1o del art\u00edculo<\/strong>: Di\u00e1metro 23,5\/27 cm<\/p>\n<p><strong>Colores<\/strong>: Transparente<\/p>\n<p><strong>Material: <\/strong>PET<\/p>\n<p>&nbsp;<\/p>\n<p>&nbsp;<\/p>\n<ul>\n<li>Puede elegir entre 6 especificaciones<\/li>\n<li>C\u00f3moda y sencilla combinaci\u00f3n de colores, bonita y pr\u00e1ctica<\/li>\n<li>Rotaci\u00f3n de 360\u00b0, recuperaci\u00f3n suave, ahorro de tiempo y mano de obra<\/li>\n<li>Gran capacidad y gran capacidad de carga<\/li>\n<li>Se puede meter en el frigor\u00edfico, f\u00e1cil de limpiar<\/li>\n<\/ul>\n<p><img fetchpriority=\"high\" decoding=\"async\" class=\"aligncenter wp-image-15532\" title=\"Organizador de almacenamiento\" src=\"https:\/\/www.sellersunionagent.com\/wp-content\/uploads\/2023\/11\/1701327913745-1.png\" alt=\"Organizador de almacenamiento\" width=\"600\" height=\"600\" \/><\/p>\n<p><img decoding=\"async\" class=\"aligncenter wp-image-15525\" title=\"Organizador de almacenamiento\" src=\"https:\/\/www.sellersunionagent.com\/wp-content\/uploads\/2023\/11\/1701327901659.png\" alt=\"Organizador de almacenamiento\" width=\"600\" height=\"600\" \/><\/p>\n<p><img decoding=\"async\" class=\"aligncenter wp-image-15522\" title=\"Organizador de almacenamiento\" src=\"https:\/\/www.sellersunionagent.com\/wp-content\/uploads\/2023\/11\/\u4f01\u4e1a\u5fae\u4fe1\u622a\u56fe_17013278798920.png\" alt=\"Organizador de almacenamiento\" width=\"600\" height=\"600\" \/><\/p>\n<p><img loading=\"lazy\" decoding=\"async\" class=\"wp-image-15530 aligncenter\" title=\"1701327956086\" src=\"https:\/\/www.sellersunionagent.com\/wp-content\/uploads\/2023\/11\/1701327956086.png\" alt=\"Organizador de almacenamiento\" width=\"600\" height=\"600\" \/><\/p>\n<p><img loading=\"lazy\" decoding=\"async\" class=\"wp-image-15534 aligncenter\" title=\"Organizador de almacenamiento\" src=\"https:\/\/www.sellersunionagent.com\/wp-content\/uploads\/2023\/11\/\u4f01\u4e1a\u5fae\u4fe1\u622a\u56fe_1701329385850.png\" alt=\"Organizador de almacenamiento\" width=\"600\" height=\"600\" \/><\/p>\n<p><img loading=\"lazy\" decoding=\"async\" class=\"wp-image-15529 aligncenter\" title=\"Organizador de almacenamiento\" src=\"https:\/\/www.sellersunionagent.com\/wp-content\/uploads\/2023\/11\/1701327936732.png\" alt=\"Organizador de almacenamiento\" width=\"600\" height=\"600\" \/><\/p>\n<p><img loading=\"lazy\" decoding=\"async\" class=\"aligncenter wp-image-15527\" title=\"Organizador de almacenamiento\" src=\"https:\/\/www.sellersunionagent.com\/wp-content\/uploads\/2023\/11\/1701327920571.png\" alt=\"Organizador de almacenamiento\" width=\"600\" height=\"600\" \/><\/p>\n<p><img loading=\"lazy\" decoding=\"async\" class=\"aligncenter wp-image-15524\" title=\"Organizador de almacenamiento\" src=\"https:\/\/www.sellersunionagent.com\/wp-content\/uploads\/2023\/11\/1701327893429.png\" alt=\"Organizador de almacenamiento\" width=\"600\" height=\"879\" \/><\/p>\n<\/div>\n<\/div>\n<\/div>\n<\/div>\n<\/div>\n<\/div>\n<\/div>","protected":false},"excerpt":{"rendered":"<p><strong>MOQ<\/strong>:  100 piezas<br \/>\n<strong>Muestra gratuita<\/strong>:  Soporte<br \/>\n<strong>Personalizaci\u00f3n<\/strong>logo \/ color \/ materiales \/ embalaje, etc.<br \/>\n<strong>Descuento<\/strong>:  Primeros pedidos desde 10% de descuento.<br \/>\n<strong>Porcentaje de entregas a tiempo<\/strong>:\u00a0 100%<br \/>\n<strong>Env\u00edos totales<\/strong>:  100000 piezas<br \/>\n<strong>Env\u00edo<\/strong>: Apoyo Express-Carga mar\u00edtima-Carga terrestre<\/p>\n<p>&nbsp;<\/p>\n<p>&nbsp;<\/p>\n<p>Friut&amp;snack, especias&amp;salsa, almacenamiento en armarios. Adem\u00e1s de pr\u00e1cticos, \u00a1son preciosos!<\/p>","protected":false},"featured_media":15526,"comment_status":"open","ping_status":"closed","template":"","meta":{"_acf_changed":false},"product_brand":[],"product_cat":[237],"product_tag":[87,70,93],"class_list":{"0":"post-15519","1":"product","2":"type-product","3":"status-publish","4":"has-post-thumbnail","6":"product_cat-new-arrivals","7":"product_tag-bulk-wholesale","8":"product_tag-home-storage","9":"product_tag-storage","11":"first","12":"instock","13":"shipping-taxable","14":"product-type-simple","15":"swiper-slide"},"acf":[],"_links":{"self":[{"href":"https:\/\/www.sellersunionagent.com\/es\/wp-json\/wp\/v2\/product\/15519","targetHints":{"allow":["GET"]}}],"collection":[{"href":"https:\/\/www.sellersunionagent.com\/es\/wp-json\/wp\/v2\/product"}],"about":[{"href":"https:\/\/www.sellersunionagent.com\/es\/wp-json\/wp\/v2\/types\/product"}],"replies":[{"embeddable":true,"href":"https:\/\/www.sellersunionagent.com\/es\/wp-json\/wp\/v2\/comments?post=15519"}],"wp:featuredmedia":[{"embeddable":true,"href":"https:\/\/www.sellersunionagent.com\/es\/wp-json\/wp\/v2\/media\/15526"}],"wp:attachment":[{"href":"https:\/\/www.sellersunionagent.com\/es\/wp-json\/wp\/v2\/media?parent=15519"}],"wp:term":[{"taxonomy":"product_brand","embeddable":true,"href":"https:\/\/www.sellersunionagent.com\/es\/wp-json\/wp\/v2\/product_brand?post=15519"},{"taxonomy":"product_cat","embeddable":true,"href":"https:\/\/www.sellersunionagent.com\/es\/wp-json\/wp\/v2\/product_cat?post=15519"},{"taxonomy":"product_tag","embeddable":true,"href":"https:\/\/www.sellersunionagent.com\/es\/wp-json\/wp\/v2\/product_tag?post=15519"}],"curies":[{"name":"wp","href":"https:\/\/api.w.org\/{rel}","templated":true}]}}