{"id":15485,"date":"2023-11-29T15:28:38","date_gmt":"2023-11-29T07:28:38","guid":{"rendered":"https:\/\/sellersunionagent.com\/?post_type=product&#038;p=15485"},"modified":"2023-11-29T15:45:21","modified_gmt":"2023-11-29T07:45:21","slug":"beauty-case-skincare-storage-organizer-clear-cosmetic-makeup-organizer-belleza-makeup-display-box","status":"publish","type":"product","link":"https:\/\/www.sellersunionagent.com\/es\/beauty-case-skincare-storage-organizer-clear-cosmetic-makeup-organizer-belleza-makeup-display-box\/","title":{"rendered":"Estuche de Belleza Organizador de Maquillaje Cosm\u00e9tico Transparente Belleza Makeup Display Box"},"content":{"rendered":"<div class=\"module_title\">\n<div class=\"product-title-container\" data-aplus-ae=\"x1_575504cc\" data-spm-anchor-id=\"a2700.details.0.i0.55ba5739uphMnu\" data-aplus-clk=\"x26_de86043\">\n<h1 title=\"Estuche de Belleza Organizador de Maquillaje Cosm\u00e9tico Transparente Belleza Makeup Display Box\" data-spm-anchor-id=\"a2700.details.0.i84.55ba5739uphMnu\">Estuche de Belleza Organizador de Maquillaje Cosm\u00e9tico Transparente Belleza Makeup Display Box<\/h1>\n<\/div>\n<\/div>\n<div class=\"module_comment\">\n<div class=\"product-comment\" data-aplus-ae=\"x2_684ba8d4\" data-spm-anchor-id=\"a2700.details.0.i1.55ba5739uphMnu\" data-aplus-clk=\"x27_120ec00c\">\n<div class=\"detail-comment\">\n<div class=\"detail-star detail-separator\">\n<div class=\"detail-next-rating detail-next-rating-small detail-next-rating-grade-high\" role=\"group\" aria-label=\"\u8bc4\u5206\u9009\u9879\">\n<div class=\"detail-next-rating-base detail-next-rating-base-disabled\">\n<div class=\"detail-next-rating-underlay\" aria-hidden=\"true\">\n<p><strong>Tipo<\/strong>: Caja de almacenamiento<\/p>\n<p><strong>N\u00famero de art\u00edculo:<\/strong> SU0002<\/p>\n<p><strong>Tama\u00f1o del art\u00edculo<\/strong>: 29*19*37cm<\/p>\n<p><strong>Colores<\/strong>: Nuevo Transparente-Negro\/Verde\/Oro\/Personalizado<\/p>\n<p><strong>Material: <\/strong>ABS+PET<\/p>\n<p>&nbsp;<\/p>\n<p>&nbsp;<\/p>\n<ul>\n<li>Gran capacidad, almacenamiento dividido en tres capas, colocaci\u00f3n flexible de sus cosm\u00e9ticos, ahorro de espacio en la encimera<\/li>\n<li>Resistente a la humedad y al polvo, apto para m\u00faltiples escenarios<\/li>\n<li>Transparente y visible<\/li>\n<li>Extracci\u00f3n suave, port\u00e1til y m\u00f3vil<\/li>\n<li>Material PET seleccionado, duradero y de alta calidad<\/li>\n<li>M\u00faltiples colores, lujo discreto<\/li>\n<\/ul>\n<p><img fetchpriority=\"high\" decoding=\"async\" class=\"wp-image-15486 aligncenter\" title=\"Caja de maquillaje\" src=\"https:\/\/www.sellersunionagent.com\/wp-content\/uploads\/2023\/11\/23b445334c03305045e2fd8b2be31bc7_O1CN01DAsuXc1g8vqLAnB9I_3842994098-0-cib.jpg\" alt=\"Caja de maquillaje\" width=\"600\" height=\"600\" \/><\/p>\n<p><img decoding=\"async\" class=\"aligncenter wp-image-15491\" title=\"Caja de maquillaje\" src=\"https:\/\/www.sellersunionagent.com\/wp-content\/uploads\/2023\/11\/ea6a89c00890d14e0c54268d5b0801e1_O1CN01SfZ84V1g8vqM2TEbU_3842994098-0-cib___r__1656312902874.jpg\" alt=\"Caja de maquillaje\" width=\"600\" height=\"364\" \/><\/p>\n<p><img decoding=\"async\" class=\"wp-image-15490 aligncenter\" title=\"Caja de maquillaje\" src=\"https:\/\/www.sellersunionagent.com\/wp-content\/uploads\/2023\/11\/e89db26bf1dd68ae0115bbb50d05f03f_O1CN01qmmXbK1g8vqCYcgEe_3842994098-0-cib___r__1656312505135.jpg\" alt=\"Caja de maquillaje\" width=\"500\" height=\"746\" \/><\/p>\n<p><img loading=\"lazy\" decoding=\"async\" class=\"wp-image-15489 aligncenter\" title=\"Caja de maquillaje\" src=\"https:\/\/www.sellersunionagent.com\/wp-content\/uploads\/2023\/11\/329c07138b242e4e49092d5bfd78ca01_O1CN01WP2xSf1g8vqCQUIPt_3842994098-0-cib.jpg\" alt=\"Caja de maquillaje\" width=\"600\" height=\"600\" \/><\/p>\n<p><img loading=\"lazy\" decoding=\"async\" class=\"wp-image-15488 aligncenter\" title=\"Caja de maquillaje\" src=\"https:\/\/www.sellersunionagent.com\/wp-content\/uploads\/2023\/11\/bad4a0e59a68641652a4e0a98061d0e1_O1CN01h0KIFN1g8vqEpmfSq_3842994098-0-cib.jpg\" alt=\"Caja de maquillaje\" width=\"600\" height=\"600\" \/><\/p>\n<p><img loading=\"lazy\" decoding=\"async\" class=\"wp-image-15487 aligncenter\" title=\"Caja de maquillaje\" src=\"https:\/\/www.sellersunionagent.com\/wp-content\/uploads\/2023\/11\/7f6178393d7ba1a2baf6b7f898c06ed0_O1CN01HTzSfx1g8vqCYc0bt_3842994098-0-cib.jpg\" alt=\"Caja de maquillaje\" width=\"600\" height=\"600\" \/><\/p>\n<\/div>\n<\/div>\n<\/div>\n<\/div>\n<\/div>\n<\/div>\n<\/div>","protected":false},"excerpt":{"rendered":"<p><strong>MOQ<\/strong>:  100 piezas<br \/>\n<strong>Muestra gratuita<\/strong>:  Soporte<br \/>\n<strong>Personalizaci\u00f3n<\/strong>logo \/ color \/ materiales \/ embalaje, etc.<br \/>\n<strong>Descuento<\/strong>:  Primeros pedidos desde 10% de descuento.<br \/>\n<strong>Porcentaje de entregas a tiempo<\/strong>:\u00a0 100%<br \/>\n<strong>Env\u00edos totales<\/strong>:  100000 piezas<br \/>\n<strong>Env\u00edo<\/strong>: Apoyo Express-Carga mar\u00edtima-Carga terrestre<\/p>\n<p>&nbsp;<\/p>\n<p>&nbsp;<\/p>\n<p>Maup-up \/ almacenamiento en el hogar, esta caja se puede aplicar. \u00a1Haga su vida m\u00e1s f\u00e1cil y sencilla!<\/p>","protected":false},"featured_media":15486,"comment_status":"open","ping_status":"closed","template":"","meta":{"_acf_changed":false},"product_brand":[],"product_cat":[237],"product_tag":[87,42,70],"class_list":{"0":"post-15485","1":"product","2":"type-product","3":"status-publish","4":"has-post-thumbnail","6":"product_cat-new-arrivals","7":"product_tag-bulk-wholesale","8":"product_tag-high-quality","9":"product_tag-home-storage","11":"first","12":"instock","13":"shipping-taxable","14":"product-type-simple","15":"swiper-slide"},"acf":[],"_links":{"self":[{"href":"https:\/\/www.sellersunionagent.com\/es\/wp-json\/wp\/v2\/product\/15485","targetHints":{"allow":["GET"]}}],"collection":[{"href":"https:\/\/www.sellersunionagent.com\/es\/wp-json\/wp\/v2\/product"}],"about":[{"href":"https:\/\/www.sellersunionagent.com\/es\/wp-json\/wp\/v2\/types\/product"}],"replies":[{"embeddable":true,"href":"https:\/\/www.sellersunionagent.com\/es\/wp-json\/wp\/v2\/comments?post=15485"}],"wp:featuredmedia":[{"embeddable":true,"href":"https:\/\/www.sellersunionagent.com\/es\/wp-json\/wp\/v2\/media\/15486"}],"wp:attachment":[{"href":"https:\/\/www.sellersunionagent.com\/es\/wp-json\/wp\/v2\/media?parent=15485"}],"wp:term":[{"taxonomy":"product_brand","embeddable":true,"href":"https:\/\/www.sellersunionagent.com\/es\/wp-json\/wp\/v2\/product_brand?post=15485"},{"taxonomy":"product_cat","embeddable":true,"href":"https:\/\/www.sellersunionagent.com\/es\/wp-json\/wp\/v2\/product_cat?post=15485"},{"taxonomy":"product_tag","embeddable":true,"href":"https:\/\/www.sellersunionagent.com\/es\/wp-json\/wp\/v2\/product_tag?post=15485"}],"curies":[{"name":"wp","href":"https:\/\/api.w.org\/{rel}","templated":true}]}}