{"id":11878,"date":"2022-12-27T17:44:04","date_gmt":"2022-12-27T09:44:04","guid":{"rendered":"https:\/\/sellersunionagent.com\/?post_type=product&#038;p=11878"},"modified":"2022-12-27T17:44:05","modified_gmt":"2022-12-27T09:44:05","slug":"mesa-auxiliar-mesa-auxiliar-vintage-en-forma-de-c-con-estructura-de-metal-para-sofa-portatil-cafe-merienda-salon-dormitorio","status":"publish","type":"product","link":"https:\/\/www.sellersunionagent.com\/es\/side-table-end-table-vintage-c-shaped-couch-table-with-metal-frame-for-sofa-laptop-coffee-snack-living-room-bedroom\/","title":{"rendered":"Mesa auxiliar, mesa de centro, mesa de sof\u00e1 en forma de C vintage con estructura de metal para sof\u00e1 port\u00e1til caf\u00e9 merienda sala de estar dormitorio"},"content":{"rendered":"<h2>Mesa auxiliar, mesa de centro, mesa de sof\u00e1 en forma de C vintage con estructura de metal para sof\u00e1 port\u00e1til caf\u00e9 merienda sala de estar dormitorio<\/h2>\n<p>&nbsp;<\/p>\n<p>&nbsp;<\/p>\n<ul>\n<li>Material de primera calidad<\/li>\n<li>Buena capacidad de carga<\/li>\n<li>Duradero<\/li>\n<li>Mesa auxiliar en forma de C<\/li>\n<li>Mesa auxiliar vers\u00e1til<\/li>\n<li>Dise\u00f1o sencillo y elegante<\/li>\n<li>Ahorro de espacio<\/li>\n<li>Extra\u00edble<\/li>\n<\/ul>\n<p>&nbsp;<\/p>\n<p>&nbsp;<\/p>\n<p><strong>Tipo<\/strong>: Estanter\u00eda<\/p>\n<div class=\"elementor-element elementor-element-c17fac7 elementor-widget elementor-widget-woocommerce-product-short-description\" data-id=\"c17fac7\" data-element_type=\"widget\" data-widget_type=\"woocommerce-product-short-description.default\">\n<div class=\"elementor-widget-container\">\n<div class=\"woocommerce-product-details__short-description\">\n<p><strong>N\u00famero de art\u00edculo:<\/strong> JB-06<\/p>\n<p><strong>Tama\u00f1o del art\u00edculo<\/strong>: 31*45*60cm<\/p>\n<p><strong>Colores<\/strong>: Negro<\/p>\n<p><strong>Material: <\/strong>Tubo de acero<\/p>\n<p><img fetchpriority=\"high\" decoding=\"async\" class=\"aligncenter wp-image-11881\" src=\"https:\/\/www.sellersunionagent.com\/wp-content\/uploads\/2022\/12\/wholesale-shopping-bags-6.jpg\" alt=\"Mesa auxiliar\" width=\"600\" height=\"600\" \/> <img decoding=\"async\" class=\"aligncenter wp-image-11882\" src=\"https:\/\/www.sellersunionagent.com\/wp-content\/uploads\/2022\/12\/wholesale-shopping-bags-5.jpg\" alt=\"Mesa auxiliar\" width=\"600\" height=\"600\" \/> <img decoding=\"async\" class=\"aligncenter wp-image-11883\" src=\"https:\/\/www.sellersunionagent.com\/wp-content\/uploads\/2022\/12\/wholesale-shopping-bags-4.jpg\" alt=\"Mesa auxiliar\" width=\"600\" height=\"600\" \/> <img loading=\"lazy\" decoding=\"async\" class=\"aligncenter wp-image-11884\" src=\"https:\/\/www.sellersunionagent.com\/wp-content\/uploads\/2022\/12\/wholesale-shopping-bags-3.jpg\" alt=\"Mesa auxiliar\" width=\"600\" height=\"600\" \/><\/p>\n<\/div>\n<\/div>\n<\/div>","protected":false},"excerpt":{"rendered":"<p><strong><b>MOQ<\/b><\/strong>: 100 piezas<br \/>\n<strong><b>Muestra gratuita<\/b><\/strong>:  Soporte<br \/>\n<strong><b>Personalizaci\u00f3n<\/b><\/strong>:  Tama\u00f1o \/ embalaje, etc.<br \/>\n<strong><b>Descuento<\/b><\/strong>:  Primeros pedidos desde 10% de descuento.<br \/>\n<strong><b>Porcentaje de entregas a tiempo<\/b><\/strong>:\u00a0 100%<br \/>\n<strong><b>Env\u00edos totales<\/b><\/strong>:  10000 piezas<br \/>\n<strong><b>Env\u00edo<\/b><\/strong>: Apoyo Express-Carga mar\u00edtima-Carga terrestre<\/p>","protected":false},"featured_media":11881,"comment_status":"open","ping_status":"closed","template":"","meta":{"_acf_changed":false},"product_brand":[],"product_cat":[31,187,186],"product_tag":[87,42,221],"class_list":{"0":"post-11878","1":"product","2":"type-product","3":"status-publish","4":"has-post-thumbnail","6":"product_cat-home-storage","7":"product_cat-bedroom","8":"product_cat-living-room","9":"product_tag-bulk-wholesale","10":"product_tag-high-quality","11":"product_tag-side-table","13":"first","14":"instock","15":"shipping-taxable","16":"product-type-simple","17":"swiper-slide"},"acf":[],"_links":{"self":[{"href":"https:\/\/www.sellersunionagent.com\/es\/wp-json\/wp\/v2\/product\/11878","targetHints":{"allow":["GET"]}}],"collection":[{"href":"https:\/\/www.sellersunionagent.com\/es\/wp-json\/wp\/v2\/product"}],"about":[{"href":"https:\/\/www.sellersunionagent.com\/es\/wp-json\/wp\/v2\/types\/product"}],"replies":[{"embeddable":true,"href":"https:\/\/www.sellersunionagent.com\/es\/wp-json\/wp\/v2\/comments?post=11878"}],"wp:featuredmedia":[{"embeddable":true,"href":"https:\/\/www.sellersunionagent.com\/es\/wp-json\/wp\/v2\/media\/11881"}],"wp:attachment":[{"href":"https:\/\/www.sellersunionagent.com\/es\/wp-json\/wp\/v2\/media?parent=11878"}],"wp:term":[{"taxonomy":"product_brand","embeddable":true,"href":"https:\/\/www.sellersunionagent.com\/es\/wp-json\/wp\/v2\/product_brand?post=11878"},{"taxonomy":"product_cat","embeddable":true,"href":"https:\/\/www.sellersunionagent.com\/es\/wp-json\/wp\/v2\/product_cat?post=11878"},{"taxonomy":"product_tag","embeddable":true,"href":"https:\/\/www.sellersunionagent.com\/es\/wp-json\/wp\/v2\/product_tag?post=11878"}],"curies":[{"name":"wp","href":"https:\/\/api.w.org\/{rel}","templated":true}]}}