{"id":11858,"date":"2022-12-27T15:36:26","date_gmt":"2022-12-27T07:36:26","guid":{"rendered":"https:\/\/sellersunionagent.com\/?post_type=product&#038;p=11858"},"modified":"2022-12-27T16:02:39","modified_gmt":"2022-12-27T08:02:39","slug":"china-al-por-mayor-estanteria-grande","status":"publish","type":"product","link":"https:\/\/www.sellersunionagent.com\/es\/china-wholesale-large-storage-rack-shelving-unit\/","title":{"rendered":"Venta al por mayor de China Estanter\u00edas de gran capacidad"},"content":{"rendered":"<h2>Venta al por mayor de China Estanter\u00eda de almacenamiento de gran tama\u00f1o<\/h2>\n<p>&nbsp;<\/p>\n<p>&nbsp;<\/p>\n<ul>\n<li>Material de primera calidad<\/li>\n<li>Gran capacidad<\/li>\n<li>Duradero<\/li>\n<li>Almacenamiento inteligente<\/li>\n<li>Dise\u00f1o sencillo y elegante<\/li>\n<li>F\u00e1cil de instalar<\/li>\n<\/ul>\n<p>&nbsp;<\/p>\n<p>&nbsp;<\/p>\n<p><strong>Tipo<\/strong>: Estanter\u00eda<\/p>\n<div class=\"elementor-element elementor-element-c17fac7 elementor-widget elementor-widget-woocommerce-product-short-description\" data-id=\"c17fac7\" data-element_type=\"widget\" data-widget_type=\"woocommerce-product-short-description.default\">\n<div class=\"elementor-widget-container\">\n<div class=\"woocommerce-product-details__short-description\">\n<p><strong>N\u00famero de art\u00edculo:<\/strong> JB-02<\/p>\n<p><strong>Tama\u00f1o del art\u00edculo<\/strong>: 60*34.5*148cm<\/p>\n<p><strong>Colores<\/strong>: Blanco\/negro<\/p>\n<p><strong>Material: <\/strong>Hierro<\/p>\n<p><img fetchpriority=\"high\" decoding=\"async\" class=\"aligncenter wp-image-11859\" src=\"https:\/\/www.sellersunionagent.com\/wp-content\/uploads\/2022\/12\/wholesale-large-storage-21.jpg\" alt=\"Venta al por mayor en China\" width=\"600\" height=\"600\" \/> <img decoding=\"async\" class=\"aligncenter wp-image-11860\" src=\"https:\/\/www.sellersunionagent.com\/wp-content\/uploads\/2022\/12\/wholesale-large-storage-20.jpg\" alt=\"Venta al por mayor en China\" width=\"600\" height=\"600\" \/> <img decoding=\"async\" class=\"aligncenter wp-image-11861\" src=\"https:\/\/www.sellersunionagent.com\/wp-content\/uploads\/2022\/12\/wholesale-large-storage-19.jpg\" alt=\"Venta al por mayor en China\" width=\"600\" height=\"600\" \/> <img loading=\"lazy\" decoding=\"async\" class=\"aligncenter wp-image-11862\" src=\"https:\/\/www.sellersunionagent.com\/wp-content\/uploads\/2022\/12\/wholesale-large-storage-18.jpg\" alt=\"Venta al por mayor en China\" width=\"600\" height=\"600\" \/><\/p>\n<p>&nbsp;<\/p>\n<\/div>\n<\/div>\n<\/div>","protected":false},"excerpt":{"rendered":"<p><strong><b>MOQ<\/b><\/strong>: 100 piezas<br \/>\n<strong><b>Muestra gratuita<\/b><\/strong>:  Soporte<br \/>\n<strong><b>Personalizaci\u00f3n<\/b><\/strong>:  Tama\u00f1o \/ embalaje, etc.<br \/>\n<strong><b>Descuento<\/b><\/strong>:  Primeros pedidos desde 10% de descuento.<br \/>\n<strong><b>Porcentaje de entregas a tiempo<\/b><\/strong>:\u00a0 100%<br \/>\n<strong><b>Env\u00edos totales<\/b><\/strong>:  10000 piezas<br \/>\n<strong><b>Env\u00edo<\/b><\/strong>: Apoyo Express-Carga mar\u00edtima-Carga terrestre<\/p>","protected":false},"featured_media":11862,"comment_status":"open","ping_status":"closed","template":"","meta":{"_acf_changed":false},"product_brand":[],"product_cat":[186,31],"product_tag":[204,49,70],"class_list":{"0":"post-11858","1":"product","2":"type-product","3":"status-publish","4":"has-post-thumbnail","6":"product_cat-living-room","7":"product_cat-home-storage","8":"product_tag-china-wholesale","9":"product_tag-good-quality","10":"product_tag-home-storage","12":"first","13":"instock","14":"shipping-taxable","15":"product-type-simple","16":"swiper-slide"},"acf":[],"_links":{"self":[{"href":"https:\/\/www.sellersunionagent.com\/es\/wp-json\/wp\/v2\/product\/11858","targetHints":{"allow":["GET"]}}],"collection":[{"href":"https:\/\/www.sellersunionagent.com\/es\/wp-json\/wp\/v2\/product"}],"about":[{"href":"https:\/\/www.sellersunionagent.com\/es\/wp-json\/wp\/v2\/types\/product"}],"replies":[{"embeddable":true,"href":"https:\/\/www.sellersunionagent.com\/es\/wp-json\/wp\/v2\/comments?post=11858"}],"wp:featuredmedia":[{"embeddable":true,"href":"https:\/\/www.sellersunionagent.com\/es\/wp-json\/wp\/v2\/media\/11862"}],"wp:attachment":[{"href":"https:\/\/www.sellersunionagent.com\/es\/wp-json\/wp\/v2\/media?parent=11858"}],"wp:term":[{"taxonomy":"product_brand","embeddable":true,"href":"https:\/\/www.sellersunionagent.com\/es\/wp-json\/wp\/v2\/product_brand?post=11858"},{"taxonomy":"product_cat","embeddable":true,"href":"https:\/\/www.sellersunionagent.com\/es\/wp-json\/wp\/v2\/product_cat?post=11858"},{"taxonomy":"product_tag","embeddable":true,"href":"https:\/\/www.sellersunionagent.com\/es\/wp-json\/wp\/v2\/product_tag?post=11858"}],"curies":[{"name":"wp","href":"https:\/\/api.w.org\/{rel}","templated":true}]}}