{"id":11646,"date":"2022-12-09T16:44:14","date_gmt":"2022-12-09T08:44:14","guid":{"rendered":"https:\/\/sellersunionagent.com\/?post_type=product&#038;p=11646"},"modified":"2022-12-09T16:44:15","modified_gmt":"2022-12-09T08:44:15","slug":"organizador-de-maquillaje-al-por-mayor-estuche-para-cosmeticos-con-cajones","status":"publish","type":"product","link":"https:\/\/www.sellersunionagent.com\/es\/wholesale-makeup-organizer-cosmetics-case-with-drawers\/","title":{"rendered":"Organizador de maquillaje al por mayor Estuche de cosm\u00e9ticos con cajones"},"content":{"rendered":"<h2 id=\"title\" class=\"a-size-large a-spacing-none\"><span id=\"productTitle\" class=\"a-size-large product-title-word-break\">Organizador de maquillaje para tocador, organizador grande de cosm\u00e9ticos para encimera, organizador de escritorio con cajones para sombras de ojos, lociones, l\u00e1pices labiales, esmaltes de u\u00f1as, productos para el cuidado de la piel y pinceles.<\/span><\/h2>\n<ul class=\"a-unordered-list a-vertical a-spacing-mini\">\n<li><span class=\"a-list-item\">Dise\u00f1o grande y sencillo<\/span><\/li>\n<li><span class=\"a-list-item\">Simplifica tu vida<\/span><\/li>\n<li><span class=\"a-list-item\">Dise\u00f1o elegante<\/span><\/li>\n<li><span class=\"a-list-item\">Ampliamente utilizado<\/span><\/li>\n<li><span class=\"a-list-item\">Un regalo maravilloso<\/span><\/li>\n<\/ul>\n<p style=\"text-align: center\"><strong><b>Tipo<\/b><\/strong>: Almacenamiento en casa<\/p>\n<p style=\"text-align: center\"><strong><b>N\u00famero de art\u00edculo:<\/b><\/strong> OX-01<\/p>\n<p style=\"text-align: center\"><strong><b>Tama\u00f1o del art\u00edculo<\/b><\/strong>:<\/p>\n<p style=\"text-align: center\">28*13*18cm\/30*19*13cm<\/p>\n<p style=\"text-align: center\"><strong><b>Peso del art\u00edculo<\/b><\/strong>: 0,48 kg\/0,54 kg<\/p>\n<p style=\"text-align: center\"><strong><b>Colores<\/b><\/strong>: Blanco\/rosa\/azul\/verde<\/p>\n<p style=\"text-align: center\"><img fetchpriority=\"high\" decoding=\"async\" class=\"wp-image-11651 aligncenter\" src=\"https:\/\/www.sellersunionagent.com\/wp-content\/uploads\/2022\/12\/wholesale-makeup-organizer-cosmetics-case.jpg\" alt=\"venta al por mayor\" width=\"600\" height=\"600\" \/> <img decoding=\"async\" class=\"aligncenter wp-image-11650\" src=\"https:\/\/www.sellersunionagent.com\/wp-content\/uploads\/2022\/12\/wholesale-makeup-organizer-cosmetics-case-1.jpg\" alt=\"venta al por mayor\" width=\"600\" height=\"556\" \/> <img decoding=\"async\" class=\"size-full wp-image-11649 aligncenter\" src=\"https:\/\/www.sellersunionagent.com\/wp-content\/uploads\/2022\/12\/wholesale-makeup-organizer-cosmetics-case-2.jpg\" alt=\"venta al por mayor\" width=\"600\" height=\"556\" \/> <img loading=\"lazy\" decoding=\"async\" class=\"alignnone size-full wp-image-11648\" src=\"https:\/\/www.sellersunionagent.com\/wp-content\/uploads\/2022\/12\/wholesale-makeup-organizer-cosmetics-case-3.jpg\" alt=\"venta al por mayor\" width=\"600\" height=\"556\" \/><\/p>","protected":false},"excerpt":{"rendered":"<p><strong><b>MOQ<\/b><\/strong>:  1000 piezas<br \/>\n<strong><b>Muestra gratuita<\/b><\/strong>:  Soporte<br \/>\n<strong><b>Personalizaci\u00f3n<\/b><\/strong>logo \/ color \/ materiales \/ embalaje, etc.<br \/>\n<strong><b>Descuento<\/b><\/strong>:  Primeros pedidos desde 10% de descuento.<br \/>\n<strong><b>Porcentaje de entregas a tiempo<\/b><\/strong>:\u00a0 100%<br \/>\n<strong><b>Env\u00edos totales<\/b><\/strong>:  10000 piezas<br \/>\n<strong><b>Env\u00edo<\/b><\/strong>: Apoyo Express-Carga mar\u00edtima-Carga terrestre<\/p>","protected":false},"featured_media":11647,"comment_status":"open","ping_status":"closed","template":"","meta":{"_acf_changed":false},"product_brand":[],"product_cat":[31],"product_tag":[87,73],"class_list":{"0":"post-11646","1":"product","2":"type-product","3":"status-publish","4":"has-post-thumbnail","6":"product_cat-home-storage","7":"product_tag-bulk-wholesale","8":"product_tag-home-storagewholesaledurable","10":"first","11":"instock","12":"shipping-taxable","13":"product-type-simple","14":"swiper-slide"},"acf":[],"_links":{"self":[{"href":"https:\/\/www.sellersunionagent.com\/es\/wp-json\/wp\/v2\/product\/11646","targetHints":{"allow":["GET"]}}],"collection":[{"href":"https:\/\/www.sellersunionagent.com\/es\/wp-json\/wp\/v2\/product"}],"about":[{"href":"https:\/\/www.sellersunionagent.com\/es\/wp-json\/wp\/v2\/types\/product"}],"replies":[{"embeddable":true,"href":"https:\/\/www.sellersunionagent.com\/es\/wp-json\/wp\/v2\/comments?post=11646"}],"wp:featuredmedia":[{"embeddable":true,"href":"https:\/\/www.sellersunionagent.com\/es\/wp-json\/wp\/v2\/media\/11647"}],"wp:attachment":[{"href":"https:\/\/www.sellersunionagent.com\/es\/wp-json\/wp\/v2\/media?parent=11646"}],"wp:term":[{"taxonomy":"product_brand","embeddable":true,"href":"https:\/\/www.sellersunionagent.com\/es\/wp-json\/wp\/v2\/product_brand?post=11646"},{"taxonomy":"product_cat","embeddable":true,"href":"https:\/\/www.sellersunionagent.com\/es\/wp-json\/wp\/v2\/product_cat?post=11646"},{"taxonomy":"product_tag","embeddable":true,"href":"https:\/\/www.sellersunionagent.com\/es\/wp-json\/wp\/v2\/product_tag?post=11646"}],"curies":[{"name":"wp","href":"https:\/\/api.w.org\/{rel}","templated":true}]}}