{"id":11582,"date":"2022-12-08T17:09:24","date_gmt":"2022-12-08T09:09:24","guid":{"rendered":"https:\/\/sellersunionagent.com\/?post_type=product&#038;p=11582"},"modified":"2022-12-08T17:09:24","modified_gmt":"2022-12-08T09:09:24","slug":"cesto-tejido-de-cuerda-de-algodon-cesto-decorativo-cubos-contenedor-organizador-para-estanteria-escritorio-decoracion-del-hogar","status":"publish","type":"product","link":"https:\/\/www.sellersunionagent.com\/es\/cotton-rope-woven-basket-decorative-basket-bins-container-organizer-for-shelf-desktop-home-decor\/","title":{"rendered":"Cesta de Algod\u00f3n Tejida Cestas Decorativas Contenedores Organizador para Estanter\u00eda Escritorio Decoraci\u00f3n del Hogar"},"content":{"rendered":"<h2>Cesta de Algod\u00f3n Tejida Cestas Decorativas Contenedores Organizador para Estanter\u00eda Escritorio Decoraci\u00f3n del Hogar<\/h2>\n<p><strong>Tipo<\/strong>: Cesta de cuerda de algod\u00f3n<\/p>\n<div class=\"elementor-element elementor-element-c17fac7 elementor-widget elementor-widget-woocommerce-product-short-description\" data-id=\"c17fac7\" data-element_type=\"widget\" data-widget_type=\"woocommerce-product-short-description.default\">\n<div class=\"elementor-widget-container\">\n<div class=\"woocommerce-product-details__short-description\">\n<p><strong>N\u00famero de art\u00edculo:<\/strong> NA015<\/p>\n<p><strong>Tama\u00f1o del art\u00edculo<\/strong>: dia.20cm*H15cm<\/p>\n<p><strong>Colores<\/strong>: Gris\/ amarillo\/ rosa\/ natural\/ verde\/ azul<\/p>\n<p><strong>Material: <\/strong>Cuerda de algod\u00f3n<\/p>\n<\/div>\n<\/div>\n<\/div>\n<p>&nbsp;<\/p>\n<ul>\n<li>Hecho a mano<\/li>\n<li>Suave, duradero y seguro<\/li>\n<li>Color neutro Dise\u00f1o<\/li>\n<li>Delicado con aspecto natural<img fetchpriority=\"high\" decoding=\"async\" class=\"aligncenter wp-image-11587\" src=\"https:\/\/www.sellersunionagent.com\/wp-content\/uploads\/2022\/12\/11919057858_743064173.jpg\" alt=\"Cesta tejida con cuerda de algod\u00f3n\" width=\"600\" height=\"600\" \/> <img decoding=\"async\" class=\"aligncenter wp-image-11588\" src=\"https:\/\/www.sellersunionagent.com\/wp-content\/uploads\/2022\/12\/11955919773_743064173.jpg\" alt=\"Cesta tejida con cuerda de algod\u00f3n\" width=\"600\" height=\"600\" \/> <img decoding=\"async\" class=\"aligncenter wp-image-11589\" src=\"https:\/\/www.sellersunionagent.com\/wp-content\/uploads\/2022\/12\/11955934526_743064173.jpg\" alt=\"Cesta tejida con cuerda de algod\u00f3n\" width=\"600\" height=\"600\" \/> <img loading=\"lazy\" decoding=\"async\" class=\"aligncenter wp-image-11590\" src=\"https:\/\/www.sellersunionagent.com\/wp-content\/uploads\/2022\/12\/11955952105_743064173.jpg\" alt=\"Cesta tejida con cuerda de algod\u00f3n\" width=\"600\" height=\"600\" \/> <img loading=\"lazy\" decoding=\"async\" class=\"aligncenter wp-image-11591\" src=\"https:\/\/www.sellersunionagent.com\/wp-content\/uploads\/2022\/12\/11955997587_743064173.jpg\" alt=\"Cesta tejida con cuerda de algod\u00f3n\" width=\"600\" height=\"600\" \/> <img loading=\"lazy\" decoding=\"async\" class=\"aligncenter wp-image-11592\" src=\"https:\/\/www.sellersunionagent.com\/wp-content\/uploads\/2022\/12\/11956012371_743064173.jpg\" alt=\"Cesta tejida con cuerda de algod\u00f3n\" width=\"600\" height=\"600\" \/> <img loading=\"lazy\" decoding=\"async\" class=\"aligncenter wp-image-11593\" src=\"https:\/\/www.sellersunionagent.com\/wp-content\/uploads\/2022\/12\/11989106846_743064173.jpg\" alt=\"Cesta tejida con cuerda de algod\u00f3n\" width=\"600\" height=\"600\" \/><\/li>\n<\/ul>","protected":false},"excerpt":{"rendered":"<p><strong><b>MOQ<\/b><\/strong>: 200 piezas<br \/>\n<strong><b>Muestra gratuita<\/b><\/strong>:  Soporte<br \/>\n<strong><b>Personalizaci\u00f3n<\/b><\/strong>:  Tama\u00f1o \/ embalaje, etc.<br \/>\n<strong><b>Descuento<\/b><\/strong>:  Primeros pedidos desde 10% de descuento.<br \/>\n<strong><b>Porcentaje de entregas a tiempo<\/b><\/strong>:\u00a0 100%<br \/>\n<strong><b>Env\u00edos totales<\/b><\/strong>:  10000 piezas<br \/>\n<strong><b>Env\u00edo<\/b><\/strong>: Apoyo Express-Carga mar\u00edtima-Carga terrestre<\/p>","protected":false},"featured_media":11589,"comment_status":"open","ping_status":"closed","template":"","meta":{"_acf_changed":false},"product_brand":[],"product_cat":[208],"product_tag":[214,50,99],"class_list":{"0":"post-11582","1":"product","2":"type-product","3":"status-publish","4":"has-post-thumbnail","6":"product_cat-cotton-rope-basket","7":"product_tag-cotton-rope-woven-basket","8":"product_tag-wholesale","9":"product_tag-wholesale-maker-from-china","11":"first","12":"instock","13":"shipping-taxable","14":"product-type-simple","15":"swiper-slide"},"acf":[],"_links":{"self":[{"href":"https:\/\/www.sellersunionagent.com\/es\/wp-json\/wp\/v2\/product\/11582","targetHints":{"allow":["GET"]}}],"collection":[{"href":"https:\/\/www.sellersunionagent.com\/es\/wp-json\/wp\/v2\/product"}],"about":[{"href":"https:\/\/www.sellersunionagent.com\/es\/wp-json\/wp\/v2\/types\/product"}],"replies":[{"embeddable":true,"href":"https:\/\/www.sellersunionagent.com\/es\/wp-json\/wp\/v2\/comments?post=11582"}],"wp:featuredmedia":[{"embeddable":true,"href":"https:\/\/www.sellersunionagent.com\/es\/wp-json\/wp\/v2\/media\/11589"}],"wp:attachment":[{"href":"https:\/\/www.sellersunionagent.com\/es\/wp-json\/wp\/v2\/media?parent=11582"}],"wp:term":[{"taxonomy":"product_brand","embeddable":true,"href":"https:\/\/www.sellersunionagent.com\/es\/wp-json\/wp\/v2\/product_brand?post=11582"},{"taxonomy":"product_cat","embeddable":true,"href":"https:\/\/www.sellersunionagent.com\/es\/wp-json\/wp\/v2\/product_cat?post=11582"},{"taxonomy":"product_tag","embeddable":true,"href":"https:\/\/www.sellersunionagent.com\/es\/wp-json\/wp\/v2\/product_tag?post=11582"}],"curies":[{"name":"wp","href":"https:\/\/api.w.org\/{rel}","templated":true}]}}