{"id":11566,"date":"2022-12-08T16:52:16","date_gmt":"2022-12-08T08:52:16","guid":{"rendered":"https:\/\/sellersunionagent.com\/?post_type=product&#038;p=11566"},"modified":"2022-12-08T16:52:16","modified_gmt":"2022-12-08T08:52:16","slug":"china-colorido-algodon-cuerda-tejida-stoage-cesta-para-salon-dormitorio-bano-cocina-organizador","status":"publish","type":"product","link":"https:\/\/www.sellersunionagent.com\/es\/china-colorful-cotton-rope-woven-stoage-basket-for-livingroom-bedroom-bathroom-kitchen-organizer\/","title":{"rendered":"China Colorido Algod\u00f3n Cuerda Tejida Stoage Cesta para Livingroom, Dormitorio, Ba\u00f1o, Cocina Organizador"},"content":{"rendered":"<h2>China Colorido Algod\u00f3n Cuerda Tejida Stoage Cesta para Livingroom, Dormitorio, Ba\u00f1o, Cocina Organizador<\/h2>\n<p><strong>Tipo<\/strong>: Cesta de cuerda de algod\u00f3n<\/p>\n<div class=\"elementor-element elementor-element-c17fac7 elementor-widget elementor-widget-woocommerce-product-short-description\" data-id=\"c17fac7\" data-element_type=\"widget\" data-widget_type=\"woocommerce-product-short-description.default\">\n<div class=\"elementor-widget-container\">\n<div class=\"woocommerce-product-details__short-description\">\n<p><strong>N\u00famero de art\u00edculo:<\/strong> NA013<\/p>\n<p><strong>Tama\u00f1o del art\u00edculo<\/strong>:<\/p>\n<p>S: 21*17*10cm\uff0c0.2kg;<\/p>\n<p>L: 27*25*11cm\uff0c0.35kg<\/p>\n<p><strong>Colores<\/strong>: Gris\/ amarillo\/ rosa<\/p>\n<p><strong>Material: <\/strong>Cuerda de algod\u00f3n<\/p>\n<\/div>\n<\/div>\n<\/div>\n<p>&nbsp;<\/p>\n<ul>\n<li>Hecho a mano<\/li>\n<li>Suave, duradero y seguro<\/li>\n<li>Color neutro Dise\u00f1o<\/li>\n<li>Delicado con aspecto natural<img fetchpriority=\"high\" decoding=\"async\" class=\"aligncenter wp-image-11567\" src=\"https:\/\/www.sellersunionagent.com\/wp-content\/uploads\/2022\/12\/O1CN01AjEAeL1vpj13IY9i4_3017326222-0-cib.jpg\" alt=\"Cesta Stoage\" width=\"600\" height=\"600\" \/> <img decoding=\"async\" class=\"aligncenter wp-image-11570\" src=\"https:\/\/www.sellersunionagent.com\/wp-content\/uploads\/2022\/12\/O1CN01kdJc8X1vpj15RED4e_3017326222-0-cib.jpg\" alt=\"Cesta Stoage\" width=\"600\" height=\"600\" \/> <img decoding=\"async\" class=\"aligncenter wp-image-11571\" src=\"https:\/\/www.sellersunionagent.com\/wp-content\/uploads\/2022\/12\/O1CN01oMLr7V1vpj124aLCU_3017326222-0-cib.jpg\" alt=\"Cesta Stoage\" width=\"600\" height=\"600\" \/> <img loading=\"lazy\" decoding=\"async\" class=\"aligncenter wp-image-11572\" src=\"https:\/\/www.sellersunionagent.com\/wp-content\/uploads\/2022\/12\/O1CN01Xwkf891vpj138L93B_3017326222-0-cib.jpg\" alt=\"Cesta Stoage\" width=\"600\" height=\"600\" \/> <img loading=\"lazy\" decoding=\"async\" class=\"aligncenter wp-image-11573\" src=\"https:\/\/www.sellersunionagent.com\/wp-content\/uploads\/2022\/12\/O1CN018Whbx41vpj0yZRjJc_3017326222-0-cib.jpg\" alt=\"Cesta Stoage\" width=\"600\" height=\"600\" \/><\/li>\n<li><img loading=\"lazy\" decoding=\"async\" class=\"aligncenter wp-image-11568\" src=\"https:\/\/www.sellersunionagent.com\/wp-content\/uploads\/2022\/12\/O1CN01Ewd4EG1vpj14iOdwj_3017326222-0-cib.jpg\" alt=\"Cesta Stoage\" width=\"600\" height=\"600\" \/><img loading=\"lazy\" decoding=\"async\" class=\"aligncenter wp-image-11569\" src=\"https:\/\/www.sellersunionagent.com\/wp-content\/uploads\/2022\/12\/O1CN01G4aDvS1vpj14iQBZz_3017326222-0-cib.jpg\" alt=\"Cesta Stoage\" width=\"600\" height=\"600\" \/><\/li>\n<\/ul>","protected":false},"excerpt":{"rendered":"<p><strong><b>MOQ<\/b><\/strong>: 200 piezas<br \/>\n<strong><b>Muestra gratuita<\/b><\/strong>:  Soporte<br \/>\n<strong><b>Personalizaci\u00f3n<\/b><\/strong>:  Tama\u00f1o \/ embalaje, etc.<br \/>\n<strong><b>Descuento<\/b><\/strong>:  Primeros pedidos desde 10% de descuento.<br \/>\n<strong><b>Porcentaje de entregas a tiempo<\/b><\/strong>:\u00a0 100%<br \/>\n<strong><b>Env\u00edos totales<\/b><\/strong>:  10000 piezas<br \/>\n<strong><b>Env\u00edo<\/b><\/strong>: Apoyo Express-Carga mar\u00edtima-Carga terrestre<\/p>","protected":false},"featured_media":11570,"comment_status":"open","ping_status":"closed","template":"","meta":{"_acf_changed":false},"product_brand":[],"product_cat":[208],"product_tag":[87,42,73],"class_list":{"0":"post-11566","1":"product","2":"type-product","3":"status-publish","4":"has-post-thumbnail","6":"product_cat-cotton-rope-basket","7":"product_tag-bulk-wholesale","8":"product_tag-high-quality","9":"product_tag-home-storagewholesaledurable","11":"first","12":"instock","13":"shipping-taxable","14":"product-type-simple","15":"swiper-slide"},"acf":[],"_links":{"self":[{"href":"https:\/\/www.sellersunionagent.com\/es\/wp-json\/wp\/v2\/product\/11566","targetHints":{"allow":["GET"]}}],"collection":[{"href":"https:\/\/www.sellersunionagent.com\/es\/wp-json\/wp\/v2\/product"}],"about":[{"href":"https:\/\/www.sellersunionagent.com\/es\/wp-json\/wp\/v2\/types\/product"}],"replies":[{"embeddable":true,"href":"https:\/\/www.sellersunionagent.com\/es\/wp-json\/wp\/v2\/comments?post=11566"}],"wp:featuredmedia":[{"embeddable":true,"href":"https:\/\/www.sellersunionagent.com\/es\/wp-json\/wp\/v2\/media\/11570"}],"wp:attachment":[{"href":"https:\/\/www.sellersunionagent.com\/es\/wp-json\/wp\/v2\/media?parent=11566"}],"wp:term":[{"taxonomy":"product_brand","embeddable":true,"href":"https:\/\/www.sellersunionagent.com\/es\/wp-json\/wp\/v2\/product_brand?post=11566"},{"taxonomy":"product_cat","embeddable":true,"href":"https:\/\/www.sellersunionagent.com\/es\/wp-json\/wp\/v2\/product_cat?post=11566"},{"taxonomy":"product_tag","embeddable":true,"href":"https:\/\/www.sellersunionagent.com\/es\/wp-json\/wp\/v2\/product_tag?post=11566"}],"curies":[{"name":"wp","href":"https:\/\/api.w.org\/{rel}","templated":true}]}}