{"id":11374,"date":"2022-12-01T10:59:59","date_gmt":"2022-12-01T02:59:59","guid":{"rendered":"https:\/\/sellersunionagent.com\/?post_type=product&#038;p=11374"},"modified":"2022-12-01T11:22:04","modified_gmt":"2022-12-01T03:22:04","slug":"cestas-de-almacenamiento-de-cuerda-de-algodon-con-pompon-hecho-a-mano-ropa-tejida-organizador-de-la-fabrica-china","status":"publish","type":"product","link":"https:\/\/www.sellersunionagent.com\/es\/cotton-rope-storage-baskets-with-pompom-handmade-woven-clothes-organizer-from-china-factory\/","title":{"rendered":"Cestas de almacenamiento de cuerda de algod\u00f3n con pomp\u00f3n hecho a mano tejido organizador de ropa de la f\u00e1brica de China"},"content":{"rendered":"<h2>Cestas de almacenamiento de cuerda de algod\u00f3n con pomp\u00f3n hecho a mano tejido organizador de ropa de la f\u00e1brica de China<\/h2>\n<p><strong>Tipo<\/strong>: Cestas de cuerda de algod\u00f3n<\/p>\n<div class=\"elementor-element elementor-element-c17fac7 elementor-widget elementor-widget-woocommerce-product-short-description\" data-id=\"c17fac7\" data-element_type=\"widget\" data-widget_type=\"woocommerce-product-short-description.default\">\n<div class=\"elementor-widget-container\">\n<div class=\"woocommerce-product-details__short-description\">\n<p><strong>N\u00famero de art\u00edculo:<\/strong> NA003<\/p>\n<p><strong>Tama\u00f1o del art\u00edculo<\/strong>: S\uff1a18*16*9cm, 150g; L\uff1a27*25*11cm, 320g<\/p>\n<p><strong>Colores<\/strong>: Gris\/blanco<\/p>\n<p><strong>Material: <\/strong>Cuerda de algod\u00f3n<\/p>\n<\/div>\n<\/div>\n<\/div>\n<p>&nbsp;<\/p>\n<ul>\n<li>Hecho a mano<\/li>\n<li>Suave, duradero y seguro<\/li>\n<li>Color neutro Dise\u00f1o<\/li>\n<li>Delicado con aspecto natural<img fetchpriority=\"high\" decoding=\"async\" class=\"aligncenter wp-image-11375\" src=\"https:\/\/www.sellersunionagent.com\/wp-content\/uploads\/2022\/12\/11056905070_743064173.jpg\" alt=\"Cestas de cuerda de algod\u00f3n\" width=\"600\" height=\"600\" \/> <img decoding=\"async\" class=\"aligncenter wp-image-11376\" src=\"https:\/\/www.sellersunionagent.com\/wp-content\/uploads\/2022\/12\/11087662139_743064173.jpg\" alt=\"Cestas de cuerda de algod\u00f3n\" width=\"600\" height=\"600\" \/> <img decoding=\"async\" class=\"aligncenter wp-image-11377\" src=\"https:\/\/www.sellersunionagent.com\/wp-content\/uploads\/2022\/12\/11088178232_743064173.jpg\" alt=\"Cestas de cuerda de algod\u00f3n\" width=\"600\" height=\"600\" \/> <img loading=\"lazy\" decoding=\"async\" class=\"aligncenter wp-image-11378\" src=\"https:\/\/www.sellersunionagent.com\/wp-content\/uploads\/2022\/12\/11117084689_743064173.jpg\" alt=\"Cestas de cuerda de algod\u00f3n\" width=\"600\" height=\"600\" \/> <img loading=\"lazy\" decoding=\"async\" class=\"aligncenter wp-image-11379\" src=\"https:\/\/www.sellersunionagent.com\/wp-content\/uploads\/2022\/12\/11117636636_743064173.jpg\" alt=\"Cestas de cuerda de algod\u00f3n\" width=\"600\" height=\"600\" \/> <img loading=\"lazy\" decoding=\"async\" class=\"aligncenter wp-image-11380\" src=\"https:\/\/www.sellersunionagent.com\/wp-content\/uploads\/2022\/12\/11117879224_743064173.jpg\" alt=\"Cestas de cuerda de algod\u00f3n\" width=\"600\" height=\"600\" \/> <img loading=\"lazy\" decoding=\"async\" class=\"aligncenter wp-image-11381\" src=\"https:\/\/www.sellersunionagent.com\/wp-content\/uploads\/2022\/12\/11117909382_743064173.jpg\" alt=\"Cestas de cuerda de algod\u00f3n\" width=\"600\" height=\"600\" \/><\/li>\n<\/ul>","protected":false},"excerpt":{"rendered":"<p><strong><b>MOQ<\/b><\/strong>: 200 piezas<br \/>\n<strong><b>Muestra gratuita<\/b><\/strong>:  Soporte<br \/>\n<strong><b>Personalizaci\u00f3n<\/b><\/strong>:  Tama\u00f1o \/ embalaje, etc.<br \/>\n<strong><b>Descuento<\/b><\/strong>:  Primeros pedidos desde 10% de descuento.<br \/>\n<strong><b>Porcentaje de entregas a tiempo<\/b><\/strong>:\u00a0 100%<br \/>\n<strong><b>Env\u00edos totales<\/b><\/strong>:  10000 piezas<br \/>\n<strong><b>Env\u00edo<\/b><\/strong>: Apoyo Express-Carga mar\u00edtima-Carga terrestre<\/p>","protected":false},"featured_media":11378,"comment_status":"open","ping_status":"closed","template":"","meta":{"_acf_changed":false},"product_brand":[],"product_cat":[208],"product_tag":[46,71,42],"class_list":{"0":"post-11374","1":"product","2":"type-product","3":"status-publish","4":"has-post-thumbnail","6":"product_cat-cotton-rope-basket","7":"product_tag-customization","8":"product_tag-durable","9":"product_tag-high-quality","11":"first","12":"instock","13":"shipping-taxable","14":"product-type-simple","15":"swiper-slide"},"acf":[],"_links":{"self":[{"href":"https:\/\/www.sellersunionagent.com\/es\/wp-json\/wp\/v2\/product\/11374","targetHints":{"allow":["GET"]}}],"collection":[{"href":"https:\/\/www.sellersunionagent.com\/es\/wp-json\/wp\/v2\/product"}],"about":[{"href":"https:\/\/www.sellersunionagent.com\/es\/wp-json\/wp\/v2\/types\/product"}],"replies":[{"embeddable":true,"href":"https:\/\/www.sellersunionagent.com\/es\/wp-json\/wp\/v2\/comments?post=11374"}],"wp:featuredmedia":[{"embeddable":true,"href":"https:\/\/www.sellersunionagent.com\/es\/wp-json\/wp\/v2\/media\/11378"}],"wp:attachment":[{"href":"https:\/\/www.sellersunionagent.com\/es\/wp-json\/wp\/v2\/media?parent=11374"}],"wp:term":[{"taxonomy":"product_brand","embeddable":true,"href":"https:\/\/www.sellersunionagent.com\/es\/wp-json\/wp\/v2\/product_brand?post=11374"},{"taxonomy":"product_cat","embeddable":true,"href":"https:\/\/www.sellersunionagent.com\/es\/wp-json\/wp\/v2\/product_cat?post=11374"},{"taxonomy":"product_tag","embeddable":true,"href":"https:\/\/www.sellersunionagent.com\/es\/wp-json\/wp\/v2\/product_tag?post=11374"}],"curies":[{"name":"wp","href":"https:\/\/api.w.org\/{rel}","templated":true}]}}