{"id":11342,"date":"2022-12-01T10:24:28","date_gmt":"2022-12-01T02:24:28","guid":{"rendered":"https:\/\/sellersunionagent.com\/?post_type=product&#038;p=11342"},"modified":"2022-12-01T11:23:12","modified_gmt":"2022-12-01T03:23:12","slug":"redondo-tejido-lindo-animal-de-algodon-cuerda-cesta-para-bebe-nina-y-nino-cesto-de-la-guarderia-cesta-de-regalo-del-bebe-recipiente-de-almacenamiento-de-juguetes-dormitorio-casa-organizador","status":"publish","type":"product","link":"https:\/\/www.sellersunionagent.com\/es\/round-woven-cute-animal-cotton-rope-basket-for-baby-girl-and-toddler-nursery-hamper-baby-gift-basket-storage-bin-for-toys-bedroom-home-organizer\/","title":{"rendered":"Cesta redonda de cuerda de algod\u00f3n con animalitos para beb\u00e9 ni\u00f1a y ni\u00f1o peque\u00f1o, cesta de guarder\u00eda, cesta de regalo para beb\u00e9, cubo de almacenaje para juguetes\/dormitorio\/organizador dom\u00e9stico"},"content":{"rendered":"<h2>Cesta redonda de cuerda de algod\u00f3n con animalitos para beb\u00e9 ni\u00f1a y ni\u00f1o peque\u00f1o, cesta de guarder\u00eda, cesta de regalo para beb\u00e9, cubo de almacenaje para juguetes\/dormitorio\/organizador dom\u00e9stico<\/h2>\n<p><strong>Tipo<\/strong>: Cestas de cuerda de algod\u00f3n<\/p>\n<div class=\"elementor-element elementor-element-c17fac7 elementor-widget elementor-widget-woocommerce-product-short-description\" data-id=\"c17fac7\" data-element_type=\"widget\" data-widget_type=\"woocommerce-product-short-description.default\">\n<div class=\"elementor-widget-container\">\n<div class=\"woocommerce-product-details__short-description\">\n<p><strong>N\u00famero de art\u00edculo:<\/strong> NA005<\/p>\n<p><strong>Tama\u00f1o del art\u00edculo<\/strong>: 21.5*16.5cm<\/p>\n<p><strong>Colores<\/strong>: Azul marino\/ azul\/ amarillo\/ verde\/ rojo\/ morado\/ rosa<\/p>\n<p><strong>Material: <\/strong>Cuerda de algod\u00f3n<\/p>\n<\/div>\n<\/div>\n<\/div>\n<p>&nbsp;<\/p>\n<ul>\n<li>Hecho a mano<\/li>\n<li>Suave, duradero y seguro<\/li>\n<li>Color neutro Dise\u00f1o<\/li>\n<li>Delicado con aspecto natural<\/li>\n<li>Gran capacidad<\/li>\n<li><img fetchpriority=\"high\" decoding=\"async\" class=\"aligncenter wp-image-11349\" src=\"https:\/\/www.sellersunionagent.com\/wp-content\/uploads\/2022\/12\/O1CN01zJzQFp1vpj2ZNtX9z_3017326222-0-cib.jpg\" alt=\" Cesta de cuerda de algod\u00f3n\" width=\"600\" height=\"600\" \/><\/li>\n<li><img decoding=\"async\" class=\"aligncenter wp-image-11343\" src=\"https:\/\/www.sellersunionagent.com\/wp-content\/uploads\/2022\/12\/O1CN01fnljMJ1vpj3EIaOdL_3017326222-0-cib.jpg\" alt=\" Cesta de cuerda de algod\u00f3n\" width=\"600\" height=\"600\" \/> <img decoding=\"async\" class=\"aligncenter wp-image-11344\" src=\"https:\/\/www.sellersunionagent.com\/wp-content\/uploads\/2022\/12\/O1CN01hBN4b51vpj0KFbapM_3017326222-0-cib.jpg\" alt=\" Cesta de cuerda de algod\u00f3n\" width=\"600\" height=\"600\" \/> <img loading=\"lazy\" decoding=\"async\" class=\"aligncenter wp-image-11345\" src=\"https:\/\/www.sellersunionagent.com\/wp-content\/uploads\/2022\/12\/O1CN01J5a2L01vpj0FmRFcu_3017326222-0-cib.jpg\" alt=\" Cesta de cuerda de algod\u00f3n\" width=\"600\" height=\"600\" \/> <img loading=\"lazy\" decoding=\"async\" class=\"aligncenter wp-image-11346\" src=\"https:\/\/www.sellersunionagent.com\/wp-content\/uploads\/2022\/12\/O1CN01RWAtxK1vpj1GwKlsR_3017326222-0-cib.jpg\" alt=\" Cesta de cuerda de algod\u00f3n\" width=\"600\" height=\"600\" srcset=\"https:\/\/www.sellersunionagent.com\/wp-content\/uploads\/2022\/12\/O1CN01RWAtxK1vpj1GwKlsR_3017326222-0-cib.jpg 1200w, https:\/\/www.sellersunionagent.com\/wp-content\/uploads\/2022\/12\/O1CN01RWAtxK1vpj1GwKlsR_3017326222-0-cib-100x100.jpg 100w\" sizes=\"(max-width: 600px) 100vw, 600px\" \/> <img loading=\"lazy\" decoding=\"async\" class=\"aligncenter wp-image-11347\" src=\"https:\/\/www.sellersunionagent.com\/wp-content\/uploads\/2022\/12\/O1CN01tDZuia1vpj0F3UheM_3017326222-0-cib.jpg\" alt=\" Cesta de cuerda de algod\u00f3n\" width=\"600\" height=\"600\" \/> <img loading=\"lazy\" decoding=\"async\" class=\"aligncenter wp-image-11350\" src=\"https:\/\/www.sellersunionagent.com\/wp-content\/uploads\/2022\/12\/O1CN014k90Ye1vpj05rrZAM_3017326222-0-cib.jpg\" alt=\" Cesta de cuerda de algod\u00f3n\" width=\"600\" height=\"600\" \/><\/li>\n<\/ul>","protected":false},"excerpt":{"rendered":"<p><strong><b>MOQ<\/b><\/strong>: 200 piezas<br \/>\n<strong><b>Muestra gratuita<\/b><\/strong>:  Soporte<br \/>\n<strong><b>Personalizaci\u00f3n<\/b><\/strong>:  Tama\u00f1o \/ embalaje, etc.<br \/>\n<strong><b>Descuento<\/b><\/strong>:  Primeros pedidos desde 10% de descuento.<br \/>\n<strong><b>Porcentaje de entregas a tiempo<\/b><\/strong>:\u00a0 100%<br \/>\n<strong><b>Env\u00edos totales<\/b><\/strong>:  10000 piezas<br \/>\n<strong><b>Env\u00edo<\/b><\/strong>: Apoyo Express-Carga mar\u00edtima-Carga terrestre<\/p>","protected":false},"featured_media":11345,"comment_status":"open","ping_status":"closed","template":"","meta":{"_acf_changed":false},"product_brand":[],"product_cat":[208],"product_tag":[87,70,99],"class_list":{"0":"post-11342","1":"product","2":"type-product","3":"status-publish","4":"has-post-thumbnail","6":"product_cat-cotton-rope-basket","7":"product_tag-bulk-wholesale","8":"product_tag-home-storage","9":"product_tag-wholesale-maker-from-china","11":"first","12":"instock","13":"shipping-taxable","14":"product-type-simple","15":"swiper-slide"},"acf":[],"_links":{"self":[{"href":"https:\/\/www.sellersunionagent.com\/es\/wp-json\/wp\/v2\/product\/11342","targetHints":{"allow":["GET"]}}],"collection":[{"href":"https:\/\/www.sellersunionagent.com\/es\/wp-json\/wp\/v2\/product"}],"about":[{"href":"https:\/\/www.sellersunionagent.com\/es\/wp-json\/wp\/v2\/types\/product"}],"replies":[{"embeddable":true,"href":"https:\/\/www.sellersunionagent.com\/es\/wp-json\/wp\/v2\/comments?post=11342"}],"wp:featuredmedia":[{"embeddable":true,"href":"https:\/\/www.sellersunionagent.com\/es\/wp-json\/wp\/v2\/media\/11345"}],"wp:attachment":[{"href":"https:\/\/www.sellersunionagent.com\/es\/wp-json\/wp\/v2\/media?parent=11342"}],"wp:term":[{"taxonomy":"product_brand","embeddable":true,"href":"https:\/\/www.sellersunionagent.com\/es\/wp-json\/wp\/v2\/product_brand?post=11342"},{"taxonomy":"product_cat","embeddable":true,"href":"https:\/\/www.sellersunionagent.com\/es\/wp-json\/wp\/v2\/product_cat?post=11342"},{"taxonomy":"product_tag","embeddable":true,"href":"https:\/\/www.sellersunionagent.com\/es\/wp-json\/wp\/v2\/product_tag?post=11342"}],"curies":[{"name":"wp","href":"https:\/\/api.w.org\/{rel}","templated":true}]}}