{"id":11188,"date":"2022-11-09T15:48:34","date_gmt":"2022-11-09T07:48:34","guid":{"rendered":"https:\/\/sellersunionagent.com\/?post_type=product&#038;p=11188"},"modified":"2022-11-09T15:48:34","modified_gmt":"2022-11-09T07:48:34","slug":"bolsa-para-guardar-panales-al-por-mayor-fabricada-en-china","status":"publish","type":"product","link":"https:\/\/www.sellersunionagent.com\/es\/wholesale-nappy-storage-bag-made-in-china\/","title":{"rendered":"Bolsa para guardar pa\u00f1ales al por mayor fabricada en China"},"content":{"rendered":"<h2 id=\"title\" class=\"a-size-large a-spacing-none\"><span id=\"productTitle\" class=\"a-size-large product-title-word-break\">Bolsa peque\u00f1a y delicada para guardar pa\u00f1ales Bolsa de almacenamiento para pa\u00f1ales, toallitas y toallitas h\u00famedas<\/span><\/h2>\n<p>&nbsp;<\/p>\n<p>&nbsp;<\/p>\n<p>Organiza todo f\u00e1cilmente<\/p>\n<p>&nbsp;<\/p>\n<p>Organizador moderno y de alta calidad para pa\u00f1ales y art\u00edculos para beb\u00e9s<\/p>\n<p>&nbsp;<\/p>\n<p>Cesta organizadora multiusos<\/p>\n<p>&nbsp;<\/p>\n<p>Cesta de regalo perfecta para un baby shower<\/p>\n<p>&nbsp;<\/p>\n<p>Caddy galardonado<\/p>\n<p style=\"text-align: center\"><strong><b>Tipo<\/b><\/strong>: Almacenamiento en casa<\/p>\n<p style=\"text-align: center\"><strong><b>N\u00famero de art\u00edculo:<\/b><\/strong> JD009<\/p>\n<p style=\"text-align: center\"><strong><b>Tama\u00f1o del art\u00edculo<\/b><\/strong>:<\/p>\n<p style=\"text-align: center\">20 x 23 cm<\/p>\n<p style=\"text-align: center\"><strong><b>Peso del art\u00edculo<\/b><\/strong>: 96 g<\/p>\n<p style=\"text-align: center\"><strong><b>Material:<\/b><\/strong>Gingham impermeable<\/p>\n<p><img fetchpriority=\"high\" decoding=\"async\" class=\"aligncenter wp-image-11190\" src=\"https:\/\/www.sellersunionagent.com\/wp-content\/uploads\/2022\/11\/12685209101_808550193.jpg\" alt=\"Venta directa de f\u00e1brica en China\" width=\"600\" height=\"600\" \/> <img decoding=\"async\" class=\"aligncenter wp-image-11189\" src=\"https:\/\/www.sellersunionagent.com\/wp-content\/uploads\/2022\/11\/12685182565_808550193.jpg\" alt=\"Venta directa de f\u00e1brica en China\" width=\"600\" height=\"600\" \/> <img decoding=\"async\" class=\"aligncenter wp-image-11191\" src=\"https:\/\/www.sellersunionagent.com\/wp-content\/uploads\/2022\/11\/12722356750_808550193.jpg\" alt=\"Venta directa de f\u00e1brica en China\" width=\"600\" height=\"600\" \/> <img loading=\"lazy\" decoding=\"async\" class=\"aligncenter wp-image-11193\" src=\"https:\/\/www.sellersunionagent.com\/wp-content\/uploads\/2022\/11\/O1CN01ZkYUr62FGGesn6tGB_2206752948852-0-cib.jpg\" alt=\"Venta directa de f\u00e1brica en China\" width=\"600\" height=\"600\" \/><\/p>\n<p>&nbsp;<\/p>","protected":false},"excerpt":{"rendered":"<p><strong><b>MOQ<\/b><\/strong>:  1000 piezas<br \/>\n<strong><b>Muestra gratuita<\/b><\/strong>:  Soporte<br \/>\n<strong><b>Personalizaci\u00f3n<\/b><\/strong>logo \/ color \/ materiales \/ embalaje, etc.<br \/>\n<strong><b>Descuento<\/b><\/strong>:  Primeros pedidos desde 10% de descuento.<br \/>\n<strong><b>Porcentaje de entregas a tiempo<\/b><\/strong>:\u00a0 100%<br \/>\n<strong><b>Env\u00edos totales<\/b><\/strong>:  10000 piezas<br \/>\n<strong><b>Env\u00edo<\/b><\/strong>: Apoyo Express-Carga mar\u00edtima-Carga terrestre<\/p>","protected":false},"featured_media":11193,"comment_status":"open","ping_status":"closed","template":"","meta":{"_acf_changed":false},"product_brand":[],"product_cat":[31],"product_tag":[73],"class_list":{"0":"post-11188","1":"product","2":"type-product","3":"status-publish","4":"has-post-thumbnail","6":"product_cat-home-storage","7":"product_tag-home-storagewholesaledurable","9":"first","10":"instock","11":"shipping-taxable","12":"product-type-simple","13":"swiper-slide"},"acf":[],"_links":{"self":[{"href":"https:\/\/www.sellersunionagent.com\/es\/wp-json\/wp\/v2\/product\/11188","targetHints":{"allow":["GET"]}}],"collection":[{"href":"https:\/\/www.sellersunionagent.com\/es\/wp-json\/wp\/v2\/product"}],"about":[{"href":"https:\/\/www.sellersunionagent.com\/es\/wp-json\/wp\/v2\/types\/product"}],"replies":[{"embeddable":true,"href":"https:\/\/www.sellersunionagent.com\/es\/wp-json\/wp\/v2\/comments?post=11188"}],"wp:featuredmedia":[{"embeddable":true,"href":"https:\/\/www.sellersunionagent.com\/es\/wp-json\/wp\/v2\/media\/11193"}],"wp:attachment":[{"href":"https:\/\/www.sellersunionagent.com\/es\/wp-json\/wp\/v2\/media?parent=11188"}],"wp:term":[{"taxonomy":"product_brand","embeddable":true,"href":"https:\/\/www.sellersunionagent.com\/es\/wp-json\/wp\/v2\/product_brand?post=11188"},{"taxonomy":"product_cat","embeddable":true,"href":"https:\/\/www.sellersunionagent.com\/es\/wp-json\/wp\/v2\/product_cat?post=11188"},{"taxonomy":"product_tag","embeddable":true,"href":"https:\/\/www.sellersunionagent.com\/es\/wp-json\/wp\/v2\/product_tag?post=11188"}],"curies":[{"name":"wp","href":"https:\/\/api.w.org\/{rel}","templated":true}]}}